{"id":80697,"date":"2023-12-14T01:36:17","date_gmt":"2023-12-14T00:36:17","guid":{"rendered":"https:\/\/www.soanam.de\/?post_type=product&#038;p=80697"},"modified":"2023-12-14T01:38:50","modified_gmt":"2023-12-14T00:38:50","slug":"farbmax-silver-tip-309-klasyczna-dysza-odwracalna-do-lakierow-i-farb-emulsyjnych","status":"publish","type":"product","link":"https:\/\/www.soanam.de\/pl\/produkt\/farbmax-silver-tip-309-klassische-wendeduese-fuer-lacke-und-dispersionsfarben\/","title":{"rendered":"FARBMAX Silver Tip 309 - klassische Wended\u00fcse - f\u00fcr Lacke und Dispersionsfarben"},"content":{"rendered":"<div>\n<p>Die FARBMAX - Silver Tip D\u00fcse bietet folgende Leistungsmerkmale:<\/p>\n<ul>\n<li>Klasyczna dysza odwracalna<\/li>\n<li>Nadaje si\u0119 do przetwarzania lakieru, farby emulsyjnej, pow\u0142oki dachowej, wype\u0142niacza w sprayu<\/li>\n<li>nadaje si\u0119 do pistolet\u00f3w producent\u00f3w FARBMAX, Graco, Wagner, Titan i Storch\/Airlessco<\/li>\n<li>maks. ci\u015bnienie robocze: 250 bar<\/li>\n<\/ul>\n<\/div>\n<div><span style=\"font-size: large;\">Dysze FARBMAX Silver Tip s\u0105 wykonane ze szczeg\u00f3lnie wytrzyma\u0142ego w\u0119glika wolframu, materia\u0142u charakteryzuj\u0105cego si\u0119 twardo\u015bci\u0105 i d\u0142ug\u0105 \u017cywotno\u015bci\u0105. W\u0142a\u015bciwo\u015bci te gwarantuj\u0105 wyra\u017any strumie\u0144 nawet po wielu zastosowaniach. Dysze FARBMAX Silver Tip s\u0105 standardowymi dyszami odwracalnymi i opr\u00f3cz uchwytu dyszy FARBMAX Silver Tip pasuj\u0105 r\u00f3wnie\u017c do uchwyt\u00f3w producent\u00f3w Wagner (Trade Tip), Graco (RAC V) lub Titan (SC).<\/span><\/div>","protected":false},"excerpt":{"rendered":"<p>Die FARBMAX - Silver Tip D\u00fcse bietet folgende Leistungsmerkmale: klassische Wended\u00fcse geeignet zur Verarbeitung von Lack, Dispersionsfarbe, Dachbeschichtung, Spritzspachtel eignet sich f\u00fcr Pistolen der Hersteller FARBMAX, Graco, Wagner, Titan und Storch\/Airlessco max. Arbeitsdruck: 250 bar Die FARBMAX Silver Tip D\u00fcsen sind aus besonders best\u00e4ndigem Wolframcarbid gefertigt, ein Material das sich durch seine H\u00e4rte und hohe [&hellip;]<\/p>\n","protected":false},"featured_media":80815,"comment_status":"open","ping_status":"closed","template":"","meta":{"_seopress_robots_primary_cat":"","_seopress_titles_title":"","_seopress_titles_desc":"","_seopress_robots_index":""},"product_brand":[],"product_cat":[1730],"product_tag":[],"class_list":{"0":"post-80697","1":"product","2":"type-product","3":"status-publish","4":"has-post-thumbnail","6":"product_cat-sonstiges-2","7":"product_shipping_class-standard-versand","9":"first","10":"instock","11":"sale","12":"taxable","13":"shipping-taxable","14":"purchasable","15":"product-type-simple"},"_links":{"self":[{"href":"https:\/\/www.soanam.de\/pl\/wp-json\/wp\/v2\/product\/80697","targetHints":{"allow":["GET"]}}],"collection":[{"href":"https:\/\/www.soanam.de\/pl\/wp-json\/wp\/v2\/product"}],"about":[{"href":"https:\/\/www.soanam.de\/pl\/wp-json\/wp\/v2\/types\/product"}],"replies":[{"embeddable":true,"href":"https:\/\/www.soanam.de\/pl\/wp-json\/wp\/v2\/comments?post=80697"}],"wp:featuredmedia":[{"embeddable":true,"href":"https:\/\/www.soanam.de\/pl\/wp-json\/wp\/v2\/media\/80815"}],"wp:attachment":[{"href":"https:\/\/www.soanam.de\/pl\/wp-json\/wp\/v2\/media?parent=80697"}],"wp:term":[{"taxonomy":"product_brand","embeddable":true,"href":"https:\/\/www.soanam.de\/pl\/wp-json\/wp\/v2\/product_brand?post=80697"},{"taxonomy":"product_cat","embeddable":true,"href":"https:\/\/www.soanam.de\/pl\/wp-json\/wp\/v2\/product_cat?post=80697"},{"taxonomy":"product_tag","embeddable":true,"href":"https:\/\/www.soanam.de\/pl\/wp-json\/wp\/v2\/product_tag?post=80697"}],"curies":[{"name":"wp","href":"https:\/\/api.w.org\/{rel}","templated":true}]}}