{"id":80694,"date":"2023-12-14T01:36:16","date_gmt":"2023-12-14T00:36:16","guid":{"rendered":"https:\/\/www.soanam.de\/?post_type=product&#038;p=80694"},"modified":"2023-12-14T01:38:34","modified_gmt":"2023-12-14T00:38:34","slug":"tommy-hilfiger-kapuzensweatjacke-core-cotton-zip-hoodie-in-desert-sky-groesse-m","status":"publish","type":"product","link":"https:\/\/www.soanam.de\/pl\/produkt\/tommy-hilfiger-kapuzensweatjacke-core-cotton-zip-hoodie-in-desert-sky-groesse-m\/","title":{"rendered":"Tommy Hilfiger Kapuzensweatjacke CORE COTTON ZIP HOODIE, in Desert Sky, Gr\u00f6\u00dfe M"},"content":{"rendered":"<p>Kapuzensweatjacke von Tommy Hilfiger<br \/>\nRei\u00dfverschluss in Tommy Farbe<br \/>\nRegularny kr\u00f3j \/ normalny kszta\u0142t<br \/>\nKaptur ze sznurkiem \u015bci\u0105gaj\u0105cym<br \/>\nKleine Logostickerei auf der Brust<br \/>\nWykonane z czystej bawe\u0142ny<\/p>\n<p>Die Kapuzensweatjacke CORE COTTON ZIP HOODIE von Tommy Hilfiger ist ein Basic, wie wir es lieben.<br \/>\nDie langen \u00c4rmel schlie\u00dfen, wie auch der Saumabschluss, mit einem Rippb\u00fcndchen ab.<br \/>\nDie gef\u00fctterte Kapuze kannst du mit einem Kordelzug individuell anpassen.<br \/>\nIn der K\u00e4ngurutasche kannst du Dinge, die du unterwegs brauchst, aufbewahren.<br \/>\nDie Sweatjacke ist durch die Baumwollmischung feuchtigkeitsregulierend und gleichzeitig widerstandsf\u00e4hig<\/p>\n<p>Materia\u0142: Materia\u0142 cholewki: bawe\u0142na 100%<br \/>\nWskaz\u00f3wki dotycz\u0105ce piel\u0119gnacji: Pra\u0107 w pralce<\/p>\n<p>Kolor: pustynne niebo<br \/>\nWz\u00f3r: haftowane logo<br \/>\nRozmiar: M<\/p>\n<p>Szeroko\u015b\u0107 ramion: 43 cm<br \/>\nSzeroko\u015b\u0107 klatki piersiowej: 110 cm<br \/>\nD\u0142ugo\u015b\u0107 r\u0119kawa: 68 cm<br \/>\nCa\u0142kowita d\u0142ugo\u015b\u0107: 69 cm<\/p>","protected":false},"excerpt":{"rendered":"<table class=\"dv_characteristicsTable\">\n<tbody>\n<tr>\n<td class=\"left\">Rozmiar<\/td>\n<td>M<\/td>\n<\/tr>\n<tr>\n<td class=\"left\">Gr\u00f6\u00dfentyp<\/td>\n<td>Normalgr\u00f6\u00dfen<\/td>\n<\/tr>\n<tr>\n<td class=\"left\">Sk\u0142ad materia\u0142u<\/td>\n<td>Obermaterial: 100% Baumwolle<\/td>\n<\/tr>\n<tr>\n<td class=\"left\">Instrukcje dotycz\u0105ce piel\u0119gnacji<\/td>\n<td>Pranie w pralce<\/td>\n<\/tr>\n<tr>\n<td class=\"left\">Stil<\/td>\n<td>casual<\/td>\n<\/tr>\n<tr>\n<td class=\"left\">Kolor<\/td>\n<td>desert-sky<\/td>\n<\/tr>\n<tr>\n<td class=\"left\">\u00c4rmel<\/td>\n<td>D\u0142ugi r\u0119kaw<\/td>\n<\/tr>\n<tr>\n<td class=\"left\">\u00c4rmelabschluss<\/td>\n<td>Pr\u0105\u017ckowane mankiety<\/td>\n<\/tr>\n<tr>\n<td class=\"left\">Rumpfabschluss<\/td>\n<td>Pr\u0105\u017ckowane mankiety<\/td>\n<\/tr>\n<tr>\n<td class=\"left\">Dopasowanie<\/td>\n<td>normal<\/td>\n<\/tr>\n<tr>\n<td class=\"left\">Kaptur<\/td>\n<td>mit Kapuze<\/td>\n<\/tr>\n<tr>\n<td class=\"left\">Kapuzendetails<\/td>\n<td>mit Kordelzug<\/td>\n<\/tr>\n<tr>\n<td class=\"left\">Kapuzenf\u00fctterung<\/td>\n<td>Ton in Ton<\/td>\n<\/tr>\n<tr>\n<td class=\"left\">Torby<\/td>\n<td>Kiesze\u0144 kangurka<\/td>\n<\/tr>\n<tr>\n<td class=\"left\">Verschluss<\/td>\n<td>Zamek b\u0142yskawiczny<\/td>\n<\/tr>\n<tr>\n<td class=\"left\">Verschlussdetails<\/td>\n<td>durchgehend<\/td>\n<\/tr>\n<\/tbody>\n<\/table>","protected":false},"featured_media":80806,"comment_status":"open","ping_status":"closed","template":"","meta":{"_seopress_robots_primary_cat":"","_seopress_titles_title":"","_seopress_titles_desc":"","_seopress_robots_index":""},"product_brand":[],"product_cat":[1345,1363,1365,1371,1572],"product_tag":[],"class_list":{"0":"post-80694","1":"product","2":"type-product","3":"status-publish","4":"has-post-thumbnail","6":"product_cat-herrenmode","7":"product_cat-jacken-maentel-herrenmode","8":"product_cat-sportbekleidung","9":"product_cat-jacken","10":"product_cat-blousons-sommerjacken","11":"product_shipping_class-standard-versand","13":"first","14":"instock","15":"sale","16":"taxable","17":"shipping-taxable","18":"purchasable","19":"product-type-simple"},"_links":{"self":[{"href":"https:\/\/www.soanam.de\/pl\/wp-json\/wp\/v2\/product\/80694","targetHints":{"allow":["GET"]}}],"collection":[{"href":"https:\/\/www.soanam.de\/pl\/wp-json\/wp\/v2\/product"}],"about":[{"href":"https:\/\/www.soanam.de\/pl\/wp-json\/wp\/v2\/types\/product"}],"replies":[{"embeddable":true,"href":"https:\/\/www.soanam.de\/pl\/wp-json\/wp\/v2\/comments?post=80694"}],"wp:featuredmedia":[{"embeddable":true,"href":"https:\/\/www.soanam.de\/pl\/wp-json\/wp\/v2\/media\/80806"}],"wp:attachment":[{"href":"https:\/\/www.soanam.de\/pl\/wp-json\/wp\/v2\/media?parent=80694"}],"wp:term":[{"taxonomy":"product_brand","embeddable":true,"href":"https:\/\/www.soanam.de\/pl\/wp-json\/wp\/v2\/product_brand?post=80694"},{"taxonomy":"product_cat","embeddable":true,"href":"https:\/\/www.soanam.de\/pl\/wp-json\/wp\/v2\/product_cat?post=80694"},{"taxonomy":"product_tag","embeddable":true,"href":"https:\/\/www.soanam.de\/pl\/wp-json\/wp\/v2\/product_tag?post=80694"}],"curies":[{"name":"wp","href":"https:\/\/api.w.org\/{rel}","templated":true}]}}