{"id":80653,"date":"2023-12-14T01:35:18","date_gmt":"2023-12-14T00:35:18","guid":{"rendered":"https:\/\/www.soanam.de\/?post_type=product&#038;p=80653"},"modified":"2023-12-14T01:37:56","modified_gmt":"2023-12-14T00:37:56","slug":"wspornik-kierownicy-qikour-krotki-wspornik-kierownicy-przedluzacz-kierownicy-do-roweru-szosowego","status":"publish","type":"product","link":"https:\/\/www.soanam.de\/pl\/produkt\/qikour-fahrradvorbau-kurzer-fahrradvorbau-lenkererhoehung-extender-fuer-rennrad\/","title":{"rendered":"Wspornik kierownicy Qikour, kr\u00f3tki wspornik kierownicy, przed\u0142u\u017cacz kierownicy do rower\u00f3w szosowych"},"content":{"rendered":"<h3>Opis<\/h3>\n<p>Trzpie\u0144 zaworu rowerowego jest frezowany CNC w celu zapewnienia wysokiej wytrzyma\u0142o\u015bci.<br \/>\nTrzpie\u0144 zaworu MTB jest \u0142atwy w monta\u017cu, wystarczy pod\u0142\u0105czy\u0107 star\u0105 rur\u0119 widelca. Cztery zaciski pr\u0119towe zabezpieczaj\u0105 kierownic\u0119.<br \/>\nUniwersalna kr\u00f3tka kierownica rowerowa, odpowiednia do wi\u0119kszo\u015bci rower\u00f3w szosowych, rower\u00f3w ze sta\u0142ym prze\u0142o\u017ceniem, rower\u00f3w g\u00f3rskich, rower\u00f3w zjazdowych, rower\u00f3w torowych, rower\u00f3w g\u00f3rskich, BMX itp.<br \/>\nPodwy\u017cszenie kierownicy roweru to najlepszy wyb\u00f3r dla rowerzyst\u00f3w, majsterkowicz\u00f3w modernizuj\u0105cych rowery i zapewniaj\u0105cych wygodniejsz\u0105 jazd\u0119.<br \/>\nKolor czarny<br \/>\nMateria\u0142: stop aluminium<br \/>\nRozmiar: \u015brednica: 31,8 mm \/ 25,4 mm; \u015brednica rury sterowej: 28,6 mm, d\u0142ugo\u015b\u0107: 35 mm<\/p>\n<p><strong>Zawarto\u015b\u0107 opakowania:<\/strong><\/p>\n<p>1 x mostek rowerowy<br \/>\nTylko wy\u017cej wymieniona zawarto\u015b\u0107 opakowania, inne produkty nie s\u0105 wliczone w cen\u0119.<br \/>\nUwaga: O\u015bwietlenie i r\u00f3\u017cne wy\u015bwietlacze mog\u0105 powodowa\u0107, \u017ce kolor przedmiotu na zdj\u0119ciu mo\u017ce nieznacznie r\u00f3\u017cni\u0107 si\u0119 od rzeczywisto\u015bci. Dopuszczalny b\u0142\u0105d pomiaru wynosi +\/- 1-3 cm.<\/p>","protected":false},"excerpt":{"rendered":"<p>Beschreibung Der Fahrradventilschaft ist hochfest CNC-gefr\u00e4st. Der MTB-Ventilschaft ist einfach zu installieren, schlie\u00dfen Sie einfach das alte Gabelrohr an. Vier Bolzenstangenklemmen sichern den Lenker. Universelle kurze Fahrradstange, geeignet f\u00fcr die meisten Rennr\u00e4der, Fixed-Gear-Bikes, Mountainbikes, Downhill-Bikes, Bahnr\u00e4der, Mountainbikes, BMX usw. Der Fahrradstangen-Riser ist die beste Wahl f\u00fcr Radfahrer, DIY-Upgrade-Fahrr\u00e4der und komfortableres Fahren. Farbe schwarz Material: Aluminiumlegierung [&hellip;]<\/p>\n","protected":false},"featured_media":80771,"comment_status":"open","ping_status":"closed","template":"","meta":{"_seopress_robots_primary_cat":"","_seopress_titles_title":"","_seopress_titles_desc":"","_seopress_robots_index":""},"product_brand":[],"product_cat":[1730],"product_tag":[],"class_list":{"0":"post-80653","1":"product","2":"type-product","3":"status-publish","4":"has-post-thumbnail","6":"product_cat-sonstiges-2","7":"product_shipping_class-standard-versand","9":"first","10":"instock","11":"sale","12":"taxable","13":"shipping-taxable","14":"purchasable","15":"product-type-simple"},"_links":{"self":[{"href":"https:\/\/www.soanam.de\/pl\/wp-json\/wp\/v2\/product\/80653","targetHints":{"allow":["GET"]}}],"collection":[{"href":"https:\/\/www.soanam.de\/pl\/wp-json\/wp\/v2\/product"}],"about":[{"href":"https:\/\/www.soanam.de\/pl\/wp-json\/wp\/v2\/types\/product"}],"replies":[{"embeddable":true,"href":"https:\/\/www.soanam.de\/pl\/wp-json\/wp\/v2\/comments?post=80653"}],"wp:featuredmedia":[{"embeddable":true,"href":"https:\/\/www.soanam.de\/pl\/wp-json\/wp\/v2\/media\/80771"}],"wp:attachment":[{"href":"https:\/\/www.soanam.de\/pl\/wp-json\/wp\/v2\/media?parent=80653"}],"wp:term":[{"taxonomy":"product_brand","embeddable":true,"href":"https:\/\/www.soanam.de\/pl\/wp-json\/wp\/v2\/product_brand?post=80653"},{"taxonomy":"product_cat","embeddable":true,"href":"https:\/\/www.soanam.de\/pl\/wp-json\/wp\/v2\/product_cat?post=80653"},{"taxonomy":"product_tag","embeddable":true,"href":"https:\/\/www.soanam.de\/pl\/wp-json\/wp\/v2\/product_tag?post=80653"}],"curies":[{"name":"wp","href":"https:\/\/api.w.org\/{rel}","templated":true}]}}