{"id":80635,"date":"2023-12-14T01:34:55","date_gmt":"2023-12-14T00:34:55","guid":{"rendered":"https:\/\/www.soanam.de\/?post_type=product&#038;p=80635"},"modified":"2023-12-14T01:37:47","modified_gmt":"2023-12-14T00:37:47","slug":"silnik-wycieraczek-12-v-85-stopni-z-przelacznikiem-wl","status":"publish","type":"product","link":"https:\/\/www.soanam.de\/pl\/produkt\/wischermotor-12-volt-85-grad-mit-schalter-ein-aus\/","title":{"rendered":"Silnik wycieraczek 12 V 85 stopni z prze\u0142\u0105cznikiem ON\/OFF"},"content":{"rendered":"<h3>Opis<\/h3>\n<p>Mo\u017ce by\u0107 r\u00f3wnie\u017c stosowany uniwersalnie, np. do maszyn budowlanych Neuson 6002RD (w tym przypadku wtyczki musz\u0105 by\u0107 zaci\u015bni\u0119te), a wsporniki dostosowane.<\/p>\n<p>Oryginalny Neuson to TM.64.9819 lub TM649819 i jest dostarczany zgodnie z rysunkiem lub zdj\u0119ciem.<\/p>\n<p>Stan produktu: Nowy z etykiet\u0105: Nowy, nieu\u017cywany i nienoszony produkt w oryginalnym opakowaniu.<\/p>","protected":false},"excerpt":{"rendered":"<p>Opis Uniwersalne zastosowanie, nadaje si\u0119 r\u00f3wnie\u017c np. do maszyn budowlanych Neuson 6002RD (w tym przypadku wtyczki musz\u0105 by\u0107 zaci\u015bni\u0119te), a wsporniki musz\u0105 by\u0107 dostosowane. Oryginalny Neuson to TM.64.9819 lub TM649819 i jest dostarczany zgodnie z rysunkiem lub zdj\u0119ciem. Stan przedmiotu: Nowy z etykiet\u0105: Nowy, nieu\u017cywany i nienoszony przedmiot w oryginalnym opakowaniu<\/p>","protected":false},"featured_media":80764,"comment_status":"open","ping_status":"closed","template":"","meta":{"_seopress_robots_primary_cat":"","_seopress_titles_title":"","_seopress_titles_desc":"","_seopress_robots_index":""},"product_brand":[],"product_cat":[1730],"product_tag":[],"class_list":{"0":"post-80635","1":"product","2":"type-product","3":"status-publish","4":"has-post-thumbnail","6":"product_cat-sonstiges-2","7":"product_shipping_class-standard-versand","9":"first","10":"instock","11":"sale","12":"taxable","13":"shipping-taxable","14":"purchasable","15":"product-type-simple"},"_links":{"self":[{"href":"https:\/\/www.soanam.de\/pl\/wp-json\/wp\/v2\/product\/80635","targetHints":{"allow":["GET"]}}],"collection":[{"href":"https:\/\/www.soanam.de\/pl\/wp-json\/wp\/v2\/product"}],"about":[{"href":"https:\/\/www.soanam.de\/pl\/wp-json\/wp\/v2\/types\/product"}],"replies":[{"embeddable":true,"href":"https:\/\/www.soanam.de\/pl\/wp-json\/wp\/v2\/comments?post=80635"}],"wp:featuredmedia":[{"embeddable":true,"href":"https:\/\/www.soanam.de\/pl\/wp-json\/wp\/v2\/media\/80764"}],"wp:attachment":[{"href":"https:\/\/www.soanam.de\/pl\/wp-json\/wp\/v2\/media?parent=80635"}],"wp:term":[{"taxonomy":"product_brand","embeddable":true,"href":"https:\/\/www.soanam.de\/pl\/wp-json\/wp\/v2\/product_brand?post=80635"},{"taxonomy":"product_cat","embeddable":true,"href":"https:\/\/www.soanam.de\/pl\/wp-json\/wp\/v2\/product_cat?post=80635"},{"taxonomy":"product_tag","embeddable":true,"href":"https:\/\/www.soanam.de\/pl\/wp-json\/wp\/v2\/product_tag?post=80635"}],"curies":[{"name":"wp","href":"https:\/\/api.w.org\/{rel}","templated":true}]}}