{"id":80632,"date":"2023-12-14T01:34:54","date_gmt":"2023-12-14T00:34:54","guid":{"rendered":"https:\/\/www.soanam.de\/?post_type=product&#038;p=80632"},"modified":"2023-12-14T01:37:20","modified_gmt":"2023-12-14T00:37:20","slug":"constantin-film-sekretne-zycie-drzew-dvd-z-peterem-wollebenem","status":"publish","type":"product","link":"https:\/\/www.soanam.de\/pl\/produkt\/constantin-film-das-geheime-leben-der-baeume-dvd-mit-peter-wolleben\/","title":{"rendered":"Constantin Film - Sekretne \u017cycie drzew, DVD z Peterem Wollebenem"},"content":{"rendered":"<h3>Opis produktu<\/h3>\n<p>Re\u017cyser: Adolph, J\u00f6rg; z Wohllebenem, Peterem<\/p>\n<p>Ca\u0142y \u015bwiat m\u00f3wi o \u015brodowisku, a cz\u0119sto nie s\u0142ucha nawet samej natury. Jeden cz\u0142owiek postawi\u0142 sobie za zadanie zmieni\u0107 ten stan rzeczy i dotar\u0142 do milion\u00f3w ludzi. W \"Sekretnym \u017cyciu drzew\" Peter Wohlleben otwiera nam oczy na ukryty \u015bwiat lasu.<\/p>\n<p>Ten urzekaj\u0105cy dokument zapewnia fascynuj\u0105cy wgl\u0105d w z\u0142o\u017con\u0105 koegzystencj\u0119 drzew, a jednocze\u015bnie pod\u0105\u017ca za Peterem Wohllebenem, kt\u00f3ry promuje nowe rozumienie lasu poza granicami kraju. Rezultatem jest portret, kt\u00f3ry jest r\u00f3wnie intymny, co humorystyczny.<\/p>\n<p>Kiedy Peter Wohlleben opublikowa\u0142 swoj\u0105 ksi\u0105\u017ck\u0119 \"Sekretne \u017cycie drzew\" w 2015 roku, z dnia na dzie\u0144 podbi\u0142a ona wszystkie listy bestseller\u00f3w: nikt nigdy nie pisa\u0142 o niemieckim lesie tak jak le\u015bnik z gminy Wershofen. W zabawny i pouczaj\u0105cy spos\u00f3b Wohlleben opowiada o solidarno\u015bci i sp\u00f3jno\u015bci drzew, trafiaj\u0105c w sedno swojej stale rosn\u0105cej spo\u0142eczno\u015bci czytelnik\u00f3w: podczas le\u015bnych wycieczek z przewodnikiem i odczyt\u00f3w przybli\u017ca ludziom te niezwyk\u0142e stworzenia. Wohlleben podr\u00f3\u017cuje do Szwecji do najstarszego drzewa na ziemi, odwiedza firmy w Vancouver, kt\u00f3re szukaj\u0105 nowego podej\u015bcia do radzenia sobie z lasem, staje po stronie demonstrant\u00f3w w lesie Hambach. Bo wie, \u017ce my, ludzie, przetrwamy tylko wtedy, gdy las b\u0119dzie mia\u0142 si\u0119 dobrze - a ma si\u0119 dobrze ju\u017c za pi\u0119\u0107 dwunasta...<\/p>\n<p><strong>Materia\u0142y bonusowe<\/strong><br \/>\nWywiad z Peterem Wohllebenem<\/p>\n<p><strong>Szczeg\u00f3\u0142y produktu<\/strong><br \/>\nIlo\u015b\u0107: 1 DVD<br \/>\nProducent: Constantin Film<br \/>\nCa\u0142kowity czas wy\u015bwietlania: 97 min.<br \/>\nData publikacji: 1 pa\u017adziernika 2020 r.<br \/>\nFSK: bez ogranicze\u0144 wiekowych zgodnie z \u00a714 JuSchG<br \/>\nJ\u0119zyki: Niemiecki<br \/>\nNapisy: Niemieckie<br \/>\nKod regionu: 2<br \/>\nFormat obrazu: 1.85:1 \/ SDTV 576i (PAL) \/ Anamorficzny<br \/>\nFormat d\u017awi\u0119ku: niemiecki DD 2.0 Stereo ...<br \/>\nEAN: 4011976904182<\/p>","protected":false},"excerpt":{"rendered":"<h3>Artikelmerkmale<\/h3>\n<p>Artikelzustand: Neu - Artikel, dessen Originalverpackung (sofern zutreffend) nicht ge\u00f6ffnet oder entfernt wurde<\/p>\n<table dir=\"ltr\" border=\"1\" cellspacing=\"0\" cellpadding=\"0\">\n<colgroup>\n<col width=\"194\" \/>\n<col width=\"259\" \/><\/colgroup>\n<tbody>\n<tr>\n<td data-sheets-value=\"{&quot;1&quot;:2,&quot;2&quot;:&quot;Darsteller:&quot;}\">Darsteller:<\/td>\n<td data-sheets-value=\"{&quot;1&quot;:2,&quot;2&quot;:&quot;Peter Wolleben&quot;}\">Peter Wolleben<\/td>\n<\/tr>\n<tr>\n<td data-sheets-value=\"{&quot;1&quot;:2,&quot;2&quot;:&quot;DVD-Auflagenjahr:&quot;}\">DVD-Auflagenjahr:<\/td>\n<td data-sheets-value=\"{&quot;1&quot;:3,&quot;3&quot;:2019}\">2019<\/td>\n<\/tr>\n<tr>\n<td data-sheets-value=\"{&quot;1&quot;:2,&quot;2&quot;:&quot;EAN:&quot;}\">EAN:<\/td>\n<td data-sheets-value=\"{&quot;1&quot;:3,&quot;3&quot;:4011976904182}\">4011976904182<\/td>\n<\/tr>\n<tr>\n<td data-sheets-value=\"{&quot;1&quot;:2,&quot;2&quot;:&quot;Edition:&quot;}\">Edition:<\/td>\n<td data-sheets-value=\"{&quot;1&quot;:2,&quot;2&quot;:&quot;Standard Edition&quot;}\">Standard Edition<\/td>\n<\/tr>\n<tr>\n<td data-sheets-value=\"{&quot;1&quot;:2,&quot;2&quot;:&quot;Erscheinungsjahr:&quot;}\">Erscheinungsjahr:<\/td>\n<td data-sheets-value=\"{&quot;1&quot;:3,&quot;3&quot;:2020}\">2020<\/td>\n<\/tr>\n<tr>\n<td data-sheets-value=\"{&quot;1&quot;:2,&quot;2&quot;:&quot;Film-\/Fernseh-Titel:&quot;}\">Film-\/Fernseh-Titel:<\/td>\n<td data-sheets-value=\"{&quot;1&quot;:2,&quot;2&quot;:&quot;Das geheime Leben der B\u00e4ume&quot;}\">Das geheime Leben der B\u00e4ume<\/td>\n<\/tr>\n<tr>\n<td data-sheets-value=\"{&quot;1&quot;:2,&quot;2&quot;:&quot;Format:&quot;}\">Format:<\/td>\n<td data-sheets-value=\"{&quot;1&quot;:2,&quot;2&quot;:&quot;DVD Video&quot;}\">DVD Video<\/td>\n<\/tr>\n<tr>\n<td data-sheets-value=\"{&quot;1&quot;:2,&quot;2&quot;:&quot;FSK-Einstufung:&quot;}\">FSK-Einstufung:<\/td>\n<td data-sheets-value=\"{&quot;1&quot;:3,&quot;3&quot;:0}\">0<\/td>\n<\/tr>\n<tr>\n<td data-sheets-value=\"{&quot;1&quot;:2,&quot;2&quot;:&quot;Genre:&quot;}\">Genre:<\/td>\n<td data-sheets-value=\"{&quot;1&quot;:2,&quot;2&quot;:&quot;Dokumentarfilm&quot;}\">Dokumentarfilm<\/td>\n<\/tr>\n<tr>\n<td data-sheets-value=\"{&quot;1&quot;:2,&quot;2&quot;:&quot;Herstellungsland und -region:&quot;}\">Herstellungsland und -region:<\/td>\n<td data-sheets-value=\"{&quot;1&quot;:2,&quot;2&quot;:&quot;Deutschland&quot;}\">Niemcy<\/td>\n<\/tr>\n<tr>\n<td data-sheets-value=\"{&quot;1&quot;:2,&quot;2&quot;:&quot;H\u00fcllenart:&quot;}\">H\u00fcllenart:<\/td>\n<td data-sheets-value=\"{&quot;1&quot;:2,&quot;2&quot;:&quot;Papph\u00fclse&quot;}\">Papph\u00fclse<\/td>\n<\/tr>\n<tr>\n<td data-sheets-value=\"{&quot;1&quot;:2,&quot;2&quot;:&quot;Modifizierter Artikel:&quot;}\">Modifizierter Artikel:<\/td>\n<td data-sheets-value=\"{&quot;1&quot;:2,&quot;2&quot;:&quot;Nein&quot;}\">Nein<\/td>\n<\/tr>\n<tr>\n<td data-sheets-value=\"{&quot;1&quot;:2,&quot;2&quot;:&quot;Regionalcode:&quot;}\">Regionalcode:<\/td>\n<td data-sheets-value=\"{&quot;1&quot;:2,&quot;2&quot;:&quot;DVD: 2 (Europa, Japan, Naher Osten\u2026)&quot;}\">DVD: 2 (Europa, Japan, Naher Osten\u2026)<\/td>\n<\/tr>\n<tr>\n<td data-sheets-value=\"{&quot;1&quot;:2,&quot;2&quot;:&quot;Regisseur:&quot;}\">Regisseur:<\/td>\n<td data-sheets-value=\"{&quot;1&quot;:2,&quot;2&quot;:&quot;J\u00f6rg Adolph&quot;}\">J\u00f6rg Adolph<\/td>\n<\/tr>\n<tr>\n<td data-sheets-value=\"{&quot;1&quot;:2,&quot;2&quot;:&quot;Spielname:&quot;}\">Spielname:<\/td>\n<td data-sheets-value=\"{&quot;1&quot;:2,&quot;2&quot;:&quot;Das geheime Leben der B\u00e4ume&quot;}\">Das geheime Leben der B\u00e4ume<\/td>\n<\/tr>\n<tr>\n<td data-sheets-value=\"{&quot;1&quot;:2,&quot;2&quot;:&quot;Sprache:&quot;}\">Sprache:<\/td>\n<td data-sheets-value=\"{&quot;1&quot;:2,&quot;2&quot;:&quot;Deutsch&quot;}\">Niemiecki<\/td>\n<\/tr>\n<tr>\n<td data-sheets-value=\"{&quot;1&quot;:2,&quot;2&quot;:&quot;Studio:&quot;}\">Studio:<\/td>\n<td data-sheets-value=\"{&quot;1&quot;:2,&quot;2&quot;:&quot;Constantin Film&quot;}\">Constantin Film<\/td>\n<\/tr>\n<tr>\n<td data-sheets-value=\"{&quot;1&quot;:2,&quot;2&quot;:&quot;Subgenre:&quot;}\">Subgenre:<\/td>\n<td data-sheets-value=\"{&quot;1&quot;:2,&quot;2&quot;:&quot;Welt der Natur&quot;}\">Welt der Natur<\/td>\n<\/tr>\n<\/tbody>\n<\/table>","protected":false},"featured_media":80746,"comment_status":"open","ping_status":"closed","template":"","meta":{"_seopress_robots_primary_cat":"","_seopress_titles_title":"","_seopress_titles_desc":"","_seopress_robots_index":""},"product_brand":[],"product_cat":[1423,1424],"product_tag":[],"class_list":{"0":"post-80632","1":"product","2":"type-product","3":"status-publish","4":"has-post-thumbnail","6":"product_cat-multimedia","7":"product_cat-dvds","8":"product_shipping_class-standard-versand","10":"first","11":"instock","12":"sale","13":"taxable","14":"shipping-taxable","15":"purchasable","16":"product-type-simple"},"_links":{"self":[{"href":"https:\/\/www.soanam.de\/pl\/wp-json\/wp\/v2\/product\/80632","targetHints":{"allow":["GET"]}}],"collection":[{"href":"https:\/\/www.soanam.de\/pl\/wp-json\/wp\/v2\/product"}],"about":[{"href":"https:\/\/www.soanam.de\/pl\/wp-json\/wp\/v2\/types\/product"}],"replies":[{"embeddable":true,"href":"https:\/\/www.soanam.de\/pl\/wp-json\/wp\/v2\/comments?post=80632"}],"wp:featuredmedia":[{"embeddable":true,"href":"https:\/\/www.soanam.de\/pl\/wp-json\/wp\/v2\/media\/80746"}],"wp:attachment":[{"href":"https:\/\/www.soanam.de\/pl\/wp-json\/wp\/v2\/media?parent=80632"}],"wp:term":[{"taxonomy":"product_brand","embeddable":true,"href":"https:\/\/www.soanam.de\/pl\/wp-json\/wp\/v2\/product_brand?post=80632"},{"taxonomy":"product_cat","embeddable":true,"href":"https:\/\/www.soanam.de\/pl\/wp-json\/wp\/v2\/product_cat?post=80632"},{"taxonomy":"product_tag","embeddable":true,"href":"https:\/\/www.soanam.de\/pl\/wp-json\/wp\/v2\/product_tag?post=80632"}],"curies":[{"name":"wp","href":"https:\/\/api.w.org\/{rel}","templated":true}]}}