{"id":80611,"date":"2023-12-14T01:34:27","date_gmt":"2023-12-14T00:34:27","guid":{"rendered":"https:\/\/www.soanam.de\/?post_type=product&#038;p=80611"},"modified":"2023-12-14T01:36:45","modified_gmt":"2023-12-14T00:36:45","slug":"thomas-hohensee-silniejszy-niz-najwieksze-cierpienie-paperback-german-2018","status":"publish","type":"product","link":"https:\/\/www.soanam.de\/pl\/produkt\/thomas-hohensee-staerker-als-das-groesste-leid-taschenbuch-deutsch-2018\/","title":{"rendered":"Thomas Hohensee - Silniejszy ni\u017c najwi\u0119ksze cierpienie, Paperback, niemiecki, 2018"},"content":{"rendered":"<h3>Opis produktu<\/h3>\n<p>Przez \u017cycie niezachwianie w trzech krokach<\/p>\n<p>Ka\u017cdy do\u015bwiadcza cierpienia. Niekt\u00f3rzy s\u0105 przez nie z\u0142amani. Innym udaje si\u0119 zmobilizowa\u0107 wewn\u0119trzn\u0105 si\u0142\u0119 w obliczu ma\u0142ych i du\u017cych katastrof. Czy nie by\u0142oby wspaniale m\u00f3c pozosta\u0107 tak opanowanym jak ci ludzie? Jak nie straci\u0107 zapa\u0142u do \u017cycia pomimo bolesnych do\u015bwiadcze\u0144? Thomas Hohensee opisuje trzy kroki do wi\u0119kszej wytrwa\u0142o\u015bci. Opieraj\u0105 si\u0119 one na wynikach bada\u0144 nad traum\u0105, terapii poznawczo-behawioralnej i tysi\u0105cletniej m\u0105dro\u015bci taoist\u00f3w, stoik\u00f3w i Buddy. Przejmuj\u0105ce historie ludzi, kt\u00f3rzy przezwyci\u0119\u017cyli cierpienie, motywuj\u0105 nas do zrobienia tego samego.<\/p>\n<p><strong>Szczeg\u00f3\u0142y produktu<\/strong><br \/>\nOk\u0142adka: mi\u0119kka<br \/>\nLiczba stron: 160<br \/>\nData publikacji: 07.06.2018<br \/>\nJ\u0119zyk: niemiecki<br \/>\nISBN: 978-3-485-02952-0<br \/>\nWydawca: Nymphenburger Verlag<br \/>\nWymiary (d\u0142.\/szer.\/wys.): 21,6\/13,4\/1,7 cm<br \/>\nWaga: 238 g<br \/>\nIlustracje: Siatka, czarno-bia\u0142e, kolorowe ilustracje, siatka, kolorowe, czarno-bia\u0142e ilustracje<br \/>\nWydanie: 1<\/p>","protected":false},"excerpt":{"rendered":"<h3>Artikelmerkmale<\/h3>\n<p>Artikelzustand: Neu - Neues, ungelesenes, ungebrauchtes Buch in makellosem Zustand<\/p>\n<table dir=\"ltr\" border=\"1\" cellspacing=\"0\" cellpadding=\"0\">\n<colgroup>\n<col width=\"194\" \/>\n<col width=\"312\" \/><\/colgroup>\n<tbody>\n<tr>\n<td data-sheets-value=\"{&quot;1&quot;:2,&quot;2&quot;:&quot;Altersempfehlung:&quot;}\">Zalecenia dotycz\u0105ce wieku:<\/td>\n<td data-sheets-value=\"{&quot;1&quot;:2,&quot;2&quot;:&quot;Erwachsene, Jugendliche&quot;}\">Erwachsene, Jugendliche<\/td>\n<\/tr>\n<tr>\n<td data-sheets-value=\"{&quot;1&quot;:2,&quot;2&quot;:&quot;Anzahl der Seiten:&quot;}\">Anzahl der Seiten:<\/td>\n<td data-sheets-value=\"{&quot;1&quot;:2,&quot;2&quot;:&quot;160 Seiten&quot;}\">160 Seiten<\/td>\n<\/tr>\n<tr>\n<td data-sheets-value=\"{&quot;1&quot;:2,&quot;2&quot;:&quot;Autor:&quot;}\">Autor:<\/td>\n<td data-sheets-value=\"{&quot;1&quot;:2,&quot;2&quot;:&quot;Thomas Hohensee&quot;}\">Thomas Hohensee<\/td>\n<\/tr>\n<tr>\n<td data-sheets-value=\"{&quot;1&quot;:2,&quot;2&quot;:&quot;Buchtitel:&quot;}\">Buchtitel:<\/td>\n<td data-sheets-value=\"{&quot;1&quot;:2,&quot;2&quot;:&quot;St\u00e4rker als das Gr\u00f6\u00dfte Leid&quot;}\">St\u00e4rker als das Gr\u00f6\u00dfte Leid<\/td>\n<\/tr>\n<tr>\n<td data-sheets-value=\"{&quot;1&quot;:2,&quot;2&quot;:&quot;Eigenschaften:&quot;}\">W\u0142a\u015bciwo\u015bci:<\/td>\n<td data-sheets-value=\"{&quot;1&quot;:2,&quot;2&quot;:&quot;Erstausgabe&quot;}\">Erstausgabe<\/td>\n<\/tr>\n<tr>\n<td data-sheets-value=\"{&quot;1&quot;:2,&quot;2&quot;:&quot;Erscheinungsjahr:&quot;}\">Erscheinungsjahr:<\/td>\n<td data-sheets-value=\"{&quot;1&quot;:3,&quot;3&quot;:2018}\">2018<\/td>\n<\/tr>\n<tr>\n<td data-sheets-value=\"{&quot;1&quot;:2,&quot;2&quot;:&quot;Format:&quot;}\">Format:<\/td>\n<td data-sheets-value=\"{&quot;1&quot;:2,&quot;2&quot;:&quot;Taschenbuch&quot;}\">Taschenbuch<\/td>\n<\/tr>\n<tr>\n<td data-sheets-value=\"{&quot;1&quot;:2,&quot;2&quot;:&quot;Herstellungsland und -region:&quot;}\">Herstellungsland und -region:<\/td>\n<td data-sheets-value=\"{&quot;1&quot;:2,&quot;2&quot;:&quot;Deutschland&quot;}\">Niemcy<\/td>\n<\/tr>\n<tr>\n<td data-sheets-value=\"{&quot;1&quot;:2,&quot;2&quot;:&quot;ISBN:&quot;}\">ISBN:<\/td>\n<td data-sheets-value=\"{&quot;1&quot;:3,&quot;3&quot;:9783485029520}\">9783485029520<\/td>\n<\/tr>\n<tr>\n<td data-sheets-value=\"{&quot;1&quot;:2,&quot;2&quot;:&quot;Modifizierter Artikel:&quot;}\">Modifizierter Artikel:<\/td>\n<td data-sheets-value=\"{&quot;1&quot;:2,&quot;2&quot;:&quot;Nein&quot;}\">Nein<\/td>\n<\/tr>\n<tr>\n<td data-sheets-value=\"{&quot;1&quot;:2,&quot;2&quot;:&quot;Originalsprache:&quot;}\">Originalsprache:<\/td>\n<td data-sheets-value=\"{&quot;1&quot;:2,&quot;2&quot;:&quot;Deutsch&quot;}\">Niemiecki<\/td>\n<\/tr>\n<tr>\n<td data-sheets-value=\"{&quot;1&quot;:2,&quot;2&quot;:&quot;Produktart:&quot;}\">Produktart:<\/td>\n<td data-sheets-value=\"{&quot;1&quot;:2,&quot;2&quot;:&quot;Ratgeber&quot;}\">Doradca<\/td>\n<\/tr>\n<tr>\n<td data-sheets-value=\"{&quot;1&quot;:2,&quot;2&quot;:&quot;Sprache:&quot;}\">Sprache:<\/td>\n<td data-sheets-value=\"{&quot;1&quot;:2,&quot;2&quot;:&quot;Deutsch&quot;}\">Niemiecki<\/td>\n<\/tr>\n<tr>\n<td data-sheets-value=\"{&quot;1&quot;:2,&quot;2&quot;:&quot;Thema:&quot;}\">Thema:<\/td>\n<td data-sheets-value=\"{&quot;1&quot;:2,&quot;2&quot;:&quot;innere St\u00e4rke&quot;}\">innere St\u00e4rke<\/td>\n<\/tr>\n<tr>\n<td data-sheets-value=\"{&quot;1&quot;:2,&quot;2&quot;:&quot;Themenbereich:&quot;}\">Themenbereich:<\/td>\n<td data-sheets-value=\"{&quot;1&quot;:2,&quot;2&quot;:&quot;Lebensf\u00fchrung, Motivation &amp; Karriere&quot;}\">Lebensf\u00fchrung, Motivation &amp; Karriere<\/td>\n<\/tr>\n<tr>\n<td data-sheets-value=\"{&quot;1&quot;:2,&quot;2&quot;:&quot;Verlag:&quot;}\">Verlag:<\/td>\n<td data-sheets-value=\"{&quot;1&quot;:2,&quot;2&quot;:&quot;Nymphenburger Verlag, Nymphenburger&quot;}\">Nymphenburger Verlag, Nymphenburger<\/td>\n<\/tr>\n<\/tbody>\n<\/table>","protected":false},"featured_media":80719,"comment_status":"open","ping_status":"closed","template":"","meta":{"_seopress_robots_primary_cat":"","_seopress_titles_title":"","_seopress_titles_desc":"","_seopress_robots_index":""},"product_brand":[],"product_cat":[1428,1429,1434,1447,1530],"product_tag":[],"class_list":{"0":"post-80611","1":"product","2":"type-product","3":"status-publish","4":"has-post-thumbnail","6":"product_cat-buecher","7":"product_cat-jugend","8":"product_cat-erwachsene","9":"product_cat-ratgeber","10":"product_cat-ratgeber-jugend","11":"product_shipping_class-standard-versand","13":"first","14":"instock","15":"sale","16":"taxable","17":"shipping-taxable","18":"purchasable","19":"product-type-simple"},"_links":{"self":[{"href":"https:\/\/www.soanam.de\/pl\/wp-json\/wp\/v2\/product\/80611","targetHints":{"allow":["GET"]}}],"collection":[{"href":"https:\/\/www.soanam.de\/pl\/wp-json\/wp\/v2\/product"}],"about":[{"href":"https:\/\/www.soanam.de\/pl\/wp-json\/wp\/v2\/types\/product"}],"replies":[{"embeddable":true,"href":"https:\/\/www.soanam.de\/pl\/wp-json\/wp\/v2\/comments?post=80611"}],"wp:featuredmedia":[{"embeddable":true,"href":"https:\/\/www.soanam.de\/pl\/wp-json\/wp\/v2\/media\/80719"}],"wp:attachment":[{"href":"https:\/\/www.soanam.de\/pl\/wp-json\/wp\/v2\/media?parent=80611"}],"wp:term":[{"taxonomy":"product_brand","embeddable":true,"href":"https:\/\/www.soanam.de\/pl\/wp-json\/wp\/v2\/product_brand?post=80611"},{"taxonomy":"product_cat","embeddable":true,"href":"https:\/\/www.soanam.de\/pl\/wp-json\/wp\/v2\/product_cat?post=80611"},{"taxonomy":"product_tag","embeddable":true,"href":"https:\/\/www.soanam.de\/pl\/wp-json\/wp\/v2\/product_tag?post=80611"}],"curies":[{"name":"wp","href":"https:\/\/api.w.org\/{rel}","templated":true}]}}