{"id":80592,"date":"2023-12-14T01:34:02","date_gmt":"2023-12-14T00:34:02","guid":{"rendered":"https:\/\/www.soanam.de\/?post_type=product&#038;p=80592"},"modified":"2023-12-14T01:36:39","modified_gmt":"2023-12-14T00:36:39","slug":"how-to-wie-mans-hinkriegt-taschenbuch-deutsch-2019-randall-munroe","status":"publish","type":"product","link":"https:\/\/www.soanam.de\/pl\/produkt\/how-to-wie-mans-hinkriegt-taschenbuch-deutsch-2019-randall-munroe\/","title":{"rendered":"HOW TO - Wie man's hinkriegt, Paperback, niemiecki, 2019, Randall Munroe"},"content":{"rendered":"<h3>Opis produktu<\/h3>\n<p>xkcd-Fans aufgepasst: Nach \u00bbWhat if?\u00ab jetzt der weltoriginellste \u00bbSelf-Help-Guide\u00ab von Randall Munroe!<br \/>\nAbsurde, wirklich wissenschaftliche Empfehlungen f\u00fcr alle Lebenslagen - Deutschsprachige Ausgabe, illustriert<\/p>\n<p>F\u00fcr jede Aufgabe, die sich uns stellt, gibt es einen richtigen Weg, einen falschen, und einen, der so offensichtlich absurd ist, dass man ihn niemals in Betracht ziehen w\u00fcrde. \u00bbHow to\u00ab ist eine Anleitung zu diesem dritten Ansatz. Es zeigt uns, wie wir digitale Daten versenden, indem wir USB-Sticks an Zugv\u00f6geln befestigen. Wie wir unserem Auto Starthilfe geben, indem wir elf Jahre auf eine Sonneneruption warten. Wie wir herausfinden, ob wir zur Generation der Babyboomer geh\u00f6ren oder ein Kind der Neunziger sind \u2013 n\u00e4mlich, indem wir die Radioaktivit\u00e4t unserer Z\u00e4hne messen lassen. Und wir erfahren, wie wir endlich p\u00fcnktlich zu Verabredungen kommen: indem wir mal eben den Mond zerst\u00f6ren. Mit seinen ber\u00fchmten Strichzeichnungen erkl\u00e4rt Randall Munroe, wie man einfache Probleme auf die allerschwierigste Weise bew\u00e4ltigen kann. Wie schon sein Bestseller \u00bbWhat if?\u00ab ist \u00bbHow to\u00ab witzig und horizonterweiternd und hilft uns zu verstehen, welche wissenschaftlichen und technischen Ph\u00e4nomene unserem Alltag zugrunde liegen.<\/p>\n<p><strong>Szczeg\u00f3\u0142y produktu<\/strong><br \/>\nOk\u0142adka: mi\u0119kka<br \/>\nLiczba stron: 384<br \/>\nErscheinungsdatum: 03.09.2019<br \/>\nJ\u0119zyk: niemiecki<br \/>\nISBN: 978-3-328-60091-6<br \/>\nVerlag: Penguin<br \/>\nMa\u00dfe (L\/B\/H): 21,3\/13,4\/3,8 cm<br \/>\nGewicht: 533 g<br \/>\nOriginaltitel: How To?<br \/>\nAbbildungen: durchgehend illustriert, schwarz-weiss Illustrationen<br \/>\n\u00dcbersetzer: Ralf Pannowitsch, Benjamin Schilling<\/p>","protected":false},"excerpt":{"rendered":"<h3>Artikelmerkmale<\/h3>\n<p>Artikelzustand: Neu - Neues, ungelesenes, ungebrauchtes Buch in makellosem Zustand<\/p>\n<table dir=\"ltr\" border=\"1\" cellspacing=\"0\" cellpadding=\"0\">\n<colgroup>\n<col width=\"194\" \/>\n<col width=\"312\" \/><\/colgroup>\n<tbody>\n<tr>\n<td data-sheets-value=\"{&quot;1&quot;:2,&quot;2&quot;:&quot;Anzahl der Seiten:&quot;}\">Anzahl der Seiten:<\/td>\n<td data-sheets-value=\"{&quot;1&quot;:2,&quot;2&quot;:&quot;383 Seiten&quot;}\">383 Seiten<\/td>\n<\/tr>\n<tr>\n<td data-sheets-value=\"{&quot;1&quot;:2,&quot;2&quot;:&quot;Autor:&quot;}\">Autor:<\/td>\n<td data-sheets-value=\"{&quot;1&quot;:2,&quot;2&quot;:&quot;Randall Munroe&quot;}\">Randall Munroe<\/td>\n<\/tr>\n<tr>\n<td data-sheets-value=\"{&quot;1&quot;:2,&quot;2&quot;:&quot;Besonderheiten:&quot;}\">Funkcje specjalne:<\/td>\n<td data-sheets-value=\"{&quot;1&quot;:2,&quot;2&quot;:&quot;Illustriert&quot;}\">Illustriert<\/td>\n<\/tr>\n<tr>\n<td data-sheets-value=\"{&quot;1&quot;:2,&quot;2&quot;:&quot;Erscheinungsjahr:&quot;}\">Erscheinungsjahr:<\/td>\n<td data-sheets-value=\"{&quot;1&quot;:3,&quot;3&quot;:2019}\">2019<\/td>\n<\/tr>\n<tr>\n<td data-sheets-value=\"{&quot;1&quot;:2,&quot;2&quot;:&quot;Fachbereich:&quot;}\">Fachbereich:<\/td>\n<td data-sheets-value=\"{&quot;1&quot;:2,&quot;2&quot;:&quot;alle Bereiche&quot;}\">alle Bereiche<\/td>\n<\/tr>\n<tr>\n<td data-sheets-value=\"{&quot;1&quot;:2,&quot;2&quot;:&quot;Format:&quot;}\">Format:<\/td>\n<td data-sheets-value=\"{&quot;1&quot;:2,&quot;2&quot;:&quot;Taschenbuch&quot;}\">Taschenbuch<\/td>\n<\/tr>\n<tr>\n<td data-sheets-value=\"{&quot;1&quot;:2,&quot;2&quot;:&quot;Herstellungsland und -region:&quot;}\">Herstellungsland und -region:<\/td>\n<td data-sheets-value=\"{&quot;1&quot;:2,&quot;2&quot;:&quot;Deutschland&quot;}\">Niemcy<\/td>\n<\/tr>\n<tr>\n<td data-sheets-value=\"{&quot;1&quot;:2,&quot;2&quot;:&quot;ISBN:&quot;}\">ISBN:<\/td>\n<td data-sheets-value=\"{&quot;1&quot;:3,&quot;3&quot;:9783328600916}\">9783328600916<\/td>\n<\/tr>\n<tr>\n<td data-sheets-value=\"{&quot;1&quot;:2,&quot;2&quot;:&quot;Modifizierter Artikel:&quot;}\">Modifizierter Artikel:<\/td>\n<td data-sheets-value=\"{&quot;1&quot;:2,&quot;2&quot;:&quot;Nein&quot;}\">Nein<\/td>\n<\/tr>\n<tr>\n<td data-sheets-value=\"{&quot;1&quot;:2,&quot;2&quot;:&quot;Produktart:&quot;}\">Produktart:<\/td>\n<td data-sheets-value=\"{&quot;1&quot;:2,&quot;2&quot;:&quot;Ratgeber&quot;}\">Doradca<\/td>\n<\/tr>\n<tr>\n<td data-sheets-value=\"{&quot;1&quot;:2,&quot;2&quot;:&quot;Publikationsname:&quot;}\">Publikationsname:<\/td>\n<td data-sheets-value=\"{&quot;1&quot;:2,&quot;2&quot;:&quot;How To-Wie Man's Hinkriegt&quot;}\">How To-Wie Man's Hinkriegt<\/td>\n<\/tr>\n<tr>\n<td data-sheets-value=\"{&quot;1&quot;:2,&quot;2&quot;:&quot;Reihe:&quot;}\">Reihe:<\/td>\n<td data-sheets-value=\"{&quot;1&quot;:2,&quot;2&quot;:&quot;self -help -guide&quot;}\">self -help -guide<\/td>\n<\/tr>\n<tr>\n<td data-sheets-value=\"{&quot;1&quot;:2,&quot;2&quot;:&quot;Seitenzahl:&quot;}\">Seitenzahl:<\/td>\n<td data-sheets-value=\"{&quot;1&quot;:3,&quot;3&quot;:384}\">384<\/td>\n<\/tr>\n<tr>\n<td data-sheets-value=\"{&quot;1&quot;:2,&quot;2&quot;:&quot;Sprache:&quot;}\">Sprache:<\/td>\n<td data-sheets-value=\"{&quot;1&quot;:2,&quot;2&quot;:&quot;Deutsch&quot;}\">Niemiecki<\/td>\n<\/tr>\n<tr>\n<td data-sheets-value=\"{&quot;1&quot;:2,&quot;2&quot;:&quot;Thema:&quot;}\">Thema:<\/td>\n<td data-sheets-value=\"{&quot;1&quot;:2,&quot;2&quot;:&quot;wissenschaftliche Empfehlung f\u00fcr alle Lebenslagen&quot;}\">wissenschaftliche Empfehlung f\u00fcr alle Lebenslagen<\/td>\n<\/tr>\n<tr>\n<td data-sheets-value=\"{&quot;1&quot;:2,&quot;2&quot;:&quot;Verlag:&quot;}\">Verlag:<\/td>\n<td data-sheets-value=\"{&quot;1&quot;:2,&quot;2&quot;:&quot;Penguin, Penguin Verlag&quot;}\">Penguin, Penguin Verlag<\/td>\n<\/tr>\n<\/tbody>\n<\/table>","protected":false},"featured_media":80711,"comment_status":"open","ping_status":"closed","template":"","meta":{"_seopress_robots_primary_cat":"","_seopress_titles_title":"","_seopress_titles_desc":"","_seopress_robots_index":""},"product_brand":[],"product_cat":[1428,1429,1434,1447,1530],"product_tag":[],"class_list":{"0":"post-80592","1":"product","2":"type-product","3":"status-publish","4":"has-post-thumbnail","6":"product_cat-buecher","7":"product_cat-jugend","8":"product_cat-erwachsene","9":"product_cat-ratgeber","10":"product_cat-ratgeber-jugend","11":"product_shipping_class-standard-versand","13":"first","14":"instock","15":"sale","16":"taxable","17":"shipping-taxable","18":"purchasable","19":"product-type-simple"},"_links":{"self":[{"href":"https:\/\/www.soanam.de\/pl\/wp-json\/wp\/v2\/product\/80592","targetHints":{"allow":["GET"]}}],"collection":[{"href":"https:\/\/www.soanam.de\/pl\/wp-json\/wp\/v2\/product"}],"about":[{"href":"https:\/\/www.soanam.de\/pl\/wp-json\/wp\/v2\/types\/product"}],"replies":[{"embeddable":true,"href":"https:\/\/www.soanam.de\/pl\/wp-json\/wp\/v2\/comments?post=80592"}],"wp:featuredmedia":[{"embeddable":true,"href":"https:\/\/www.soanam.de\/pl\/wp-json\/wp\/v2\/media\/80711"}],"wp:attachment":[{"href":"https:\/\/www.soanam.de\/pl\/wp-json\/wp\/v2\/media?parent=80592"}],"wp:term":[{"taxonomy":"product_brand","embeddable":true,"href":"https:\/\/www.soanam.de\/pl\/wp-json\/wp\/v2\/product_brand?post=80592"},{"taxonomy":"product_cat","embeddable":true,"href":"https:\/\/www.soanam.de\/pl\/wp-json\/wp\/v2\/product_cat?post=80592"},{"taxonomy":"product_tag","embeddable":true,"href":"https:\/\/www.soanam.de\/pl\/wp-json\/wp\/v2\/product_tag?post=80592"}],"curies":[{"name":"wp","href":"https:\/\/api.w.org\/{rel}","templated":true}]}}