{"id":80577,"date":"2023-12-14T01:33:38","date_gmt":"2023-12-14T00:33:38","guid":{"rendered":"https:\/\/www.soanam.de\/?post_type=product&#038;p=80577"},"modified":"2023-12-14T01:36:25","modified_gmt":"2023-12-14T00:36:25","slug":"skorzany-pasek-wearlizer-do-zegarka-apple-watch-38-mm-40-mm-w-kolorze-skory","status":"publish","type":"product","link":"https:\/\/www.soanam.de\/pl\/produkt\/wearlizer-leder-armband-fuer-apple-watch-38-mm-40mm-leder-hautfarben\/","title":{"rendered":"Sk\u00f3rzany pasek Wearlizer do Apple Watch, 38 mm\/40 mm, sk\u00f3ra, kolor sk\u00f3ry"},"content":{"rendered":"<h3>Opis produktu<\/h3>\n<p>Wearlizer do bransolet iWatch pasuje do wszystkich zegark\u00f3w Apple Watch 38 mm (40 mm):<br \/>\nOpaski Wearlizer Apple Watch kompatybilne z Apple Watch Series 5, 4, 3, 2, 1 Edition Nike+ Hermes. Wersja 38 mm (40 mm), odpowiednia dla wszystkich rozmiar\u00f3w nadgarstk\u00f3w od 157 do 227 mm.<\/p>\n<p><strong>Najwy\u017cszej jako\u015bci sk\u00f3ra naturalna:<\/strong> Wykonany z najwy\u017cszej jako\u015bci materia\u0142\u00f3w ze sk\u00f3ry naturalnej, sprawia, \u017ce ten sk\u00f3rzany zegarek jest niezwykle wygodny w noszeniu, swobodny i trwa\u0142y; zapewnia nowy pasek do Apple Watch.<\/p>\n<p><strong>Unikalna, op\u0142ywowa konstrukcja:<\/strong> Wearlizer Apple Watch sk\u00f3rzany pasek, 38 mm, unikalny op\u0142ywowy kszta\u0142t, kt\u00f3ry jest wygodniejszy ni\u017c inne Apple Watch 5, 4, 3, 2, 1.<\/p>\n<p><strong>Prosty i elegancki kszta\u0142t<\/strong>Ten sk\u00f3rzany pasek do zegarka iWatch jest prosty i elegancki. Metalowa klamra umo\u017cliwia \u0142atwe dopasowanie rozmiaru. Odpowiedni dla kobiet i m\u0119\u017cczyzn na wi\u0119kszo\u015b\u0107 okazji. Ulepszenie na obu ko\u0144cach blokuje tarcz\u0119 Apple Watch.<\/p>","protected":false},"excerpt":{"rendered":"<h3>Artikelmerkmale<\/h3>\n<p>Artikelzustand: Neu - neuer und ungetragener Artikel in der Originalverpackung<\/p>\n<table dir=\"ltr\" style=\"height: 234px;\" border=\"1\" width=\"427\" cellspacing=\"0\" cellpadding=\"0\">\n<colgroup>\n<col width=\"194\" \/>\n<col width=\"211\" \/><\/colgroup>\n<tbody>\n<tr>\n<td data-sheets-value=\"{&quot;1&quot;:2,&quot;2&quot;:&quot;Abteilung:&quot;}\">Abteilung:<\/td>\n<td data-sheets-value=\"{&quot;1&quot;:2,&quot;2&quot;:&quot;Damen&quot;}\">Damen<\/td>\n<\/tr>\n<tr>\n<td data-sheets-value=\"{&quot;1&quot;:2,&quot;2&quot;:&quot;Armbandart:&quot;}\">Armbandart:<\/td>\n<td data-sheets-value=\"{&quot;1&quot;:2,&quot;2&quot;:&quot;Zweiteiliges Armband&quot;}\">Zweiteiliges Armband<\/td>\n<\/tr>\n<tr>\n<td data-sheets-value=\"{&quot;1&quot;:2,&quot;2&quot;:&quot;Armbandmaterial:&quot;}\">Armbandmaterial:<\/td>\n<td data-sheets-value=\"{&quot;1&quot;:2,&quot;2&quot;:&quot;Leder&quot;}\">Sk\u00f3ra<\/td>\n<\/tr>\n<tr>\n<td data-sheets-value=\"{&quot;1&quot;:2,&quot;2&quot;:&quot;Farbe:&quot;}\">Kolor:<\/td>\n<td data-sheets-value=\"{&quot;1&quot;:2,&quot;2&quot;:&quot;Beige&quot;}\">Be\u017cowy<\/td>\n<\/tr>\n<tr>\n<td data-sheets-value=\"{&quot;1&quot;:2,&quot;2&quot;:&quot;Marke:&quot;}\">Marke:<\/td>\n<td data-sheets-value=\"{&quot;1&quot;:2,&quot;2&quot;:&quot;Wearlizer&quot;}\">Wearliser<\/td>\n<\/tr>\n<tr>\n<td data-sheets-value=\"{&quot;1&quot;:2,&quot;2&quot;:&quot;Markenkompatibilit\u00e4t:&quot;}\">Markenkompatibilit\u00e4t:<\/td>\n<td data-sheets-value=\"{&quot;1&quot;:2,&quot;2&quot;:&quot;Apple Watch Serie 5, 4, 3, 2, 1&quot;}\">Apple Watch Serie 5, 4, 3, 2, 1<\/td>\n<\/tr>\n<tr>\n<td data-sheets-value=\"{&quot;1&quot;:2,&quot;2&quot;:&quot;Modellkompatibilit\u00e4t:&quot;}\">Modellkompatibilit\u00e4t:<\/td>\n<td data-sheets-value=\"{&quot;1&quot;:2,&quot;2&quot;:&quot;Edition Nike+ Hermes&quot;}\">Edition Nike+ Hermes<\/td>\n<\/tr>\n<tr>\n<td data-sheets-value=\"{&quot;1&quot;:2,&quot;2&quot;:&quot;Produktart:&quot;}\">Produktart:<\/td>\n<td data-sheets-value=\"{&quot;1&quot;:2,&quot;2&quot;:&quot;iWatch Armband&quot;}\">iWatch Armband<\/td>\n<\/tr>\n<\/tbody>\n<\/table>","protected":false},"featured_media":80700,"comment_status":"open","ping_status":"closed","template":"","meta":{"_seopress_robots_primary_cat":"","_seopress_titles_title":"","_seopress_titles_desc":"","_seopress_robots_index":""},"product_brand":[],"product_cat":[1348,1357,1558],"product_tag":[],"class_list":{"0":"post-80577","1":"product","2":"type-product","3":"status-publish","4":"has-post-thumbnail","6":"product_cat-damen-mode","7":"product_cat-accessoires","8":"product_cat-sonstiges-accessoires","9":"product_shipping_class-standard-versand","11":"first","12":"instock","13":"sale","14":"taxable","15":"shipping-taxable","16":"purchasable","17":"product-type-simple"},"_links":{"self":[{"href":"https:\/\/www.soanam.de\/pl\/wp-json\/wp\/v2\/product\/80577","targetHints":{"allow":["GET"]}}],"collection":[{"href":"https:\/\/www.soanam.de\/pl\/wp-json\/wp\/v2\/product"}],"about":[{"href":"https:\/\/www.soanam.de\/pl\/wp-json\/wp\/v2\/types\/product"}],"replies":[{"embeddable":true,"href":"https:\/\/www.soanam.de\/pl\/wp-json\/wp\/v2\/comments?post=80577"}],"wp:featuredmedia":[{"embeddable":true,"href":"https:\/\/www.soanam.de\/pl\/wp-json\/wp\/v2\/media\/80700"}],"wp:attachment":[{"href":"https:\/\/www.soanam.de\/pl\/wp-json\/wp\/v2\/media?parent=80577"}],"wp:term":[{"taxonomy":"product_brand","embeddable":true,"href":"https:\/\/www.soanam.de\/pl\/wp-json\/wp\/v2\/product_brand?post=80577"},{"taxonomy":"product_cat","embeddable":true,"href":"https:\/\/www.soanam.de\/pl\/wp-json\/wp\/v2\/product_cat?post=80577"},{"taxonomy":"product_tag","embeddable":true,"href":"https:\/\/www.soanam.de\/pl\/wp-json\/wp\/v2\/product_tag?post=80577"}],"curies":[{"name":"wp","href":"https:\/\/api.w.org\/{rel}","templated":true}]}}