{"id":80575,"date":"2023-12-14T01:33:37","date_gmt":"2023-12-14T00:33:37","guid":{"rendered":"https:\/\/www.soanam.de\/?post_type=product&#038;p=80575"},"modified":"2023-12-14T01:36:13","modified_gmt":"2023-12-14T00:36:13","slug":"motu-4pre-6-x-8-kompaktowy-interfejs-audio-z-4-przedwzmacniaczami-mikrofonowymi","status":"publish","type":"product","link":"https:\/\/www.soanam.de\/pl\/produkt\/motu-4pre-6-x-8-kompaktes-audiointerface-with-4-mic-preamps\/","title":{"rendered":"MOTU 4pre 6 x 8 Kompaktowy interfejs audio z 4 przedwzmacniaczami mikrofonowymi"},"content":{"rendered":"<h3>Opis<\/h3>\n<p>MOTU 4pre 6x8 Compact Audio Interface to kompaktowy cyfrowy hybrydowy interfejs audio, kt\u00f3ry oferuje zar\u00f3wno \u0142\u0105czno\u015b\u0107 FireWire, jak i USB 2.0.<\/p>\n<p>Interfejs mo\u017ce r\u00f3wnie\u017c funkcjonowa\u0107 jako samodzielna konsola mikserska bez potrzeby korzystania z komputera. Cztery pojedyncze mikrofony lub dwie pary stereo mog\u0105 by\u0107 nagrywane przez po\u0142\u0105czone wej\u015bcia mikrofonowe\/gitarowe.<\/p>\n<p>Przezroczyste przedwzmacniacze oferuj\u0105 indywidualnie prze\u0142\u0105czane zasilanie phantom i pad -20dB, ze wszystkimi ustawieniami regulowanymi na panelu przednim lub za pomoc\u0105 do\u0142\u0105czonego oprogramowania CueMix. Dwa gniazda gitarowe oferuj\u0105 charakterystyk\u0119 obci\u0105\u017cenia o wysokiej impedancji, odpowiedni\u0105 dla pasywnych i aktywnych przetwornik\u00f3w. Wej\u015bcia liniowe mo\u017cna dostosowa\u0107 do klawiatur, mikser\u00f3w analogowych, procesor\u00f3w efekt\u00f3w lub innych urz\u0105dze\u0144 o r\u00f3\u017cnych poziomach odniesienia.<\/p>\n<p>Cztery wyj\u015bcia analogowe umo\u017cliwiaj\u0105 pod\u0142\u0105czenie aktywnych monitor\u00f3w studyjnych do g\u0142\u00f3wnych wyj\u015b\u0107, podczas gdy oddzielne wyj\u015bcia liniowe mog\u0105 by\u0107 wykorzystywane do r\u00f3\u017cnych cel\u00f3w, albo jako lustrzane odbicie g\u0142\u00f3wnych wyj\u015b\u0107, albo jako ca\u0142kowicie niezale\u017cna para wyj\u015b\u0107. Dwa z\u0142\u0105cza s\u0142uchawkowe u\u0142atwiaj\u0105 wsp\u00f3\u0142prac\u0119 z innymi osobami. Wej\u015bcia\/wyj\u015bcia cyfrowe u\u0142atwiaj\u0105 transfery cyfrowe z obs\u0142ug\u0105 cz\u0119stotliwo\u015bci pr\u00f3bkowania do 96 kHz.<\/p>\n<p>Cyfrowo sterowane trymowanie analogowe zapewnia analogow\u0105 jako\u015b\u0107 z cyfrow\u0105 precyzj\u0105, z mo\u017cliwo\u015bci\u0105 zapisywania i przywo\u0142ywania ustawie\u0144 trymowania. Cyfrowe wej\u015bcia S\/PDIF r\u00f3wnie\u017c mog\u0105 by\u0107 przycinane. Natychmiastowa regulacja g\u0142o\u015bno\u015bci jest zawsze w zasi\u0119gu r\u0119ki, dzi\u0119ki czemu interfejs jest idealnym kompaktowym, przeno\u015bnym mikserem na \u017cywo, z komputerem lub bez.<\/p>\n<p>Do\u0142\u0105czone oprogramowanie CueMix zapewnia miksowanie i kontrol\u0119 na ekranie i mo\u017ce dzia\u0142a\u0107 obok dowolnego oprogramowania audio dla komputer\u00f3w Mac lub Windows. Mo\u017ce by\u0107 r\u00f3wnie\u017c sterowany za pomoc\u0105 pulpitu Mackie Control Universal Pro lub dowolnego kontrolera kompatybilnego z HUI. Ponadto oferuje funkcje talkback i listenback, a tak\u017ce szereg narz\u0119dzi do analizy oprogramowania.<\/p>\n<p>4pre mo\u017ce by\u0107 po\u0142\u0105czony \u0142a\u0144cuchowo z innym przedwzmacniaczem lub interfejsem audio MOTU. Bezpo\u015brednia synchronizacja kodu czasowego SMPTE jest obs\u0142ugiwana bez potrzeby stosowania oddzielnego synchronizatora. Do\u0142\u0105czone oprogramowanie konsoli SMPTE (dla Mac OS X i Windows) zapewnia kompletny zestaw narz\u0119dzi do generowania SMPTE do stripingu, regeneracji lub slave'owania innych urz\u0105dze\u0144 do komputera.<\/p>\n<h3>Specyfikacja<\/h3>\n<table>\n<tbody>\n<tr>\n<td width=\"138\">Konwertery<\/td>\n<td width=\"466\">24-bitowy<\/td>\n<\/tr>\n<tr>\n<td><\/td>\n<td><\/td>\n<\/tr>\n<tr>\n<td>Przyk\u0142adowe stawki<\/td>\n<td>44,1, 48, 88,2, 96 kHz<\/td>\n<\/tr>\n<tr>\n<td><\/td>\n<td><\/td>\n<\/tr>\n<tr>\n<td>Wej\u015bcie analogowe<\/td>\n<td>4 x XLR\/TRS combo<\/td>\n<\/tr>\n<tr>\n<td><\/td>\n<td>2 x 1\/4\" TRS (zbalansowany\/niezbalansowany)<\/td>\n<\/tr>\n<tr>\n<td><\/td>\n<td>2 x 1\/4\" hi-Z gitara<\/td>\n<\/tr>\n<tr>\n<td><\/td>\n<td><\/td>\n<\/tr>\n<tr>\n<td>Wyj\u015bcia analogowe<\/td>\n<td>2 x 1\/4\" zbalansowane wyj\u015bcie g\u0142\u00f3wne TRS<\/td>\n<\/tr>\n<tr>\n<td><\/td>\n<td>2 x 1\/4\" zbalansowane wyj\u015bcie liniowe TRS<\/td>\n<\/tr>\n<tr>\n<td><\/td>\n<td>2 x 1\/4\" TRS do s\u0142uchawek<\/td>\n<\/tr>\n<tr>\n<td><\/td>\n<td><\/td>\n<\/tr>\n<tr>\n<td>Wej\u015bcie cyfrowe<\/td>\n<td>1 x koncentryczne z\u0142\u0105cze RCA S\/PDIF<\/td>\n<\/tr>\n<tr>\n<td><\/td>\n<td><\/td>\n<\/tr>\n<tr>\n<td>Wyj\u015bcie cyfrowe<\/td>\n<td>1 x koncentryczne z\u0142\u0105cze RCA S\/PDIF<\/td>\n<\/tr>\n<tr>\n<td><\/td>\n<td><\/td>\n<\/tr>\n<tr>\n<td>Komputerowe wej\u015bcia\/wyj\u015bcia<\/td>\n<td>1 x FireWire 400 (typ B)<\/td>\n<\/tr>\n<tr>\n<td><\/td>\n<td>1 x USB 2.0<\/td>\n<\/tr>\n<tr>\n<td><\/td>\n<td><\/td>\n<\/tr>\n<tr>\n<td>Synchronizacja wej\u015bcia\/wyj\u015bcia<\/td>\n<td>S\/PDIF<\/td>\n<\/tr>\n<tr>\n<td><\/td>\n<td>Kod czasowy SMPTE (LTC)<\/td>\n<\/tr>\n<tr>\n<td><\/td>\n<td><\/td>\n<\/tr>\n<tr>\n<td>Wyj\u015bcie s\u0142uchawkowe<\/td>\n<td>2 x 1\/4\" TRS z niezale\u017cn\u0105 regulacj\u0105 g\u0142o\u015bno\u015bci<\/td>\n<\/tr>\n<tr>\n<td><\/td>\n<td><\/td>\n<\/tr>\n<tr>\n<td>Zasilanie Phantom<\/td>\n<td>Indywidualne +48V<\/td>\n<\/tr>\n<tr>\n<td><\/td>\n<td><\/td>\n<\/tr>\n<tr>\n<td>Panel przedni<\/td>\n<td>2 x 10-segmentowa drabinka LED - wyj\u015bcia g\u0142\u00f3wne<\/td>\n<\/tr>\n<tr>\n<td><\/td>\n<td>4 x 5-segmentowe diody LED - wej\u015bcia<\/td>\n<\/tr>\n<tr>\n<td><\/td>\n<td>2 x diody LED obecno\u015bci sygna\u0142u - wej\u015bcia\/wyj\u015bcia S\/PDIF<\/td>\n<\/tr>\n<tr>\n<td><\/td>\n<td>2 x diody LED obecno\u015bci sygna\u0142u - stereofoniczne wyj\u015bcie liniowe<\/td>\n<\/tr>\n<tr>\n<td><\/td>\n<td>4 x diody LED - zasilanie phantom 48V<\/td>\n<\/tr>\n<tr>\n<td><\/td>\n<td>4 x diody LED - podk\u0142adka -20 dB<\/td>\n<\/tr>\n<tr>\n<td><\/td>\n<td>5 x diody LED - mix\/trim (main, line, S\/PDIF, phone, trim)<\/td>\n<\/tr>\n<tr>\n<td><\/td>\n<td>1 x LED - Vol\/Pan<\/td>\n<\/tr>\n<tr>\n<td><\/td>\n<td><\/td>\n<\/tr>\n<tr>\n<td>Wymagania dotycz\u0105ce zasilania<\/td>\n<td>9-18V DC, 5W, ko\u0144c\u00f3wka + lub -<\/td>\n<\/tr>\n<tr>\n<td><\/td>\n<td>Zasilanie magistrali FireWire<\/td>\n<\/tr>\n<tr>\n<td><\/td>\n<td>Do\u0142\u0105czony zasilacz DC, wymagany do pracy autonomicznej i USB 2.0<\/td>\n<\/tr>\n<\/tbody>\n<\/table>","protected":false},"excerpt":{"rendered":"<p>Stan produktu: Nowy z etykiet\u0105: Nowy, nieu\u017cywany i nienoszony produkt w oryginalnym opakowaniu.<\/p>\n<ul>\n<li>MOTU 4Pre Audio Interface Features<\/li>\n<li>6 Input \/ 8 Output<\/li>\n<li>4 Microphone Preamps<\/li>\n<li>8-Bus Digital Mixer<\/li>\n<li>Digital I\/O<\/li>\n<li>Zasilanie Phantom<\/li>\n<li>Time Code Support<\/li>\n<li>24-bit\/96kHz<\/li>\n<li>Standalone Operation<\/li>\n<li>Mac OS X<\/li>\n<li>Windows Vista\/7<\/li>\n<\/ul>","protected":false},"featured_media":80686,"comment_status":"open","ping_status":"closed","template":"","meta":{"_seopress_robots_primary_cat":"","_seopress_titles_title":"","_seopress_titles_desc":"","_seopress_robots_index":""},"product_brand":[],"product_cat":[1730],"product_tag":[],"class_list":{"0":"post-80575","1":"product","2":"type-product","3":"status-publish","4":"has-post-thumbnail","6":"product_cat-sonstiges-2","7":"product_shipping_class-standard-versand","9":"first","10":"instock","11":"sale","12":"taxable","13":"shipping-taxable","14":"purchasable","15":"product-type-simple"},"_links":{"self":[{"href":"https:\/\/www.soanam.de\/pl\/wp-json\/wp\/v2\/product\/80575","targetHints":{"allow":["GET"]}}],"collection":[{"href":"https:\/\/www.soanam.de\/pl\/wp-json\/wp\/v2\/product"}],"about":[{"href":"https:\/\/www.soanam.de\/pl\/wp-json\/wp\/v2\/types\/product"}],"replies":[{"embeddable":true,"href":"https:\/\/www.soanam.de\/pl\/wp-json\/wp\/v2\/comments?post=80575"}],"wp:featuredmedia":[{"embeddable":true,"href":"https:\/\/www.soanam.de\/pl\/wp-json\/wp\/v2\/media\/80686"}],"wp:attachment":[{"href":"https:\/\/www.soanam.de\/pl\/wp-json\/wp\/v2\/media?parent=80575"}],"wp:term":[{"taxonomy":"product_brand","embeddable":true,"href":"https:\/\/www.soanam.de\/pl\/wp-json\/wp\/v2\/product_brand?post=80575"},{"taxonomy":"product_cat","embeddable":true,"href":"https:\/\/www.soanam.de\/pl\/wp-json\/wp\/v2\/product_cat?post=80575"},{"taxonomy":"product_tag","embeddable":true,"href":"https:\/\/www.soanam.de\/pl\/wp-json\/wp\/v2\/product_tag?post=80575"}],"curies":[{"name":"wp","href":"https:\/\/api.w.org\/{rel}","templated":true}]}}