{"id":80574,"date":"2023-12-14T01:33:37","date_gmt":"2023-12-14T00:33:37","guid":{"rendered":"https:\/\/www.soanam.de\/?post_type=product&#038;p=80574"},"modified":"2023-12-14T01:36:04","modified_gmt":"2023-12-14T00:36:04","slug":"klasyczny-blezer-lascana-w-kolorze-czarnym-rozmiar-44","status":"publish","type":"product","link":"https:\/\/www.soanam.de\/pl\/produkt\/lascana-klassischer-blazermantel-in-schwarz-groesse-44\/","title":{"rendered":"Klasyczny blezer LASCANA w kolorze czarnym, rozmiar 44"},"content":{"rendered":"<p>Klasyczny blezer od Lascana<br \/>\nZ szerokim ko\u0142nierzem klapy<br \/>\nPodszewka na ca\u0142ej d\u0142ugo\u015bci<br \/>\nJednorz\u0119dowe zapi\u0119cie na guziki<br \/>\nSwobodny kszta\u0142t<br \/>\nWykonane z wysokiej jako\u015bci ociepliny<\/p>\n<p>Ten elegancki blezer marki Lascana ma klasyczny kr\u00f3j i swobodny fason.<br \/>\nSzeroki ko\u0142nierz z klapami i jednorz\u0119dowe zapi\u0119cie na guziki to wyrafinowane elementy, kt\u00f3re nadaj\u0105 p\u0142aszczowi typowo biznesowy wygl\u0105d.<br \/>\nTa w pe\u0142ni podszyta kurtka o kobiecym i eleganckim wygl\u0105dzie zapewni ci przyjemne ciep\u0142o podczas ch\u0142odnej bryzy.<\/p>\n<p>Materia\u0142: poliester 100%<br \/>\nInstrukcje dotycz\u0105ce piel\u0119gnacji: Czyszczenie<\/p>\n<p>Kolor: czarny<br \/>\nWz\u00f3r: bez<br \/>\nRozmiar: 44<\/p>\n<p>Szeroko\u015b\u0107 ramion: 41 cm<br \/>\nSzeroko\u015b\u0107 klatki piersiowej: 110 cm<br \/>\nD\u0142ugo\u015b\u0107 r\u0119kawa: 62 cm<br \/>\nCa\u0142kowita d\u0142ugo\u015b\u0107: 95 cm<\/p>","protected":false},"excerpt":{"rendered":"<table class=\"dv_characteristicsTable\">\n<tbody>\n<tr>\n<td class=\"left\">Rozmiar<\/td>\n<td>44<\/td>\n<\/tr>\n<tr>\n<td class=\"left\">Gr\u00f6\u00dfentyp<\/td>\n<td>Normalgr\u00f6\u00dfen<\/td>\n<\/tr>\n<tr>\n<td class=\"left\">Sk\u0142ad materia\u0142u<\/td>\n<td>Obermaterial: 100% Polyester. Futter: 100% Polyester<\/td>\n<\/tr>\n<tr>\n<td class=\"left\">Materialart<\/td>\n<td>Web<\/td>\n<\/tr>\n<tr>\n<td class=\"left\">Instrukcje dotycz\u0105ce piel\u0119gnacji<\/td>\n<td>Reinigung<\/td>\n<\/tr>\n<tr>\n<td class=\"left\">Optik<\/td>\n<td>unifarben<\/td>\n<\/tr>\n<tr>\n<td class=\"left\">Stil<\/td>\n<td>modisch<\/td>\n<\/tr>\n<tr>\n<td class=\"left\">Kolor<\/td>\n<td>schwarz<\/td>\n<\/tr>\n<tr>\n<td class=\"left\">Kragen<\/td>\n<td>Ko\u0142nierz z klapami<\/td>\n<\/tr>\n<tr>\n<td class=\"left\">\u00c4rmel<\/td>\n<td>D\u0142ugi r\u0119kaw<\/td>\n<\/tr>\n<tr>\n<td class=\"left\">Dopasowanie<\/td>\n<td>figurumspielend<\/td>\n<\/tr>\n<tr>\n<td class=\"left\">Schnittform L\u00e4nge<\/td>\n<td>kniefrei<\/td>\n<\/tr>\n<tr>\n<td class=\"left\">Torby<\/td>\n<td>kieszenie ze \u015bci\u0105gaczem<\/td>\n<\/tr>\n<tr>\n<td class=\"left\">Verschluss<\/td>\n<td>2-Knopf-Form<\/td>\n<\/tr>\n<tr>\n<td class=\"left\">Verschlussdetails<\/td>\n<td>einreihig<\/td>\n<\/tr>\n<tr>\n<td class=\"left\">Besondere Merkmale<\/td>\n<td>im klassischen Design<\/td>\n<\/tr>\n<\/tbody>\n<\/table>","protected":false},"featured_media":80682,"comment_status":"open","ping_status":"closed","template":"","meta":{"_seopress_robots_primary_cat":"","_seopress_titles_title":"","_seopress_titles_desc":"","_seopress_robots_index":""},"product_brand":[],"product_cat":[1348,1354,1355,1356],"product_tag":[],"class_list":{"0":"post-80574","1":"product","2":"type-product","3":"status-publish","4":"has-post-thumbnail","6":"product_cat-damen-mode","7":"product_cat-jacken-maentel","8":"product_cat-maentel","9":"product_cat-wintermaentel","10":"product_shipping_class-standard-versand","12":"first","13":"instock","14":"sale","15":"taxable","16":"shipping-taxable","17":"purchasable","18":"product-type-simple"},"_links":{"self":[{"href":"https:\/\/www.soanam.de\/pl\/wp-json\/wp\/v2\/product\/80574","targetHints":{"allow":["GET"]}}],"collection":[{"href":"https:\/\/www.soanam.de\/pl\/wp-json\/wp\/v2\/product"}],"about":[{"href":"https:\/\/www.soanam.de\/pl\/wp-json\/wp\/v2\/types\/product"}],"replies":[{"embeddable":true,"href":"https:\/\/www.soanam.de\/pl\/wp-json\/wp\/v2\/comments?post=80574"}],"wp:featuredmedia":[{"embeddable":true,"href":"https:\/\/www.soanam.de\/pl\/wp-json\/wp\/v2\/media\/80682"}],"wp:attachment":[{"href":"https:\/\/www.soanam.de\/pl\/wp-json\/wp\/v2\/media?parent=80574"}],"wp:term":[{"taxonomy":"product_brand","embeddable":true,"href":"https:\/\/www.soanam.de\/pl\/wp-json\/wp\/v2\/product_brand?post=80574"},{"taxonomy":"product_cat","embeddable":true,"href":"https:\/\/www.soanam.de\/pl\/wp-json\/wp\/v2\/product_cat?post=80574"},{"taxonomy":"product_tag","embeddable":true,"href":"https:\/\/www.soanam.de\/pl\/wp-json\/wp\/v2\/product_tag?post=80574"}],"curies":[{"name":"wp","href":"https:\/\/api.w.org\/{rel}","templated":true}]}}