{"id":80560,"date":"2023-12-14T01:33:10","date_gmt":"2023-12-14T00:33:10","guid":{"rendered":"https:\/\/www.soanam.de\/?post_type=product&#038;p=80560"},"modified":"2023-12-14T01:35:50","modified_gmt":"2023-12-14T00:35:50","slug":"songmics-bambusowy-stojak-na-monitor-60-x-302-x-85-cm-naturalny-lld201","status":"publish","type":"product","link":"https:\/\/www.soanam.de\/pl\/produkt\/songmics-monitorstaender-aus-bambus-60-x-302-x-85-cm-natur-lld201\/","title":{"rendered":"SONGMICS Podstawka pod monitor wykonana z bambusa, 60 x 30,2 x 8,5 cm, naturalna LLD201"},"content":{"rendered":"<h3>Opis<\/h3>\n<p>Podstawka pod monitor Songmics jest wykonana z bambusa, kt\u00f3ry jest \u015bwiadomie uprawiany w spos\u00f3b zr\u00f3wnowa\u017cony; a wszystkie kraw\u0119dzie s\u0105 \u0142adnie zaokr\u0105glone. Jest przyjazny dla \u015brodowiska i bezpieczny w u\u017cyciu.<\/p>\n<p>Ma wystarczaj\u0105c\u0105 powierzchni\u0119 na podstaw\u0119 ekranu (60 cm szeroko\u015bci i 30,2 cm g\u0142\u0119boko\u015bci). Spraw, aby Twoje miejsce pracy by\u0142o ergonomiczne i unikaj b\u00f3lu oczu, g\u0142owy i szyi. Dzi\u0119ki tej podstawce na biurko mo\u017cna r\u00f3wnie\u017c utrzyma\u0107 biurko w czysto\u015bci i przestronno\u015bci.<\/p>\n<p>Ten stojak na monitor \u0142\u0105czy w sobie smuk\u0142y i nowoczesny design z praktyczn\u0105 funkcjonalno\u015bci\u0105, tworz\u0105c stylowy element dekoracyjny, kt\u00f3ry mo\u017ce by\u0107 u\u017cywany nie tylko w domu lub w biurze do podniesienia ekranu, ale mo\u017ce by\u0107 r\u00f3wnie\u017c u\u017cywany jako wy\u015bwietlacz w sklepach.<\/p>\n<h3>Szczeg\u00f3\u0142y produktu:<\/h3>\n<p>Wymiary: 60 x 8,5 x 30,2 cm (szer. x wys. x g\u0142.)<br \/>\nMateria\u0142: bambus<br \/>\nWymiary opakowania: 75 x 32 x 3,3 cm<br \/>\nWaga netto: 2,35 kg<br \/>\nWaga brutto: 2,65 kg<br \/>\nZakres dostawy:<\/p>\n<p>1 x podstawka pod monitor<br \/>\n1 x instrukcja obs\u0142ugi<br \/>\n1 x torba na akcesoria<\/p>","protected":false},"excerpt":{"rendered":"<p>Stan produktu: Nowy z etykiet\u0105: Nowy, nieu\u017cywany i nienoszony produkt w oryginalnym opakowaniu.<\/p>\n<table style=\"height: 156px;\" border=\"0\" width=\"397\" frame=\"VOID\" rules=\"NONE\" cellspacing=\"0\">\n<colgroup>\n<col width=\"242\" \/>\n<col width=\"87\" \/><\/colgroup>\n<tbody>\n<tr>\n<td align=\"LEFT\" width=\"242\" height=\"17\">Marka<\/td>\n<td align=\"LEFT\" width=\"87\">SONGMICS<\/td>\n<\/tr>\n<tr>\n<td align=\"LEFT\" height=\"17\">Kompatible Ger\u00e4te<\/td>\n<td align=\"LEFT\">Drucker<\/td>\n<\/tr>\n<tr>\n<td align=\"LEFT\" height=\"17\">Empfohlene Anwendungen f\u00fcr Produkt<\/td>\n<td align=\"LEFT\">Schreibtisch<\/td>\n<\/tr>\n<tr>\n<td align=\"LEFT\" height=\"17\">Kolor<\/td>\n<td align=\"LEFT\">Natura<\/td>\n<\/tr>\n<tr>\n<td align=\"LEFT\" height=\"17\">Befestigungsart<\/td>\n<td align=\"LEFT\">Tischplatte<\/td>\n<\/tr>\n<\/tbody>\n<\/table>","protected":false},"featured_media":80665,"comment_status":"open","ping_status":"closed","template":"","meta":{"_seopress_robots_primary_cat":"","_seopress_titles_title":"","_seopress_titles_desc":"","_seopress_robots_index":""},"product_brand":[],"product_cat":[1421],"product_tag":[],"class_list":{"0":"post-80560","1":"product","2":"type-product","3":"status-publish","4":"has-post-thumbnail","6":"product_cat-buerobedarf","7":"product_shipping_class-standard-versand","9":"first","10":"instock","11":"sale","12":"taxable","13":"shipping-taxable","14":"purchasable","15":"product-type-simple"},"_links":{"self":[{"href":"https:\/\/www.soanam.de\/pl\/wp-json\/wp\/v2\/product\/80560","targetHints":{"allow":["GET"]}}],"collection":[{"href":"https:\/\/www.soanam.de\/pl\/wp-json\/wp\/v2\/product"}],"about":[{"href":"https:\/\/www.soanam.de\/pl\/wp-json\/wp\/v2\/types\/product"}],"replies":[{"embeddable":true,"href":"https:\/\/www.soanam.de\/pl\/wp-json\/wp\/v2\/comments?post=80560"}],"wp:featuredmedia":[{"embeddable":true,"href":"https:\/\/www.soanam.de\/pl\/wp-json\/wp\/v2\/media\/80665"}],"wp:attachment":[{"href":"https:\/\/www.soanam.de\/pl\/wp-json\/wp\/v2\/media?parent=80560"}],"wp:term":[{"taxonomy":"product_brand","embeddable":true,"href":"https:\/\/www.soanam.de\/pl\/wp-json\/wp\/v2\/product_brand?post=80560"},{"taxonomy":"product_cat","embeddable":true,"href":"https:\/\/www.soanam.de\/pl\/wp-json\/wp\/v2\/product_cat?post=80560"},{"taxonomy":"product_tag","embeddable":true,"href":"https:\/\/www.soanam.de\/pl\/wp-json\/wp\/v2\/product_tag?post=80560"}],"curies":[{"name":"wp","href":"https:\/\/api.w.org\/{rel}","templated":true}]}}