{"id":80514,"date":"2023-12-14T01:32:18","date_gmt":"2023-12-14T00:32:18","guid":{"rendered":"https:\/\/www.soanam.de\/?post_type=product&#038;p=80514"},"modified":"2023-12-14T01:34:31","modified_gmt":"2023-12-14T00:34:31","slug":"kurtka-treningowa-puma-w-kolorze-rozowym-rozmiar-l","status":"publish","type":"product","link":"https:\/\/www.soanam.de\/pl\/produkt\/puma-trainingsjacke-in-rosa-groesse-l\/","title":{"rendered":"Kurtka treningowa Puma, r\u00f3\u017cowa, rozmiar L"},"content":{"rendered":"<p>W\u0105ska kurtka z kapturem od Puma<br \/>\nKieszenie kangurki<br \/>\nSzerokie, mi\u0119kkie pr\u0105\u017ckowane mankiety<br \/>\nBoczne kieszenie ze \u015bci\u0105gaczem<br \/>\nHaftowane logo<br \/>\nMi\u0119kki materia\u0142 dresowy z bawe\u0142n\u0105<\/p>\n<p>Ta kurtka treningowa zosta\u0142a zaprojektowana z my\u015bl\u0105 o wi\u0119kszym komforcie i funkcjonalno\u015bci.<br \/>\nKaptur ze sznurkiem do idealnego dopasowania jest niezwykle wygodny, a praktyczne detale, takie jak otwarte kieszenie boczne, zapewniaj\u0105 mn\u00f3stwo miejsca na wszystko, czego potrzebujesz w podr\u00f3\u017cy.<br \/>\nCo wi\u0119cej, ta bawe\u0142niana bluza zosta\u0142a wyprodukowana przez Better Cotton Initiative, co oznacza, \u017ce Tw\u00f3j zakup wspiera bardziej zr\u00f3wnowa\u017con\u0105 upraw\u0119 bawe\u0142ny.<\/p>\n<p>Materia\u0142: 68 bawe\u0142na %, 32 poliester %<br \/>\nWskaz\u00f3wki dotycz\u0105ce piel\u0119gnacji: Pra\u0107 w pralce<\/p>\n<p>Kolor: r\u00f3\u017cowy<br \/>\nWz\u00f3r: haftowane logo<br \/>\nRozmiar: L<\/p>\n<p>Szeroko\u015b\u0107 ramion: 66 cm<br \/>\nSzeroko\u015b\u0107 klatki piersiowej: 113 cm<br \/>\nD\u0142ugo\u015b\u0107 r\u0119kawa: 54 cm<br \/>\nCa\u0142kowita d\u0142ugo\u015b\u0107: 63 cm<\/p>","protected":false},"excerpt":{"rendered":"<table class=\"dv_characteristicsTable\">\n<tbody>\n<tr>\n<td class=\"left\">Rozmiar<\/td>\n<td>L<\/td>\n<\/tr>\n<tr>\n<td class=\"left\">Gr\u00f6\u00dfentyp<\/td>\n<td>Normalgr\u00f6\u00dfen<\/td>\n<\/tr>\n<tr>\n<td class=\"left\">Sk\u0142ad materia\u0142u<\/td>\n<td>68 % Baumwolle, 32 % Polyester<\/td>\n<\/tr>\n<tr>\n<td class=\"left\">Materialart<\/td>\n<td>Sweatware<\/td>\n<\/tr>\n<tr>\n<td class=\"left\">Instrukcje dotycz\u0105ce piel\u0119gnacji<\/td>\n<td>Pranie w pralce<\/td>\n<\/tr>\n<tr>\n<td class=\"left\">Optik<\/td>\n<td>unifarben<\/td>\n<\/tr>\n<tr>\n<td class=\"left\">Stil<\/td>\n<td>Basic<\/td>\n<\/tr>\n<tr>\n<td class=\"left\">Kolor<\/td>\n<td>foxglove<\/td>\n<\/tr>\n<tr>\n<td class=\"left\">Kragen<\/td>\n<td>Kaptur<\/td>\n<\/tr>\n<tr>\n<td class=\"left\">Ausschnitt<\/td>\n<td>ohne Ausschnitt<\/td>\n<\/tr>\n<tr>\n<td class=\"left\">\u00c4rmel<\/td>\n<td>D\u0142ugi r\u0119kaw<\/td>\n<\/tr>\n<tr>\n<td class=\"left\">\u00c4rmeldetails<\/td>\n<td>Raglanowe r\u0119kawy<\/td>\n<\/tr>\n<tr>\n<td class=\"left\">\u00c4rmelabschluss<\/td>\n<td>B\u00fcndchen<\/td>\n<\/tr>\n<tr>\n<td class=\"left\">Rumpfabschluss<\/td>\n<td>gerade<\/td>\n<\/tr>\n<tr>\n<td class=\"left\">Dopasowanie<\/td>\n<td>slim fit<\/td>\n<\/tr>\n<tr>\n<td class=\"left\">Schnittform L\u00e4nge<\/td>\n<td>h\u00fcftbedeckend<\/td>\n<\/tr>\n<tr>\n<td class=\"left\">Kaptur<\/td>\n<td>mit Kapuze<\/td>\n<\/tr>\n<tr>\n<td class=\"left\">Torby<\/td>\n<td>Kieszenie<\/td>\n<\/tr>\n<tr>\n<td class=\"left\">Verschluss<\/td>\n<td>Zamek b\u0142yskawiczny<\/td>\n<\/tr>\n<tr>\n<td class=\"left\">Besondere Merkmale<\/td>\n<td>Haftowane logo<\/td>\n<\/tr>\n<\/tbody>\n<\/table>","protected":false},"featured_media":80607,"comment_status":"open","ping_status":"closed","template":"","meta":{"_seopress_robots_primary_cat":"","_seopress_titles_title":"","_seopress_titles_desc":"","_seopress_robots_index":""},"product_brand":[],"product_cat":[1348,1354,1402,1585,1599],"product_tag":[],"class_list":{"0":"post-80514","1":"product","2":"type-product","3":"status-publish","4":"has-post-thumbnail","6":"product_cat-damen-mode","7":"product_cat-jacken-maentel","8":"product_cat-sportbekleidung-damen-mode","9":"product_cat-jacken-sportbekleidung-damen-mode","10":"product_cat-shirtjacken","11":"product_shipping_class-standard-versand","13":"first","14":"instock","15":"sale","16":"taxable","17":"shipping-taxable","18":"purchasable","19":"product-type-simple"},"_links":{"self":[{"href":"https:\/\/www.soanam.de\/pl\/wp-json\/wp\/v2\/product\/80514","targetHints":{"allow":["GET"]}}],"collection":[{"href":"https:\/\/www.soanam.de\/pl\/wp-json\/wp\/v2\/product"}],"about":[{"href":"https:\/\/www.soanam.de\/pl\/wp-json\/wp\/v2\/types\/product"}],"replies":[{"embeddable":true,"href":"https:\/\/www.soanam.de\/pl\/wp-json\/wp\/v2\/comments?post=80514"}],"wp:featuredmedia":[{"embeddable":true,"href":"https:\/\/www.soanam.de\/pl\/wp-json\/wp\/v2\/media\/80607"}],"wp:attachment":[{"href":"https:\/\/www.soanam.de\/pl\/wp-json\/wp\/v2\/media?parent=80514"}],"wp:term":[{"taxonomy":"product_brand","embeddable":true,"href":"https:\/\/www.soanam.de\/pl\/wp-json\/wp\/v2\/product_brand?post=80514"},{"taxonomy":"product_cat","embeddable":true,"href":"https:\/\/www.soanam.de\/pl\/wp-json\/wp\/v2\/product_cat?post=80514"},{"taxonomy":"product_tag","embeddable":true,"href":"https:\/\/www.soanam.de\/pl\/wp-json\/wp\/v2\/product_tag?post=80514"}],"curies":[{"name":"wp","href":"https:\/\/api.w.org\/{rel}","templated":true}]}}