{"id":80491,"date":"2023-12-14T01:31:52","date_gmt":"2023-12-14T00:31:52","guid":{"rendered":"https:\/\/www.soanam.de\/?post_type=product&#038;p=80491"},"modified":"2023-12-14T01:33:41","modified_gmt":"2023-12-14T00:33:41","slug":"mobilne-trio-ozywia-przestrzen","status":"publish","type":"product","link":"https:\/\/www.soanam.de\/pl\/produkt\/mobile-trio-mobiles-beleben-befluegeln-raeume\/","title":{"rendered":"MOBIL\u00c9 Trio - telefony kom\u00f3rkowe o\u017cywiaj\u0105 przestrze\u0144!"},"content":{"rendered":"<h3>Opis<\/h3>\n<p>Pi\u0119kna dekoracja do pomieszcze\u0144 mieszkalnych i roboczych, pokoi dzieci\u0119cych i senior\u00f3w.<\/p>\n<p>Mobile TRIO. Ten r\u0119cznie wykonany telefon kom\u00f3rkowy sk\u0142ada si\u0119 z 6 cz\u0119\u015bci, kt\u00f3re w zabawny spos\u00f3b uzupe\u0142niaj\u0105 dzie\u0144 kolorowymi okr\u0119gami. Poziome i pionowe pozycje okr\u0119g\u00f3w wzgl\u0119dem siebie tworz\u0105 od\u015bwie\u017caj\u0105ce konstelacje pod r\u00f3\u017cnymi k\u0105tami.<\/p>\n<p>Poszczeg\u00f3lne elementy wykonane s\u0105 z wysokiej jako\u015bci, jednobarwnego papieru o gramaturze 600 g, kt\u00f3ry zosta\u0142 r\u0119cznie pomalowany trwa\u0142ymi kolorami. Mobil\u00e9 jest wyposa\u017cony w wystarczaj\u0105co d\u0142ug\u0105 ni\u0107 i p\u0119tl\u0119 do zawieszania<\/p>\n<p>Jest ozdob\u0105 wielu pomieszcze\u0144 i \"zakamark\u00f3w\". Wsz\u0119dzie przyci\u0105ga wzrok.<\/p>\n<p>Przestrzenny obiekt poruszaj\u0105cy si\u0119 na wietrze, kt\u00f3ry rzuca urok na widza. Powierzchnie poruszaj\u0105 si\u0119 przy najmniejszym powiewie wiatru i obracaj\u0105 si\u0119 wok\u00f3\u0142 siebie. Unosi si\u0119 i uspokaja widza.<\/p>","protected":false},"excerpt":{"rendered":"<p>Stan produktu: Nowy z etykiet\u0105: Nowy, nieu\u017cywany i nienoszony produkt w oryginalnym opakowaniu.<\/p>\n<p>Artikelmerkmale<\/p>\n<p>6-teilig, signiert<br \/>\nGr\u00f6\u00dfe ca. 40 x 50cm<br \/>\nMaterial: Edelstahldraht, (festes) 600 gr Papier, bemalt und lackiert.<\/p>","protected":false},"featured_media":80579,"comment_status":"open","ping_status":"closed","template":"","meta":{"_seopress_robots_primary_cat":"","_seopress_titles_title":"","_seopress_titles_desc":"","_seopress_robots_index":""},"product_brand":[],"product_cat":[1400,1420],"product_tag":[],"class_list":{"0":"post-80491","1":"product","2":"type-product","3":"status-publish","4":"has-post-thumbnail","6":"product_cat-wohnzubehoer","7":"product_cat-wohndekoration","8":"product_shipping_class-standard-versand","10":"first","11":"instock","12":"sale","13":"taxable","14":"shipping-taxable","15":"purchasable","16":"product-type-simple"},"_links":{"self":[{"href":"https:\/\/www.soanam.de\/pl\/wp-json\/wp\/v2\/product\/80491","targetHints":{"allow":["GET"]}}],"collection":[{"href":"https:\/\/www.soanam.de\/pl\/wp-json\/wp\/v2\/product"}],"about":[{"href":"https:\/\/www.soanam.de\/pl\/wp-json\/wp\/v2\/types\/product"}],"replies":[{"embeddable":true,"href":"https:\/\/www.soanam.de\/pl\/wp-json\/wp\/v2\/comments?post=80491"}],"wp:featuredmedia":[{"embeddable":true,"href":"https:\/\/www.soanam.de\/pl\/wp-json\/wp\/v2\/media\/80579"}],"wp:attachment":[{"href":"https:\/\/www.soanam.de\/pl\/wp-json\/wp\/v2\/media?parent=80491"}],"wp:term":[{"taxonomy":"product_brand","embeddable":true,"href":"https:\/\/www.soanam.de\/pl\/wp-json\/wp\/v2\/product_brand?post=80491"},{"taxonomy":"product_cat","embeddable":true,"href":"https:\/\/www.soanam.de\/pl\/wp-json\/wp\/v2\/product_cat?post=80491"},{"taxonomy":"product_tag","embeddable":true,"href":"https:\/\/www.soanam.de\/pl\/wp-json\/wp\/v2\/product_tag?post=80491"}],"curies":[{"name":"wp","href":"https:\/\/api.w.org\/{rel}","templated":true}]}}