{"id":80448,"date":"2023-12-14T01:30:57","date_gmt":"2023-12-14T00:30:57","guid":{"rendered":"https:\/\/www.soanam.de\/?post_type=product&#038;p=80448"},"modified":"2023-12-14T01:33:05","modified_gmt":"2023-12-14T00:33:05","slug":"essence-zestaw-daily-dose-of-love-paleta-cieni-do-powiek-shine-shine-shine-blyszczyk-do-ust","status":"publish","type":"product","link":"https:\/\/www.soanam.de\/pl\/produkt\/essence-set-daily-dose-of-love-eyeshadow-palette-shine-shine-shine-lipgloss\/","title":{"rendered":"Zestaw essence - DAILY DOSE OF LOVE EYESHADOW PALETTE + b\u0142yszczyk shine shine shine"},"content":{"rendered":"<h3>Opis produktu<\/h3>\n<p>Ein kleines Set, um gro\u00dfe Freude zu bereiten!<\/p>\n<p><strong>Eyeshadow<\/strong><\/p>\n<p>Mit den jeweils neun metallischen, schimmernden und matten hochpigmentierten Shades sind ausdrucksstarken Eye-Make-ups keine Grenzen gesetzt.<br \/>\nDie DAILY DOSE OF LOVE Palette enth\u00e4lt wundersch\u00f6ne tragbare, ros\u00e9farbene Eyeshadows.<br \/>\nEin echter Hingucker ist das nachhaltige Packaging, denn es besteht zu 100 Prozent aus recyceltem Papier, kommt ohne Magneten aus und passt dank seiner handlichen Gr\u00f6\u00dfe in jede Lieblingshandtasche.<\/p>\n<p><strong>Lipgloss<\/strong><\/p>\n<p>Der Lipgloss verleiht einen extremen Glanz mit lichtreflektierendem Wet-Look-Effekt.<br \/>\nDie geschmeidige Textur f\u00fchlt sich angenehm an und kommt in schimmerndem Pink mit Prisma-Glow-Finish.<br \/>\nDer herzf\u00f6rmige Flock-Applikator mit softer Beschichtung erm\u00f6glicht einen pr\u00e4zisen, geschmeidigen Auftrag.<\/p>","protected":false},"excerpt":{"rendered":"<h3>Artikelmerkmale<\/h3>\n<p>Artikelzustand: Neu - Neuer, unbenutzter und unbesch\u00e4digter Artikel in der unge\u00f6ffneten Verpackung<\/p>\n<table dir=\"ltr\" border=\"1\" cellspacing=\"0\" cellpadding=\"0\">\n<colgroup>\n<col width=\"194\" \/>\n<col width=\"211\" \/><\/colgroup>\n<tbody>\n<tr>\n<td data-sheets-value=\"{&quot;1&quot;:2,&quot;2&quot;:&quot;Anzahl der Teile:&quot;}\">Anzahl der Teile:<\/td>\n<td data-sheets-value=\"{&quot;1&quot;:3,&quot;3&quot;:2}\">2<\/td>\n<\/tr>\n<tr>\n<td data-sheets-value=\"{&quot;1&quot;:2,&quot;2&quot;:&quot;Besonderheiten:&quot;}\">Funkcje specjalne:<\/td>\n<td data-sheets-value=\"{&quot;1&quot;:2,&quot;2&quot;:&quot;Packung aus recyceltem Papier&quot;}\">Packung aus recyceltem Papier<\/td>\n<\/tr>\n<tr>\n<td data-sheets-value=\"{&quot;1&quot;:2,&quot;2&quot;:&quot;EAN:&quot;}\">EAN:<\/td>\n<td data-sheets-value=\"{&quot;1&quot;:3,&quot;3&quot;:4059729271099}\">4059729271099<\/td>\n<\/tr>\n<tr>\n<td data-sheets-value=\"{&quot;1&quot;:2,&quot;2&quot;:&quot;Effekt:&quot;}\">Effekt:<\/td>\n<td data-sheets-value=\"{&quot;1&quot;:2,&quot;2&quot;:&quot;Schimmer und Matt&quot;}\">Schimmer und Matt<\/td>\n<\/tr>\n<tr>\n<td data-sheets-value=\"{&quot;1&quot;:2,&quot;2&quot;:&quot;Farbe:&quot;}\">Kolor:<\/td>\n<td data-sheets-value=\"{&quot;1&quot;:2,&quot;2&quot;:&quot;Rosa&quot;}\">R\u00f3\u017cowy<\/td>\n<\/tr>\n<tr>\n<td data-sheets-value=\"{&quot;1&quot;:2,&quot;2&quot;:&quot;Formulierung:&quot;}\">Formulierung:<\/td>\n<td data-sheets-value=\"{&quot;1&quot;:2,&quot;2&quot;:&quot;diverse&quot;}\">diverse<\/td>\n<\/tr>\n<tr>\n<td data-sheets-value=\"{&quot;1&quot;:2,&quot;2&quot;:&quot;Gr\u00f6\u00dfe:&quot;}\">Gr\u00f6\u00dfe:<\/td>\n<td data-sheets-value=\"{&quot;1&quot;:2,&quot;2&quot;:&quot;Pack&quot;}\">Pack<\/td>\n<\/tr>\n<tr>\n<td data-sheets-value=\"{&quot;1&quot;:2,&quot;2&quot;:&quot;Makeup-Ton:&quot;}\">Makeup-Ton:<\/td>\n<td data-sheets-value=\"{&quot;1&quot;:2,&quot;2&quot;:&quot;Rose&quot;}\">Rose<\/td>\n<\/tr>\n<tr>\n<td data-sheets-value=\"{&quot;1&quot;:2,&quot;2&quot;:&quot;Marke:&quot;}\">Marke:<\/td>\n<td data-sheets-value=\"{&quot;1&quot;:2,&quot;2&quot;:&quot;essence&quot;}\">essence<\/td>\n<\/tr>\n<tr>\n<td data-sheets-value=\"{&quot;1&quot;:2,&quot;2&quot;:&quot;Produktart:&quot;}\">Produktart:<\/td>\n<td data-sheets-value=\"{&quot;1&quot;:2,&quot;2&quot;:&quot;Lipgloss&quot;}\">Lipgloss<\/td>\n<\/tr>\n<tr>\n<td data-sheets-value=\"{&quot;1&quot;:2,&quot;2&quot;:&quot;Set enth\u00e4lt:&quot;}\">Set enth\u00e4lt:<\/td>\n<td data-sheets-value=\"{&quot;1&quot;:2,&quot;2&quot;:&quot;Lidschatten, Lipgloss&quot;}\">Lidschatten, Lipgloss<\/td>\n<\/tr>\n<tr>\n<td data-sheets-value=\"{&quot;1&quot;:2,&quot;2&quot;:&quot;Verwendungsdauer:&quot;}\">Verwendungsdauer:<\/td>\n<td data-sheets-value=\"{&quot;1&quot;:2,&quot;2&quot;:&quot;24h&quot;}\">24h<\/td>\n<\/tr>\n<\/tbody>\n<\/table>","protected":false},"featured_media":80549,"comment_status":"open","ping_status":"closed","template":"","meta":{"_seopress_robots_primary_cat":"","_seopress_titles_title":"","_seopress_titles_desc":"","_seopress_robots_index":""},"product_brand":[],"product_cat":[1442,1449],"product_tag":[],"class_list":{"0":"post-80448","1":"product","2":"type-product","3":"status-publish","4":"has-post-thumbnail","6":"product_cat-kosmetik","7":"product_cat-sonstiges-kosmetik","8":"product_shipping_class-standard-versand","10":"first","11":"instock","12":"sale","13":"taxable","14":"shipping-taxable","15":"purchasable","16":"product-type-simple"},"_links":{"self":[{"href":"https:\/\/www.soanam.de\/pl\/wp-json\/wp\/v2\/product\/80448","targetHints":{"allow":["GET"]}}],"collection":[{"href":"https:\/\/www.soanam.de\/pl\/wp-json\/wp\/v2\/product"}],"about":[{"href":"https:\/\/www.soanam.de\/pl\/wp-json\/wp\/v2\/types\/product"}],"replies":[{"embeddable":true,"href":"https:\/\/www.soanam.de\/pl\/wp-json\/wp\/v2\/comments?post=80448"}],"wp:featuredmedia":[{"embeddable":true,"href":"https:\/\/www.soanam.de\/pl\/wp-json\/wp\/v2\/media\/80549"}],"wp:attachment":[{"href":"https:\/\/www.soanam.de\/pl\/wp-json\/wp\/v2\/media?parent=80448"}],"wp:term":[{"taxonomy":"product_brand","embeddable":true,"href":"https:\/\/www.soanam.de\/pl\/wp-json\/wp\/v2\/product_brand?post=80448"},{"taxonomy":"product_cat","embeddable":true,"href":"https:\/\/www.soanam.de\/pl\/wp-json\/wp\/v2\/product_cat?post=80448"},{"taxonomy":"product_tag","embeddable":true,"href":"https:\/\/www.soanam.de\/pl\/wp-json\/wp\/v2\/product_tag?post=80448"}],"curies":[{"name":"wp","href":"https:\/\/api.w.org\/{rel}","templated":true}]}}