{"id":80423,"date":"2023-12-14T01:30:19","date_gmt":"2023-12-14T00:30:19","guid":{"rendered":"https:\/\/www.soanam.de\/?post_type=product&#038;p=80423"},"modified":"2023-12-14T01:32:34","modified_gmt":"2023-12-14T00:32:34","slug":"bella-ellis-zaginiona-panna-mloda-powiesc-kryminalna-siostry-bronte-tom-1","status":"publish","type":"product","link":"https:\/\/www.soanam.de\/pl\/produkt\/bella-ellis-die-verschwundene-braut-kriminalroman-die-bronte-schwestern-bd-1\/","title":{"rendered":"Bella Ellis - Zaginiona panna m\u0142oda, powie\u015b\u0107 kryminalna, Siostry Bront\u00eb tom 1"},"content":{"rendered":"<h3>Opis produktu<\/h3>\n<p>Morderstwo bez cia\u0142a? Siostry Bront\u00eb prowadz\u0105 \u015bledztwo ...<\/p>\n<p>Yorkshire, 1845: Tajemniczy incydent wstrz\u0105sa posiad\u0142o\u015bci\u0105 Chester Grange. M\u0142oda \u017cona w\u0142a\u015bciciela posiad\u0142o\u015bci znikn\u0119\u0142a w nocy bez \u015bladu, a jej sypialnia zosta\u0142a zdewastowana i pokryta krwi\u0105. Wszystko wskazuje na straszliw\u0105 zbrodni\u0119. Kiedy Charlotte, Emily i Anne Bront\u00eb dowiaduj\u0105 si\u0119 o tym strasznym wydarzeniu, s\u0105 przera\u017cone - ale tak\u017ce zafascynowane. Trzy c\u00f3rki wiejskiego wikarego postanawiaj\u0105 rozwi\u0105za\u0107 zagadk\u0119. Niezra\u017cone i przeciwstawiaj\u0105ce si\u0119 wszelkim spo\u0142ecznym konwenansom, siostry kontynuuj\u0105 \u015bledztwo, nara\u017caj\u0105c przy tym nawet w\u0142asne \u017cycie.<\/p>\n<p>\"Elegancka, zabawna i absolutnie warta przeczytania\" - The Bront\u00eb Sisters 1<\/p>\n<p><strong>Szczeg\u00f3\u0142y produktu<\/strong><br \/>\nEAN: 9783866124813<br \/>\nData publikacji: 02.03.2020<br \/>\nJ\u0119zyk: niemiecki<br \/>\nLiczba stron: 384<br \/>\nAutor: Bella Ellis<br \/>\nISBN: 3866124813<br \/>\nOprawa: mi\u0119kka<br \/>\nT\u0142umaczenie: Kathi Linden<br \/>\nWydawnictwo Pendo GmbH<br \/>\n2 marca 2020 r. - mi\u0119kka oprawa - 384 strony<br \/>\nTytu\u0142 orygina\u0142u: The Vanished Bride. 3rd edition<\/p>","protected":false},"excerpt":{"rendered":"<h3>Artikelmerkmale<\/h3>\n<p>Artikelzustand: Neu - Neues, ungelesenes, ungebrauchtes Buch in makellosem Zustand<\/p>\n<table dir=\"ltr\" style=\"height: 745px;\" border=\"1\" width=\"528\" cellspacing=\"0\" cellpadding=\"0\">\n<colgroup>\n<col width=\"194\" \/>\n<col width=\"432\" \/><\/colgroup>\n<tbody>\n<tr>\n<td data-sheets-value=\"{&quot;1&quot;:2,&quot;2&quot;:&quot;Altersempfehlung:&quot;}\">Zalecenia dotycz\u0105ce wieku:<\/td>\n<td data-sheets-value=\"{&quot;1&quot;:2,&quot;2&quot;:&quot;Erwachsene, Jugendliche&quot;}\">Erwachsene, Jugendliche<\/td>\n<\/tr>\n<tr>\n<td data-sheets-value=\"{&quot;1&quot;:2,&quot;2&quot;:&quot;Anzahl der Seiten:&quot;}\">Anzahl der Seiten:<\/td>\n<td data-sheets-value=\"{&quot;1&quot;:2,&quot;2&quot;:&quot;384 Seiten&quot;}\">384 Seiten<\/td>\n<\/tr>\n<tr>\n<td data-sheets-value=\"{&quot;1&quot;:2,&quot;2&quot;:&quot;Autor:&quot;}\">Autor:<\/td>\n<td data-sheets-value=\"{&quot;1&quot;:2,&quot;2&quot;:&quot;Bella Ellis&quot;}\">Bella Ellis<\/td>\n<\/tr>\n<tr>\n<td data-sheets-value=\"{&quot;1&quot;:2,&quot;2&quot;:&quot;Buchreihe:&quot;}\">Buchreihe:<\/td>\n<td data-sheets-value=\"{&quot;1&quot;:2,&quot;2&quot;:&quot;Die Bront\u00eb-Schwestern&quot;}\">Die Bront\u00eb-Schwestern<\/td>\n<\/tr>\n<tr>\n<td data-sheets-value=\"{&quot;1&quot;:2,&quot;2&quot;:&quot;Buchtitel:&quot;}\">Buchtitel:<\/td>\n<td data-sheets-value=\"{&quot;1&quot;:2,&quot;2&quot;:&quot;Die Verschwundene Braut&quot;}\">Die Verschwundene Braut<\/td>\n<\/tr>\n<tr>\n<td data-sheets-value=\"{&quot;1&quot;:2,&quot;2&quot;:&quot;Detailwarengruppe:&quot;}\">Detailwarengruppe:<\/td>\n<td data-sheets-value=\"{&quot;1&quot;:2,&quot;2&quot;:&quot;Krimi\/Kriminalromane&quot;}\">Krimi\/Kriminalromane<\/td>\n<\/tr>\n<tr>\n<td data-sheets-value=\"{&quot;1&quot;:2,&quot;2&quot;:&quot;Erscheinungsdatum:&quot;}\">Erscheinungsdatum:<\/td>\n<td data-sheets-value=\"{&quot;1&quot;:3,&quot;3&quot;:43892}\" data-sheets-numberformat=\"{&quot;1&quot;:5,&quot;2&quot;:&quot;yyyy-mm-dd&quot;,&quot;3&quot;:1}\">2020-03-02<\/td>\n<\/tr>\n<tr>\n<td data-sheets-value=\"{&quot;1&quot;:2,&quot;2&quot;:&quot;Erscheinungsjahr:&quot;}\">Erscheinungsjahr:<\/td>\n<td data-sheets-value=\"{&quot;1&quot;:3,&quot;3&quot;:2020}\">2020<\/td>\n<\/tr>\n<tr>\n<td data-sheets-value=\"{&quot;1&quot;:2,&quot;2&quot;:&quot;Format:&quot;}\">Format:<\/td>\n<td data-sheets-value=\"{&quot;1&quot;:2,&quot;2&quot;:&quot;Taschenbuch&quot;}\">Taschenbuch<\/td>\n<\/tr>\n<tr>\n<td data-sheets-value=\"{&quot;1&quot;:2,&quot;2&quot;:&quot;Gattung:&quot;}\">Gattung:<\/td>\n<td data-sheets-value=\"{&quot;1&quot;:2,&quot;2&quot;:&quot;Roman&quot;}\">Roman<\/td>\n<\/tr>\n<tr>\n<td data-sheets-value=\"{&quot;1&quot;:2,&quot;2&quot;:&quot;Genre:&quot;}\">Genre:<\/td>\n<td data-sheets-value=\"{&quot;1&quot;:2,&quot;2&quot;:&quot;Belletristik&quot;}\">Belletristik<\/td>\n<\/tr>\n<tr>\n<td data-sheets-value=\"{&quot;1&quot;:2,&quot;2&quot;:&quot;Hauptwarengruppe:&quot;}\">Hauptwarengruppe:<\/td>\n<td data-sheets-value=\"{&quot;1&quot;:2,&quot;2&quot;:&quot;Belletristik&quot;}\">Belletristik<\/td>\n<\/tr>\n<tr>\n<td data-sheets-value=\"{&quot;1&quot;:2,&quot;2&quot;:&quot;ISBN:&quot;}\">ISBN:<\/td>\n<td data-sheets-value=\"{&quot;1&quot;:3,&quot;3&quot;:9783866124813}\">9783866124813<\/td>\n<\/tr>\n<tr>\n<td data-sheets-value=\"{&quot;1&quot;:2,&quot;2&quot;:&quot;Kategorie:&quot;}\">Kategorie:<\/td>\n<td data-sheets-value=\"{&quot;1&quot;:2,&quot;2&quot;:&quot;Buch&quot;}\">Buch<\/td>\n<\/tr>\n<tr>\n<td data-sheets-value=\"{&quot;1&quot;:2,&quot;2&quot;:&quot;Kulturkreis:&quot;}\">Kulturkreis:<\/td>\n<td data-sheets-value=\"{&quot;1&quot;:2,&quot;2&quot;:&quot;Englische Literatur&quot;}\">Englische Literatur<\/td>\n<\/tr>\n<tr>\n<td data-sheets-value=\"{&quot;1&quot;:2,&quot;2&quot;:&quot;Medium:&quot;}\">Medium:<\/td>\n<td data-sheets-value=\"{&quot;1&quot;:2,&quot;2&quot;:&quot;Kartoniert \/ Broschiert&quot;}\">Kartoniert \/ Broschiert<\/td>\n<\/tr>\n<tr>\n<td data-sheets-value=\"{&quot;1&quot;:2,&quot;2&quot;:&quot;Originalsprache:&quot;}\">Originalsprache:<\/td>\n<td data-sheets-value=\"{&quot;1&quot;:2,&quot;2&quot;:&quot;Englisch&quot;}\">Englisch<\/td>\n<\/tr>\n<tr>\n<td data-sheets-value=\"{&quot;1&quot;:2,&quot;2&quot;:&quot;Originaltitel:&quot;}\">Originaltitel:<\/td>\n<td data-sheets-value=\"{&quot;1&quot;:2,&quot;2&quot;:&quot;The Vanished Bride&quot;}\">The Vanished Bride<\/td>\n<\/tr>\n<tr>\n<td data-sheets-value=\"{&quot;1&quot;:2,&quot;2&quot;:&quot;Produktart:&quot;}\">Produktart:<\/td>\n<td data-sheets-value=\"{&quot;1&quot;:2,&quot;2&quot;:&quot;Roman&quot;}\">Roman<\/td>\n<\/tr>\n<tr>\n<td data-sheets-value=\"{&quot;1&quot;:2,&quot;2&quot;:&quot;Schlagwort:&quot;}\">Schlagwort:<\/td>\n<td data-sheets-value=\"{&quot;1&quot;:2,&quot;2&quot;:&quot;England Roman, Erz\u00e4hlung, Humor Englische Belletristik Historisch&quot;}\">England Roman, Erz\u00e4hlung, Humor Englische Belletristik Historisch<\/td>\n<\/tr>\n<tr>\n<td data-sheets-value=\"{&quot;1&quot;:2,&quot;2&quot;:&quot;Seiten:&quot;}\">Seiten:<\/td>\n<td data-sheets-value=\"{&quot;1&quot;:3,&quot;3&quot;:384}\">384<\/td>\n<\/tr>\n<tr>\n<td data-sheets-value=\"{&quot;1&quot;:2,&quot;2&quot;:&quot;Serienfolge:&quot;}\">Serienfolge:<\/td>\n<td data-sheets-value=\"{&quot;1&quot;:3,&quot;3&quot;:1}\">1<\/td>\n<\/tr>\n<tr>\n<td data-sheets-value=\"{&quot;1&quot;:2,&quot;2&quot;:&quot;Sprache:&quot;}\">Sprache:<\/td>\n<td data-sheets-value=\"{&quot;1&quot;:2,&quot;2&quot;:&quot;Deutsch&quot;}\">Niemiecki<\/td>\n<\/tr>\n<tr>\n<td data-sheets-value=\"{&quot;1&quot;:2,&quot;2&quot;:&quot;Thema:&quot;}\">Thema:<\/td>\n<td data-sheets-value=\"{&quot;1&quot;:2,&quot;2&quot;:&quot;Historische Kriminalromane Klassische Kriminalromane Kriminalroman&quot;}\">Historische Kriminalromane Klassische Kriminalromane Kriminalroman<\/td>\n<\/tr>\n<tr>\n<td data-sheets-value=\"{&quot;1&quot;:2,&quot;2&quot;:&quot;Titelzusatz:&quot;}\">Titelzusatz:<\/td>\n<td data-sheets-value=\"{&quot;1&quot;:2,&quot;2&quot;:&quot;Kriminalroman&quot;}\">Kriminalroman<\/td>\n<\/tr>\n<tr>\n<td data-sheets-value=\"{&quot;1&quot;:2,&quot;2&quot;:&quot;Uebersetzer:&quot;}\">Uebersetzer:<\/td>\n<td data-sheets-value=\"{&quot;1&quot;:2,&quot;2&quot;:&quot;Kathi Linden&quot;}\">Kathi Linden<\/td>\n<\/tr>\n<tr>\n<td data-sheets-value=\"{&quot;1&quot;:2,&quot;2&quot;:&quot;Verlag:&quot;}\">Verlag:<\/td>\n<td data-sheets-value=\"{&quot;1&quot;:2,&quot;2&quot;:&quot;Pendo Verlag Gmbh, Pendo Verlag&quot;}\">Pendo Verlag Gmbh, Pendo Verlag<\/td>\n<\/tr>\n<\/tbody>\n<\/table>","protected":false},"featured_media":80525,"comment_status":"open","ping_status":"closed","template":"","meta":{"_seopress_robots_primary_cat":"","_seopress_titles_title":"","_seopress_titles_desc":"","_seopress_robots_index":""},"product_brand":[],"product_cat":[1428,1429,1434,1451,1452],"product_tag":[],"class_list":{"0":"post-80423","1":"product","2":"type-product","3":"status-publish","4":"has-post-thumbnail","6":"product_cat-buecher","7":"product_cat-jugend","8":"product_cat-erwachsene","9":"product_cat-romane","10":"product_cat-romane-jugend","11":"product_shipping_class-standard-versand","13":"first","14":"instock","15":"sale","16":"taxable","17":"shipping-taxable","18":"purchasable","19":"product-type-simple"},"_links":{"self":[{"href":"https:\/\/www.soanam.de\/pl\/wp-json\/wp\/v2\/product\/80423","targetHints":{"allow":["GET"]}}],"collection":[{"href":"https:\/\/www.soanam.de\/pl\/wp-json\/wp\/v2\/product"}],"about":[{"href":"https:\/\/www.soanam.de\/pl\/wp-json\/wp\/v2\/types\/product"}],"replies":[{"embeddable":true,"href":"https:\/\/www.soanam.de\/pl\/wp-json\/wp\/v2\/comments?post=80423"}],"wp:featuredmedia":[{"embeddable":true,"href":"https:\/\/www.soanam.de\/pl\/wp-json\/wp\/v2\/media\/80525"}],"wp:attachment":[{"href":"https:\/\/www.soanam.de\/pl\/wp-json\/wp\/v2\/media?parent=80423"}],"wp:term":[{"taxonomy":"product_brand","embeddable":true,"href":"https:\/\/www.soanam.de\/pl\/wp-json\/wp\/v2\/product_brand?post=80423"},{"taxonomy":"product_cat","embeddable":true,"href":"https:\/\/www.soanam.de\/pl\/wp-json\/wp\/v2\/product_cat?post=80423"},{"taxonomy":"product_tag","embeddable":true,"href":"https:\/\/www.soanam.de\/pl\/wp-json\/wp\/v2\/product_tag?post=80423"}],"curies":[{"name":"wp","href":"https:\/\/api.w.org\/{rel}","templated":true}]}}