{"id":80421,"date":"2023-12-14T01:30:18","date_gmt":"2023-12-14T00:30:18","guid":{"rendered":"https:\/\/www.soanam.de\/?post_type=product&#038;p=80421"},"modified":"2023-12-14T01:32:28","modified_gmt":"2023-12-14T00:32:28","slug":"yaa-gyasi-transcendent-kingdom-paperback-english-2020","status":"publish","type":"product","link":"https:\/\/www.soanam.de\/pl\/produkt\/yaa-gyasi-transcendent-kingdom-taschenbuch-englisch-2020\/","title":{"rendered":"Yaa Gyasi \"Transcendent Kingdom\" Paperback, English, 2020"},"content":{"rendered":"<h3>Opis produktu<\/h3>\n<p>W dzieci\u0144stwie Gifty prosi\u0142a rodzic\u00f3w o opowiedzenie historii ich podr\u00f3\u017cy z Ghany do Alabamy, szukaj\u0105c ucieczki w mitach o bohaterstwie i romansie. Kiedy jej ojciec i brat poddaj\u0105 si\u0119 surowej rzeczywisto\u015bci \u017cycia imigrant\u00f3w na ameryka\u0144skim Po\u0142udniu, ich czteroosobowa rodzina staje si\u0119 dwuosobowa - a \u017cycie, o kt\u00f3rym marzy\u0142a Gifty, wymyka si\u0119 spod kontroli.<\/p>\n<p>Po latach, zdesperowana, by zrozumie\u0107 uzale\u017cnienie od opioid\u00f3w, kt\u00f3re zniszczy\u0142o \u017cycie jej brata, zwraca si\u0119 do nauki w poszukiwaniu odpowiedzi. Ale kiedy jej matka przyje\u017cd\u017ca do niej, Gifty wkr\u00f3tce dowiaduje si\u0119, \u017ce korzenie ich spl\u0105tanych traum si\u0119gaj\u0105 dalej, ni\u017c kiedykolwiek my\u015bla\u0142a. \u015aledzenie historii swojej rodziny przez kontynenty i pokolenia zaprowadzi j\u0105 g\u0142\u0119boko w mroczne serce wsp\u00f3\u0142czesnej Ameryki<\/p>\n<p><strong>Szczeg\u00f3\u0142y produktu<\/strong><br \/>\nWydawca : Viking<br \/>\nJ\u0119zyk : angielski<br \/>\nLiczba stron: 288 stron<br \/>\nISBN-10 : 024143338X<br \/>\nISBN-13 : 978-0241433386<br \/>\nWymiary: 15,3 x 2,1 x 23,4 cm<\/p>\n<p>Transcendent Kingdom to przejmuj\u0105ca opowie\u015b\u0107 o mi\u0142o\u015bci, stracie i odkupieniu, a tak\u017ce o niezliczonych sposobach, w jakie pr\u00f3bujemy odbudowa\u0107 nasze \u017cycie z gruz\u00f3w naszej zbiorowej przesz\u0142o\u015bci.<\/p>","protected":false},"excerpt":{"rendered":"<h3>Artikelmerkmale<\/h3>\n<p>Artikelzustand: Neu - Neues, ungelesenes, ungebrauchtes Buch in makellosem Zustand<\/p>\n<table dir=\"ltr\" border=\"1\" cellspacing=\"0\" cellpadding=\"0\">\n<colgroup>\n<col width=\"194\" \/>\n<col width=\"261\" \/><\/colgroup>\n<tbody>\n<tr>\n<td data-sheets-value=\"{&quot;1&quot;:2,&quot;2&quot;:&quot;Anzahl der Seiten:&quot;}\">Anzahl der Seiten:<\/td>\n<td data-sheets-value=\"{&quot;1&quot;:2,&quot;2&quot;:&quot;288 Seiten&quot;}\">288 Seiten<\/td>\n<\/tr>\n<tr>\n<td data-sheets-value=\"{&quot;1&quot;:2,&quot;2&quot;:&quot;Autor:&quot;}\">Autor:<\/td>\n<td data-sheets-value=\"{&quot;1&quot;:2,&quot;2&quot;:&quot;Yaa Gyasi&quot;}\">Yaa Gyasi<\/td>\n<\/tr>\n<tr>\n<td data-sheets-value=\"{&quot;1&quot;:2,&quot;2&quot;:&quot;Besonderheiten:&quot;}\">Funkcje specjalne:<\/td>\n<td data-sheets-value=\"{&quot;1&quot;:2,&quot;2&quot;:&quot;from the bestselling author of &quot;Homegoing&quot;&quot;}\">from the bestselling author of \"Homegoing\"<\/td>\n<\/tr>\n<tr>\n<td data-sheets-value=\"{&quot;1&quot;:2,&quot;2&quot;:&quot;Buchtitel:&quot;}\">Buchtitel:<\/td>\n<td data-sheets-value=\"{&quot;1&quot;:2,&quot;2&quot;:&quot;Transcendent Kingdom&quot;}\">Transcendent Kingdom<\/td>\n<\/tr>\n<tr>\n<td data-sheets-value=\"{&quot;1&quot;:2,&quot;2&quot;:&quot;Erscheinungsjahr:&quot;}\">Erscheinungsjahr:<\/td>\n<td data-sheets-value=\"{&quot;1&quot;:3,&quot;3&quot;:2021}\">2021<\/td>\n<\/tr>\n<tr>\n<td data-sheets-value=\"{&quot;1&quot;:2,&quot;2&quot;:&quot;Format:&quot;}\">Format:<\/td>\n<td data-sheets-value=\"{&quot;1&quot;:2,&quot;2&quot;:&quot;Taschenbuch&quot;}\">Taschenbuch<\/td>\n<\/tr>\n<tr>\n<td data-sheets-value=\"{&quot;1&quot;:2,&quot;2&quot;:&quot;Genre:&quot;}\">Genre:<\/td>\n<td data-sheets-value=\"{&quot;1&quot;:2,&quot;2&quot;:&quot;Psychologie-Fiktion&quot;}\">Psychologie-Fiktion<\/td>\n<\/tr>\n<tr>\n<td data-sheets-value=\"{&quot;1&quot;:2,&quot;2&quot;:&quot;Hersteller:&quot;}\">Hersteller:<\/td>\n<td data-sheets-value=\"{&quot;1&quot;:2,&quot;2&quot;:&quot;Penguin Books Ltd (UK)&quot;}\">Penguin Books Ltd (UK)<\/td>\n<\/tr>\n<tr>\n<td data-sheets-value=\"{&quot;1&quot;:2,&quot;2&quot;:&quot;Herstellungsland und -region:&quot;}\">Herstellungsland und -region:<\/td>\n<td data-sheets-value=\"{&quot;1&quot;:2,&quot;2&quot;:&quot;Gro\u00dfbritannien&quot;}\">Gro\u00dfbritannien<\/td>\n<\/tr>\n<tr>\n<td data-sheets-value=\"{&quot;1&quot;:2,&quot;2&quot;:&quot;ISBN:&quot;}\">ISBN:<\/td>\n<td data-sheets-value=\"{&quot;1&quot;:3,&quot;3&quot;:9780241433386}\">9780241433386<\/td>\n<\/tr>\n<tr>\n<td data-sheets-value=\"{&quot;1&quot;:2,&quot;2&quot;:&quot;Literarische Gattung:&quot;}\">Literarische Gattung:<\/td>\n<td data-sheets-value=\"{&quot;1&quot;:2,&quot;2&quot;:&quot;Belletristik&quot;}\">Belletristik<\/td>\n<\/tr>\n<tr>\n<td data-sheets-value=\"{&quot;1&quot;:2,&quot;2&quot;:&quot;Marke:&quot;}\">Marke:<\/td>\n<td data-sheets-value=\"{&quot;1&quot;:2,&quot;2&quot;:&quot;Penguin Books Ltd (UK)&quot;}\">Penguin Books Ltd (UK)<\/td>\n<\/tr>\n<tr>\n<td data-sheets-value=\"{&quot;1&quot;:2,&quot;2&quot;:&quot;Produktart:&quot;}\">Produktart:<\/td>\n<td data-sheets-value=\"{&quot;1&quot;:2,&quot;2&quot;:&quot;Roman&quot;}\">Roman<\/td>\n<\/tr>\n<tr>\n<td data-sheets-value=\"{&quot;1&quot;:2,&quot;2&quot;:&quot;Seiten:&quot;}\">Seiten:<\/td>\n<td data-sheets-value=\"{&quot;1&quot;:3,&quot;3&quot;:288}\">288<\/td>\n<\/tr>\n<tr>\n<td data-sheets-value=\"{&quot;1&quot;:2,&quot;2&quot;:&quot;Sprache:&quot;}\">Sprache:<\/td>\n<td data-sheets-value=\"{&quot;1&quot;:2,&quot;2&quot;:&quot;Englisch&quot;}\">Englisch<\/td>\n<\/tr>\n<tr>\n<td data-sheets-value=\"{&quot;1&quot;:2,&quot;2&quot;:&quot;Thematik:&quot;}\">Thematik:<\/td>\n<td data-sheets-value=\"{&quot;1&quot;:2,&quot;2&quot;:&quot;Familiengeschichte&quot;}\">Familiengeschichte<\/td>\n<\/tr>\n<tr>\n<td data-sheets-value=\"{&quot;1&quot;:2,&quot;2&quot;:&quot;Verlag:&quot;}\">Verlag:<\/td>\n<td data-sheets-value=\"{&quot;1&quot;:2,&quot;2&quot;:&quot;Penguin Books Ltd (Uk)&quot;}\">Penguin Books Ltd (Uk)<\/td>\n<\/tr>\n<tr>\n<td data-sheets-value=\"{&quot;1&quot;:2,&quot;2&quot;:&quot;Zielgruppe:&quot;}\">Zielgruppe:<\/td>\n<td data-sheets-value=\"{&quot;1&quot;:2,&quot;2&quot;:&quot;Jugendliche, Erwachsene&quot;}\">Jugendliche, Erwachsene<\/td>\n<\/tr>\n<\/tbody>\n<\/table>","protected":false},"featured_media":80521,"comment_status":"open","ping_status":"closed","template":"","meta":{"_seopress_robots_primary_cat":"","_seopress_titles_title":"","_seopress_titles_desc":"","_seopress_robots_index":""},"product_brand":[],"product_cat":[1428,1429,1434,1451,1452],"product_tag":[],"class_list":{"0":"post-80421","1":"product","2":"type-product","3":"status-publish","4":"has-post-thumbnail","6":"product_cat-buecher","7":"product_cat-jugend","8":"product_cat-erwachsene","9":"product_cat-romane","10":"product_cat-romane-jugend","11":"product_shipping_class-standard-versand","13":"first","14":"instock","15":"sale","16":"taxable","17":"shipping-taxable","18":"purchasable","19":"product-type-simple"},"_links":{"self":[{"href":"https:\/\/www.soanam.de\/pl\/wp-json\/wp\/v2\/product\/80421","targetHints":{"allow":["GET"]}}],"collection":[{"href":"https:\/\/www.soanam.de\/pl\/wp-json\/wp\/v2\/product"}],"about":[{"href":"https:\/\/www.soanam.de\/pl\/wp-json\/wp\/v2\/types\/product"}],"replies":[{"embeddable":true,"href":"https:\/\/www.soanam.de\/pl\/wp-json\/wp\/v2\/comments?post=80421"}],"wp:featuredmedia":[{"embeddable":true,"href":"https:\/\/www.soanam.de\/pl\/wp-json\/wp\/v2\/media\/80521"}],"wp:attachment":[{"href":"https:\/\/www.soanam.de\/pl\/wp-json\/wp\/v2\/media?parent=80421"}],"wp:term":[{"taxonomy":"product_brand","embeddable":true,"href":"https:\/\/www.soanam.de\/pl\/wp-json\/wp\/v2\/product_brand?post=80421"},{"taxonomy":"product_cat","embeddable":true,"href":"https:\/\/www.soanam.de\/pl\/wp-json\/wp\/v2\/product_cat?post=80421"},{"taxonomy":"product_tag","embeddable":true,"href":"https:\/\/www.soanam.de\/pl\/wp-json\/wp\/v2\/product_tag?post=80421"}],"curies":[{"name":"wp","href":"https:\/\/api.w.org\/{rel}","templated":true}]}}