{"id":80419,"date":"2023-12-14T01:30:17","date_gmt":"2023-12-14T00:30:17","guid":{"rendered":"https:\/\/www.soanam.de\/?post_type=product&#038;p=80419"},"modified":"2023-12-14T01:32:23","modified_gmt":"2023-12-14T00:32:23","slug":"itm-tasma-na-kierownice-o-grubosci-2-mm-w-kolorze-szarym-nastro-manubrio-tasma-na-kierownice-z-logo","status":"publish","type":"product","link":"https:\/\/www.soanam.de\/pl\/produkt\/itm-lenkerband-2mm-dick-in-grau-nastro-manubrio-handlebar-tape-mit-logo\/","title":{"rendered":"Ta\u015bma kierownicy ITM o grubo\u015bci 2 mm w kolorze szarym, ta\u015bma kierownicy Nastro Manubrio z logo"},"content":{"rendered":"<h3>Opis produktu<\/h3>\n<p>Ta\u015bma ITM wyprodukowana we W\u0142oszech zapewnia doskona\u0142\u0105 przyczepno\u015b\u0107 i komfort na kierownicy roweru.<\/p>\n<p><strong>Materia\u0142:<\/strong> Guma piankowa z samoprzylepnym spodem<br \/>\n<strong>Wymiary:<\/strong> szeroko\u015b\u0107 3 cm \/ 1,2 cala * d\u0142ugo\u015b\u0107 200 cm \/ 78 cali<br \/>\n<strong>Kolor:<\/strong> Szary<br \/>\n<strong>Szczeg\u00f3\u0142y:<\/strong> Nadruk logo ITM<\/p>\n<p><strong>Opakowanie zawiera:<\/strong> 2 ta\u015bmy na kierownic\u0119 + 2 za\u015blepki na kierownic\u0119 + 2 szt. Ta\u015bma do mocowania<\/p>","protected":false},"excerpt":{"rendered":"<h3>Artikelmerkmale<\/h3>\n<p>Artikelzustand: Neu - Neuer, unbenutzter und unbesch\u00e4digter Artikel in nicht ge\u00f6ffneter Originalverpackung<\/p>\n<table dir=\"ltr\" border=\"1\" cellspacing=\"0\" cellpadding=\"0\">\n<colgroup>\n<col width=\"150\" \/>\n<col width=\"175\" \/><\/colgroup>\n<tbody>\n<tr>\n<td data-sheets-value=\"{&quot;1&quot;:2,&quot;2&quot;:&quot;Anzahl der Teile:&quot;}\">Anzahl der Teile:<\/td>\n<td data-sheets-value=\"{&quot;1&quot;:3,&quot;3&quot;:6}\">6<\/td>\n<\/tr>\n<tr>\n<td data-sheets-value=\"{&quot;1&quot;:2,&quot;2&quot;:&quot;Breite:&quot;}\">Szeroko\u015b\u0107:<\/td>\n<td data-sheets-value=\"{&quot;1&quot;:2,&quot;2&quot;:&quot;3 cm&quot;}\">3 cm<\/td>\n<\/tr>\n<tr>\n<td data-sheets-value=\"{&quot;1&quot;:2,&quot;2&quot;:&quot;Farbe:&quot;}\">Kolor:<\/td>\n<td data-sheets-value=\"{&quot;1&quot;:2,&quot;2&quot;:&quot;Grau&quot;}\">Szary<\/td>\n<\/tr>\n<tr>\n<td data-sheets-value=\"{&quot;1&quot;:2,&quot;2&quot;:&quot;Form:&quot;}\">Form:<\/td>\n<td data-sheets-value=\"{&quot;1&quot;:2,&quot;2&quot;:&quot;Band&quot;}\">Band<\/td>\n<\/tr>\n<tr>\n<td data-sheets-value=\"{&quot;1&quot;:2,&quot;2&quot;:&quot;Gewicht:&quot;}\">Waga:<\/td>\n<td data-sheets-value=\"{&quot;1&quot;:2,&quot;2&quot;:&quot;ca. 70g&quot;}\">ca. 70g<\/td>\n<\/tr>\n<tr>\n<td data-sheets-value=\"{&quot;1&quot;:2,&quot;2&quot;:&quot;H\u00f6he:&quot;}\">Wysoko\u015b\u0107:<\/td>\n<td data-sheets-value=\"{&quot;1&quot;:2,&quot;2&quot;:&quot;2 mm&quot;}\">2 mm<\/td>\n<\/tr>\n<tr>\n<td data-sheets-value=\"{&quot;1&quot;:2,&quot;2&quot;:&quot;Kompatibler Fahrradtyp:&quot;}\">Kompatibler Fahrradtyp:<\/td>\n<td data-sheets-value=\"{&quot;1&quot;:2,&quot;2&quot;:&quot;Rennrad&quot;}\">Rennrad<\/td>\n<\/tr>\n<tr>\n<td data-sheets-value=\"{&quot;1&quot;:2,&quot;2&quot;:&quot;L\u00e4nge:&quot;}\">L\u00e4nge:<\/td>\n<td data-sheets-value=\"{&quot;1&quot;:2,&quot;2&quot;:&quot;200 cm&quot;}\">200 cm<\/td>\n<\/tr>\n<tr>\n<td data-sheets-value=\"{&quot;1&quot;:2,&quot;2&quot;:&quot;Marke:&quot;}\">Marke:<\/td>\n<td data-sheets-value=\"{&quot;1&quot;:2,&quot;2&quot;:&quot;ITM&quot;}\">ITM<\/td>\n<\/tr>\n<tr>\n<td data-sheets-value=\"{&quot;1&quot;:2,&quot;2&quot;:&quot;Material:&quot;}\">Materia\u0142:<\/td>\n<td data-sheets-value=\"{&quot;1&quot;:2,&quot;2&quot;:&quot;Schaumgummi&quot;}\">Guma piankowa<\/td>\n<\/tr>\n<tr>\n<td data-sheets-value=\"{&quot;1&quot;:2,&quot;2&quot;:&quot;Montageart:&quot;}\">Montageart:<\/td>\n<td data-sheets-value=\"{&quot;1&quot;:2,&quot;2&quot;:&quot;kleben&quot;}\">kleben<\/td>\n<\/tr>\n<tr>\n<td data-sheets-value=\"{&quot;1&quot;:2,&quot;2&quot;:&quot;Set enth\u00e4lt:&quot;}\">Set enth\u00e4lt:<\/td>\n<td data-sheets-value=\"{&quot;1&quot;:2,&quot;2&quot;:&quot;siehe Produktbeschreibung&quot;}\">siehe Produktbeschreibung<\/td>\n<\/tr>\n<tr>\n<td data-sheets-value=\"{&quot;1&quot;:2,&quot;2&quot;:&quot;Teiletyp:&quot;}\">Teiletyp:<\/td>\n<td data-sheets-value=\"{&quot;1&quot;:2,&quot;2&quot;:&quot;Lenkerband&quot;}\">Lenkerband<\/td>\n<\/tr>\n<\/tbody>\n<\/table>","protected":false},"featured_media":80517,"comment_status":"open","ping_status":"closed","template":"","meta":{"_seopress_robots_primary_cat":"","_seopress_titles_title":"","_seopress_titles_desc":"","_seopress_robots_index":""},"product_brand":[],"product_cat":[1730],"product_tag":[],"class_list":{"0":"post-80419","1":"product","2":"type-product","3":"status-publish","4":"has-post-thumbnail","6":"product_cat-sonstiges-2","7":"product_shipping_class-standard-versand","9":"first","10":"instock","11":"sale","12":"taxable","13":"shipping-taxable","14":"purchasable","15":"product-type-simple"},"_links":{"self":[{"href":"https:\/\/www.soanam.de\/pl\/wp-json\/wp\/v2\/product\/80419","targetHints":{"allow":["GET"]}}],"collection":[{"href":"https:\/\/www.soanam.de\/pl\/wp-json\/wp\/v2\/product"}],"about":[{"href":"https:\/\/www.soanam.de\/pl\/wp-json\/wp\/v2\/types\/product"}],"replies":[{"embeddable":true,"href":"https:\/\/www.soanam.de\/pl\/wp-json\/wp\/v2\/comments?post=80419"}],"wp:featuredmedia":[{"embeddable":true,"href":"https:\/\/www.soanam.de\/pl\/wp-json\/wp\/v2\/media\/80517"}],"wp:attachment":[{"href":"https:\/\/www.soanam.de\/pl\/wp-json\/wp\/v2\/media?parent=80419"}],"wp:term":[{"taxonomy":"product_brand","embeddable":true,"href":"https:\/\/www.soanam.de\/pl\/wp-json\/wp\/v2\/product_brand?post=80419"},{"taxonomy":"product_cat","embeddable":true,"href":"https:\/\/www.soanam.de\/pl\/wp-json\/wp\/v2\/product_cat?post=80419"},{"taxonomy":"product_tag","embeddable":true,"href":"https:\/\/www.soanam.de\/pl\/wp-json\/wp\/v2\/product_tag?post=80419"}],"curies":[{"name":"wp","href":"https:\/\/api.w.org\/{rel}","templated":true}]}}