{"id":80401,"date":"2023-12-14T01:29:54","date_gmt":"2023-12-14T00:29:54","guid":{"rendered":"https:\/\/www.soanam.de\/?post_type=product&#038;p=80401"},"modified":"2023-12-14T01:32:20","modified_gmt":"2023-12-14T00:32:20","slug":"boysens-traegershirt-mit-chiffon-in-wollweiss-groesse-36","status":"publish","type":"product","link":"https:\/\/www.soanam.de\/pl\/produkt\/boysens-traegershirt-mit-chiffon-in-wollweiss-groesse-36\/","title":{"rendered":"BOYSENS Tr\u00e4gershirt mit Chiffon, in Wollwei\u00df, Gr\u00f6\u00dfe 36"},"content":{"rendered":"<p>Tr\u00e4gershirt von BOYSENS<br \/>\nChiffon am Saum<br \/>\nfigurschmeichelnde L\u00e4nge<br \/>\nSeitenschlitze<br \/>\nNieten am Ausschnitt<\/p>\n<p>Der Clou bei dem Longtop ist der angesetzte Chiffon-Saum mit Seitenschlitzen - elegant und bequem, das Tr\u00e4gershirt von Boysens bietet beides.<\/p>\n<p>Material: 95% Viskose, 5% Elastan, Chiffon:100% Polyester<br \/>\nWskaz\u00f3wki dotycz\u0105ce piel\u0119gnacji: Pra\u0107 w pralce<\/p>\n<p>Farbe: wollwei\u00df<br \/>\nWz\u00f3r: bez<br \/>\nRozmiar: 36<\/p>\n<p>Szeroko\u015b\u0107 ramion: 33 cm<br \/>\nSzeroko\u015b\u0107 klatki piersiowej: 78 cm<br \/>\nD\u0142ugo\u015b\u0107 r\u0119kawa: bez r\u0119kaw\u00f3w<br \/>\nCa\u0142kowita d\u0142ugo\u015b\u0107: 77 cm<\/p>","protected":false},"excerpt":{"rendered":"<table class=\"dv_characteristicsTable\">\n<tbody>\n<tr>\n<td class=\"left\">Rozmiar<\/td>\n<td>36<\/td>\n<\/tr>\n<tr>\n<td class=\"left\">Gr\u00f6\u00dfentyp<\/td>\n<td>Normalgr\u00f6\u00dfen<\/td>\n<\/tr>\n<tr>\n<td class=\"left\">Sk\u0142ad materia\u0142u<\/td>\n<td>95% Viskose, 5% Elastan, Chiffon:100% Polyester<\/td>\n<\/tr>\n<tr>\n<td class=\"left\">Instrukcje dotycz\u0105ce piel\u0119gnacji<\/td>\n<td>Pranie w pralce<\/td>\n<\/tr>\n<tr>\n<td class=\"left\">Optik<\/td>\n<td>unifarben<\/td>\n<\/tr>\n<tr>\n<td class=\"left\">Kolor<\/td>\n<td>wollwei\u00df<\/td>\n<\/tr>\n<tr>\n<td class=\"left\">Ausschnitt<\/td>\n<td>Rundhals<\/td>\n<\/tr>\n<tr>\n<td class=\"left\">\u00c4rmel<\/td>\n<td>ohne \u00c4rmel<\/td>\n<\/tr>\n<tr>\n<td class=\"left\">Przewo\u017anik<\/td>\n<td>mit Tr\u00e4ger<\/td>\n<\/tr>\n<\/tbody>\n<\/table>","protected":false},"featured_media":80515,"comment_status":"open","ping_status":"closed","template":"","meta":{"_seopress_robots_primary_cat":"","_seopress_titles_title":"","_seopress_titles_desc":"","_seopress_robots_index":""},"product_brand":[],"product_cat":[1348,1458,1459],"product_tag":[],"class_list":{"0":"post-80401","1":"product","2":"type-product","3":"status-publish","4":"has-post-thumbnail","6":"product_cat-damen-mode","7":"product_cat-shirts-damen-mode","8":"product_cat-tops-shirts-damen-mode","9":"product_shipping_class-standard-versand","11":"first","12":"instock","13":"sale","14":"taxable","15":"shipping-taxable","16":"purchasable","17":"product-type-simple"},"_links":{"self":[{"href":"https:\/\/www.soanam.de\/pl\/wp-json\/wp\/v2\/product\/80401","targetHints":{"allow":["GET"]}}],"collection":[{"href":"https:\/\/www.soanam.de\/pl\/wp-json\/wp\/v2\/product"}],"about":[{"href":"https:\/\/www.soanam.de\/pl\/wp-json\/wp\/v2\/types\/product"}],"replies":[{"embeddable":true,"href":"https:\/\/www.soanam.de\/pl\/wp-json\/wp\/v2\/comments?post=80401"}],"wp:featuredmedia":[{"embeddable":true,"href":"https:\/\/www.soanam.de\/pl\/wp-json\/wp\/v2\/media\/80515"}],"wp:attachment":[{"href":"https:\/\/www.soanam.de\/pl\/wp-json\/wp\/v2\/media?parent=80401"}],"wp:term":[{"taxonomy":"product_brand","embeddable":true,"href":"https:\/\/www.soanam.de\/pl\/wp-json\/wp\/v2\/product_brand?post=80401"},{"taxonomy":"product_cat","embeddable":true,"href":"https:\/\/www.soanam.de\/pl\/wp-json\/wp\/v2\/product_cat?post=80401"},{"taxonomy":"product_tag","embeddable":true,"href":"https:\/\/www.soanam.de\/pl\/wp-json\/wp\/v2\/product_tag?post=80401"}],"curies":[{"name":"wp","href":"https:\/\/api.w.org\/{rel}","templated":true}]}}