{"id":80348,"date":"2023-12-14T00:31:27","date_gmt":"2023-12-13T23:31:27","guid":{"rendered":"https:\/\/www.soanam.de\/?post_type=product&#038;p=80348"},"modified":"2023-12-14T01:30:44","modified_gmt":"2023-12-14T00:30:44","slug":"quiksilver-longsleeve-shirt-2-pack-retro-stack-rethin-pack-w-kolorze-bialym-czarnym-rozmiar-xxl","status":"publish","type":"product","link":"https:\/\/www.soanam.de\/pl\/produkt\/quiksilver-langarmshirt-im-2er-pack-retro-stack-rethin-pack-in-weiss-schwarz-groesse-xxl\/","title":{"rendered":"Koszulka z d\u0142ugim r\u0119kawem Quiksilver w 2-paku RETRO STACK RETHIN PACK, w kolorze bia\u0142ym, czarnym, rozmiar XXL"},"content":{"rendered":"<p>Langarmshirt im Doppelpack von Quiksilver<br \/>\nLogodrucke<br \/>\nOkr\u0105g\u0142y dekolt<br \/>\nMi\u0119kki pojedynczy d\u017cersej<\/p>\n<p>Die Langarm-Shirts von Quiksilver sind h\u00fcftlang sowie basic geschnitten.<br \/>\nDie Logodrucke sorgen f\u00fcr eine individuelle und trendige Note.<br \/>\nDer Single Jerseystoff aus Baumwolle ist dehnbar und f\u00fchlt sich weich auf der Haut an.<\/p>\n<p>Materia\u0142: bawe\u0142na 100%<br \/>\nWskaz\u00f3wki dotycz\u0105ce piel\u0119gnacji: Pra\u0107 w pralce<\/p>\n<p>Farbe: wei\u00df, schwarz<br \/>\nWz\u00f3r: Nadruk z logo<br \/>\nRozmiar: XXL<\/p>\n<p>Schulterbreite: 59cm<br \/>\nSzeroko\u015b\u0107 klatki piersiowej: 126 cm<br \/>\nD\u0142ugo\u015b\u0107 r\u0119kawa: 72 cm<br \/>\nCa\u0142kowita d\u0142ugo\u015b\u0107: 81 cm<\/p>","protected":false},"excerpt":{"rendered":"<table class=\"dv_characteristicsTable\">\n<tbody>\n<tr>\n<td class=\"left\">Rozmiar<\/td>\n<td>XXL (56)<\/td>\n<\/tr>\n<tr>\n<td class=\"left\">Gr\u00f6\u00dfentyp<\/td>\n<td>Normalgr\u00f6\u00dfen<\/td>\n<\/tr>\n<tr>\n<td class=\"left\">Sk\u0142ad materia\u0142u<\/td>\n<td>Obermaterial: 100% Baumwolle<\/td>\n<\/tr>\n<tr>\n<td class=\"left\">Materialart<\/td>\n<td>Pojedyncza koszulka<\/td>\n<\/tr>\n<tr>\n<td class=\"left\">Instrukcje dotycz\u0105ce piel\u0119gnacji<\/td>\n<td>Pranie w pralce<\/td>\n<\/tr>\n<tr>\n<td class=\"left\">Stil<\/td>\n<td>sportlich<\/td>\n<\/tr>\n<tr>\n<td class=\"left\">Herstellerfarbbezeichnung<\/td>\n<td>WHITE\/BLACK<\/td>\n<\/tr>\n<tr>\n<td class=\"left\">Kolor<\/td>\n<td>schwarz<\/td>\n<\/tr>\n<tr>\n<td class=\"left\">Farbe Packst\u00fcck 2<\/td>\n<td>wei\u00df<\/td>\n<\/tr>\n<tr>\n<td class=\"left\">Ausschnitt<\/td>\n<td>Rundhals<\/td>\n<\/tr>\n<tr>\n<td class=\"left\">\u00c4rmel<\/td>\n<td>D\u0142ugi r\u0119kaw<\/td>\n<\/tr>\n<tr>\n<td class=\"left\">Dopasowanie<\/td>\n<td>Basic<\/td>\n<\/tr>\n<tr>\n<td class=\"left\">Schnittform L\u00e4nge<\/td>\n<td>h\u00fcftlang<\/td>\n<\/tr>\n<tr>\n<td class=\"left\">Applikationen<\/td>\n<td>Logodrucke<\/td>\n<\/tr>\n<\/tbody>\n<\/table>","protected":false},"featured_media":80441,"comment_status":"open","ping_status":"closed","template":"","meta":{"_seopress_robots_primary_cat":"","_seopress_titles_title":"","_seopress_titles_desc":"","_seopress_robots_index":""},"product_brand":[],"product_cat":[1345,1485,1486],"product_tag":[],"class_list":{"0":"post-80348","1":"product","2":"type-product","3":"status-publish","4":"has-post-thumbnail","6":"product_cat-herrenmode","7":"product_cat-pullover-sweater-herrenmode","8":"product_cat-langarmshirts-pullover-sweater-herrenmode","9":"product_shipping_class-standard-versand","11":"first","12":"instock","13":"sale","14":"taxable","15":"shipping-taxable","16":"purchasable","17":"product-type-simple"},"_links":{"self":[{"href":"https:\/\/www.soanam.de\/pl\/wp-json\/wp\/v2\/product\/80348","targetHints":{"allow":["GET"]}}],"collection":[{"href":"https:\/\/www.soanam.de\/pl\/wp-json\/wp\/v2\/product"}],"about":[{"href":"https:\/\/www.soanam.de\/pl\/wp-json\/wp\/v2\/types\/product"}],"replies":[{"embeddable":true,"href":"https:\/\/www.soanam.de\/pl\/wp-json\/wp\/v2\/comments?post=80348"}],"wp:featuredmedia":[{"embeddable":true,"href":"https:\/\/www.soanam.de\/pl\/wp-json\/wp\/v2\/media\/80441"}],"wp:attachment":[{"href":"https:\/\/www.soanam.de\/pl\/wp-json\/wp\/v2\/media?parent=80348"}],"wp:term":[{"taxonomy":"product_brand","embeddable":true,"href":"https:\/\/www.soanam.de\/pl\/wp-json\/wp\/v2\/product_brand?post=80348"},{"taxonomy":"product_cat","embeddable":true,"href":"https:\/\/www.soanam.de\/pl\/wp-json\/wp\/v2\/product_cat?post=80348"},{"taxonomy":"product_tag","embeddable":true,"href":"https:\/\/www.soanam.de\/pl\/wp-json\/wp\/v2\/product_tag?post=80348"}],"curies":[{"name":"wp","href":"https:\/\/api.w.org\/{rel}","templated":true}]}}