{"id":80332,"date":"2023-12-14T00:31:02","date_gmt":"2023-12-13T23:31:02","guid":{"rendered":"https:\/\/www.soanam.de\/?post_type=product&#038;p=80332"},"modified":"2023-12-14T01:30:38","modified_gmt":"2023-12-14T00:30:38","slug":"lonsdale-ayrshire-koszulki-z-dlugim-rekawem-w-zestawie-2-sztuk-w-kolorze-khaki-czarny-rozmiar-xl","status":"publish","type":"product","link":"https:\/\/www.soanam.de\/pl\/produkt\/lonsdale-ayrshire-langarmshirts-im-2er-pack-in-khaki-schwarz-groesse-xl\/","title":{"rendered":"Koszulki z d\u0142ugim r\u0119kawem Lonsdale AYRSHIRE w zestawie 2 sztuk, w kolorze khaki, czarne, rozmiar XL"},"content":{"rendered":"<p>Longsleeve Lonsdale w zestawie 2 sztuk<br \/>\nZ nadrukiem logo<br \/>\nOkr\u0105g\u0142y dekolt<br \/>\nD\u0142ugi r\u0119kaw<br \/>\nMi\u0119kki pojedynczy d\u017cersej<\/p>\n<p>Nadruk logo na longsleeve'ie AYRSHIRE stanowi spersonalizowany i modny akcent.<br \/>\nMateria\u0142 single jersey wykonany z bawe\u0142ny zapewnia wysoki poziom komfortu.<br \/>\nA co najlepsze - koszulka z d\u0142ugim r\u0119kawem od Lonsdale jest dost\u0119pna w zestawie po 2 sztuki.<\/p>\n<p>Materia\u0142: bawe\u0142na 100%<br \/>\nWskaz\u00f3wki dotycz\u0105ce piel\u0119gnacji: Pra\u0107 w pralce<\/p>\n<p>Kolor: khaki, czarny<br \/>\nWz\u00f3r: Nadruk z logo<br \/>\nRozmiar: XL<\/p>\n<p>Szeroko\u015b\u0107 ramion: 47 cm<br \/>\nSzeroko\u015b\u0107 klatki piersiowej: 122 cm<br \/>\nD\u0142ugo\u015b\u0107 r\u0119kawa: 72 cm<br \/>\nCa\u0142kowita d\u0142ugo\u015b\u0107: 75 cm<\/p>","protected":false},"excerpt":{"rendered":"<table class=\"dv_characteristicsTable\">\n<tbody>\n<tr>\n<td class=\"left\">Rozmiar<\/td>\n<td>XL (56\/58)<\/td>\n<\/tr>\n<tr>\n<td class=\"left\">Gr\u00f6\u00dfentyp<\/td>\n<td>Normalgr\u00f6\u00dfen<\/td>\n<\/tr>\n<tr>\n<td class=\"left\">Sk\u0142ad materia\u0142u<\/td>\n<td>Obermaterial: 100% Baumwolle<\/td>\n<\/tr>\n<tr>\n<td class=\"left\">Materialart<\/td>\n<td>Pojedyncza koszulka<\/td>\n<\/tr>\n<tr>\n<td class=\"left\">Instrukcje dotycz\u0105ce piel\u0119gnacji<\/td>\n<td>Pranie w pralce<\/td>\n<\/tr>\n<tr>\n<td class=\"left\">Optik<\/td>\n<td>unifarben<\/td>\n<\/tr>\n<tr>\n<td class=\"left\">Stil<\/td>\n<td>sportlich<\/td>\n<\/tr>\n<tr>\n<td class=\"left\">Kolor<\/td>\n<td>schwarz-khaki<\/td>\n<\/tr>\n<tr>\n<td class=\"left\">Ausschnitt<\/td>\n<td>Rundhals<\/td>\n<\/tr>\n<tr>\n<td class=\"left\">\u00c4rmel<\/td>\n<td>D\u0142ugi r\u0119kaw<\/td>\n<\/tr>\n<tr>\n<td class=\"left\">Applikationen<\/td>\n<td>Drukowanie logo<\/td>\n<\/tr>\n<\/tbody>\n<\/table>","protected":false},"featured_media":80438,"comment_status":"open","ping_status":"closed","template":"","meta":{"_seopress_robots_primary_cat":"","_seopress_titles_title":"","_seopress_titles_desc":"","_seopress_robots_index":""},"product_brand":[],"product_cat":[1345,1485,1486],"product_tag":[],"class_list":{"0":"post-80332","1":"product","2":"type-product","3":"status-publish","4":"has-post-thumbnail","6":"product_cat-herrenmode","7":"product_cat-pullover-sweater-herrenmode","8":"product_cat-langarmshirts-pullover-sweater-herrenmode","9":"product_shipping_class-standard-versand","11":"first","12":"instock","13":"sale","14":"taxable","15":"shipping-taxable","16":"purchasable","17":"product-type-simple"},"_links":{"self":[{"href":"https:\/\/www.soanam.de\/pl\/wp-json\/wp\/v2\/product\/80332","targetHints":{"allow":["GET"]}}],"collection":[{"href":"https:\/\/www.soanam.de\/pl\/wp-json\/wp\/v2\/product"}],"about":[{"href":"https:\/\/www.soanam.de\/pl\/wp-json\/wp\/v2\/types\/product"}],"replies":[{"embeddable":true,"href":"https:\/\/www.soanam.de\/pl\/wp-json\/wp\/v2\/comments?post=80332"}],"wp:featuredmedia":[{"embeddable":true,"href":"https:\/\/www.soanam.de\/pl\/wp-json\/wp\/v2\/media\/80438"}],"wp:attachment":[{"href":"https:\/\/www.soanam.de\/pl\/wp-json\/wp\/v2\/media?parent=80332"}],"wp:term":[{"taxonomy":"product_brand","embeddable":true,"href":"https:\/\/www.soanam.de\/pl\/wp-json\/wp\/v2\/product_brand?post=80332"},{"taxonomy":"product_cat","embeddable":true,"href":"https:\/\/www.soanam.de\/pl\/wp-json\/wp\/v2\/product_cat?post=80332"},{"taxonomy":"product_tag","embeddable":true,"href":"https:\/\/www.soanam.de\/pl\/wp-json\/wp\/v2\/product_tag?post=80332"}],"curies":[{"name":"wp","href":"https:\/\/api.w.org\/{rel}","templated":true}]}}