{"id":80331,"date":"2023-12-14T00:31:02","date_gmt":"2023-12-13T23:31:02","guid":{"rendered":"https:\/\/www.soanam.de\/?post_type=product&#038;p=80331"},"modified":"2023-12-14T01:30:34","modified_gmt":"2023-12-14T00:30:34","slug":"under-armour-bluza-z-kapturem-ua-rival-fleece-big-logo-hd-w-kolorze-czarnym-rozmiar-l","status":"publish","type":"product","link":"https:\/\/www.soanam.de\/pl\/produkt\/under-armour-kapuzensweatshirt-ua-rival-fleece-big-logo-hd-in-schwarz-groesse-l\/","title":{"rendered":"Under Armour bluza z kapturem UA RIVAL FLEECE BIG LOGO HD, kolor czarny, rozmiar L"},"content":{"rendered":"<p>Kapuzensweatshirt von UNDER ARMOUR<br \/>\nKaptur ze sznurkiem \u015bci\u0105gaj\u0105cym<br \/>\nGro\u00dfes Markenlogo<br \/>\nKiesze\u0144 kangurka<br \/>\nAus hochwertiger Sweat Qualit\u00e4t<\/p>\n<p>Das Kapuzensweatshirt von UNDER ARMOUR ist bequem und stylisch.<br \/>\nBequem durch die Basic-Form, Kapuze mit Kordelzug und Rippb\u00fcndchen an den langen \u00c4rmeln.<br \/>\nStylisch durch die bedruckte Vorderseite sowie die K\u00e4ngurutasche.<\/p>\n<p>Materia\u0142: bawe\u0142na 80%, poliester 20%<br \/>\nWskaz\u00f3wki dotycz\u0105ce piel\u0119gnacji: Pra\u0107 w pralce<\/p>\n<p>Kolor: czarny<br \/>\nWz\u00f3r: Nadruk z przodu<br \/>\nRozmiar: L<\/p>\n<p>Szeroko\u015b\u0107 ramion: 63 cm<br \/>\nSzeroko\u015b\u0107 klatki piersiowej: 130 cm<br \/>\nD\u0142ugo\u015b\u0107 r\u0119kawa: 69 cm<br \/>\nCa\u0142kowita d\u0142ugo\u015b\u0107: 74 cm<\/p>","protected":false},"excerpt":{"rendered":"<table class=\"dv_characteristicsTable\">\n<tbody>\n<tr>\n<td class=\"left\">Rozmiar<\/td>\n<td>L<\/td>\n<\/tr>\n<tr>\n<td class=\"left\">Gr\u00f6\u00dfentyp<\/td>\n<td>Normalgr\u00f6\u00dfen<\/td>\n<\/tr>\n<tr>\n<td class=\"left\">Sk\u0142ad materia\u0142u<\/td>\n<td>Obermaterial: 80% Baumwolle, 20% Polyester<\/td>\n<\/tr>\n<tr>\n<td class=\"left\">Instrukcje dotycz\u0105ce piel\u0119gnacji<\/td>\n<td>Pranie w pralce<\/td>\n<\/tr>\n<tr>\n<td class=\"left\">Stil<\/td>\n<td>sportlich<\/td>\n<\/tr>\n<tr>\n<td class=\"left\">Kolor<\/td>\n<td>schwarz<\/td>\n<\/tr>\n<tr>\n<td class=\"left\">Kaptur<\/td>\n<td>mit Kapuze<\/td>\n<\/tr>\n<tr>\n<td class=\"left\">Kapuzendetails<\/td>\n<td>mit Kordelzug<\/td>\n<\/tr>\n<tr>\n<td class=\"left\">Torby<\/td>\n<td>Kiesze\u0144 kangurka<\/td>\n<\/tr>\n<\/tbody>\n<\/table>","protected":false},"featured_media":80435,"comment_status":"open","ping_status":"closed","template":"","meta":{"_seopress_robots_primary_cat":"","_seopress_titles_title":"","_seopress_titles_desc":"","_seopress_robots_index":""},"product_brand":[],"product_cat":[1345,1485,1592],"product_tag":[],"class_list":{"0":"post-80331","1":"product","2":"type-product","3":"status-publish","4":"has-post-thumbnail","6":"product_cat-herrenmode","7":"product_cat-pullover-sweater-herrenmode","8":"product_cat-hoodies-pullover-sweater-herrenmode","9":"product_shipping_class-standard-versand","11":"first","12":"instock","13":"taxable","14":"shipping-taxable","15":"purchasable","16":"product-type-simple"},"_links":{"self":[{"href":"https:\/\/www.soanam.de\/pl\/wp-json\/wp\/v2\/product\/80331","targetHints":{"allow":["GET"]}}],"collection":[{"href":"https:\/\/www.soanam.de\/pl\/wp-json\/wp\/v2\/product"}],"about":[{"href":"https:\/\/www.soanam.de\/pl\/wp-json\/wp\/v2\/types\/product"}],"replies":[{"embeddable":true,"href":"https:\/\/www.soanam.de\/pl\/wp-json\/wp\/v2\/comments?post=80331"}],"wp:featuredmedia":[{"embeddable":true,"href":"https:\/\/www.soanam.de\/pl\/wp-json\/wp\/v2\/media\/80435"}],"wp:attachment":[{"href":"https:\/\/www.soanam.de\/pl\/wp-json\/wp\/v2\/media?parent=80331"}],"wp:term":[{"taxonomy":"product_brand","embeddable":true,"href":"https:\/\/www.soanam.de\/pl\/wp-json\/wp\/v2\/product_brand?post=80331"},{"taxonomy":"product_cat","embeddable":true,"href":"https:\/\/www.soanam.de\/pl\/wp-json\/wp\/v2\/product_cat?post=80331"},{"taxonomy":"product_tag","embeddable":true,"href":"https:\/\/www.soanam.de\/pl\/wp-json\/wp\/v2\/product_tag?post=80331"}],"curies":[{"name":"wp","href":"https:\/\/api.w.org\/{rel}","templated":true}]}}