{"id":80306,"date":"2023-12-14T00:30:37","date_gmt":"2023-12-13T23:30:37","guid":{"rendered":"https:\/\/www.soanam.de\/?post_type=product&#038;p=80306"},"modified":"2023-12-14T01:30:00","modified_gmt":"2023-12-14T00:30:00","slug":"bench-sweatkleid-mit-seitlichem-logoprint-in-ecru-groesse-44-46","status":"publish","type":"product","link":"https:\/\/www.soanam.de\/pl\/produkt\/bench-sweatkleid-mit-seitlichem-logoprint-in-ecru-groesse-44-46\/","title":{"rendered":"Bench. Sweatkleid mit seitlichem Logoprint, in Ecru, Gr\u00f6\u00dfe 44\/46"},"content":{"rendered":"<p>Loungekleid von Bench mit einem gro\u00dfen Logodruck<br \/>\nModisch schr\u00e4g nach vorne verlegte Teilungsn\u00e4hte mit Tascheneingriffen<br \/>\nRippb\u00fcndchen an den \u00c4rmeln und am Saum<br \/>\nIn Kurzl\u00e4nge und mit Rundhalsausschnitt<br \/>\nWykonane z elastycznego d\u017cerseju interlock<\/p>\n<p>Das sportliche Sweatkleid von Bench hat einen besonderen Schnitt: Schr\u00e4g nach vorn versetzte Teilungsn\u00e4hte zaubern eine sch\u00f6ne Silhouette.<br \/>\nDas Design wird durch die seitlich eingen\u00e4hten Taschen und die Rippb\u00fcndchen an \u00c4rmeln und Saum noch komplettiert und das gro\u00dfe Markenlogo verpasst dem Kleid optisch den letzten Schliff.<br \/>\nDer weite Rundhalsausschnitt und das traumhaft weiche Material bieten einen optimalen Tragekomfort.<\/p>\n<p>Materia\u0142: bawe\u0142na 60%, poliester 40%<br \/>\nWskaz\u00f3wki dotycz\u0105ce piel\u0119gnacji: Pra\u0107 w pralce<\/p>\n<p>Kolor: ecru<br \/>\nWz\u00f3r: Nadruk z logo<br \/>\nRozmiar: 44\/46<\/p>\n<p>Szeroko\u015b\u0107 ramion: 68 cm<br \/>\nBrustweite: 123cm<br \/>\n\u00c4rmell\u00e4nge: 52cm<br \/>\nCa\u0142kowita d\u0142ugo\u015b\u0107: 91 cm<\/p>","protected":false},"excerpt":{"rendered":"<table class=\"dv_characteristicsTable\">\n<tbody>\n<tr>\n<td class=\"left\">Rozmiar<\/td>\n<td>44\/46<\/td>\n<\/tr>\n<tr>\n<td class=\"left\">Gr\u00f6\u00dfentyp<\/td>\n<td>Normalgr\u00f6\u00dfen<\/td>\n<\/tr>\n<tr>\n<td class=\"left\">Sk\u0142ad materia\u0142u<\/td>\n<td>Obermaterial: 60% Baumwolle\u00a0, 40% Polyester<\/td>\n<\/tr>\n<tr>\n<td class=\"left\">Materialart<\/td>\n<td>Interlock<\/td>\n<\/tr>\n<tr>\n<td class=\"left\">Instrukcje dotycz\u0105ce piel\u0119gnacji<\/td>\n<td>Pranie w pralce<\/td>\n<\/tr>\n<tr>\n<td class=\"left\">Optik<\/td>\n<td>unifarben<\/td>\n<\/tr>\n<tr>\n<td class=\"left\">Stil<\/td>\n<td>Basic<\/td>\n<\/tr>\n<tr>\n<td class=\"left\">Ausschnitt<\/td>\n<td>Rundhals<\/td>\n<\/tr>\n<tr>\n<td class=\"left\">Ausschnittdetails<\/td>\n<td>abgesteppte Kante<\/td>\n<\/tr>\n<tr>\n<td class=\"left\">\u00c4rmel<\/td>\n<td>D\u0142ugi r\u0119kaw<\/td>\n<\/tr>\n<tr>\n<td class=\"left\">\u00c4rmelabschluss<\/td>\n<td>Pr\u0105\u017ckowane mankiety<\/td>\n<\/tr>\n<tr>\n<td class=\"left\">Rumpfabschluss<\/td>\n<td>Pr\u0105\u017ckowane mankiety<\/td>\n<\/tr>\n<tr>\n<td class=\"left\">Dopasowanie<\/td>\n<td>bequem<\/td>\n<\/tr>\n<tr>\n<td class=\"left\">Schnittform L\u00e4nge<\/td>\n<td>kurz<\/td>\n<\/tr>\n<tr>\n<td class=\"left\">Kolor<\/td>\n<td>ecru-schwarz<\/td>\n<\/tr>\n<tr>\n<td class=\"left\">Applikationen<\/td>\n<td>Drukowanie logo<\/td>\n<\/tr>\n<tr>\n<td class=\"left\">Torby<\/td>\n<td>Kieszenie<\/td>\n<\/tr>\n<tr>\n<td class=\"left\">Besondere Merkmale<\/td>\n<td>mit seitlichem Logoprint<\/td>\n<\/tr>\n<\/tbody>\n<\/table>","protected":false},"featured_media":80405,"comment_status":"open","ping_status":"closed","template":"","meta":{"_seopress_robots_primary_cat":"","_seopress_titles_title":"","_seopress_titles_desc":"","_seopress_robots_index":""},"product_brand":[],"product_cat":[1348,1379,1594],"product_tag":[],"class_list":{"0":"post-80306","1":"product","2":"type-product","3":"status-publish","4":"has-post-thumbnail","6":"product_cat-damen-mode","7":"product_cat-kleider","8":"product_cat-pulloverkleider","9":"product_shipping_class-standard-versand","11":"first","12":"instock","13":"taxable","14":"shipping-taxable","15":"purchasable","16":"product-type-simple"},"_links":{"self":[{"href":"https:\/\/www.soanam.de\/pl\/wp-json\/wp\/v2\/product\/80306","targetHints":{"allow":["GET"]}}],"collection":[{"href":"https:\/\/www.soanam.de\/pl\/wp-json\/wp\/v2\/product"}],"about":[{"href":"https:\/\/www.soanam.de\/pl\/wp-json\/wp\/v2\/types\/product"}],"replies":[{"embeddable":true,"href":"https:\/\/www.soanam.de\/pl\/wp-json\/wp\/v2\/comments?post=80306"}],"wp:featuredmedia":[{"embeddable":true,"href":"https:\/\/www.soanam.de\/pl\/wp-json\/wp\/v2\/media\/80405"}],"wp:attachment":[{"href":"https:\/\/www.soanam.de\/pl\/wp-json\/wp\/v2\/media?parent=80306"}],"wp:term":[{"taxonomy":"product_brand","embeddable":true,"href":"https:\/\/www.soanam.de\/pl\/wp-json\/wp\/v2\/product_brand?post=80306"},{"taxonomy":"product_cat","embeddable":true,"href":"https:\/\/www.soanam.de\/pl\/wp-json\/wp\/v2\/product_cat?post=80306"},{"taxonomy":"product_tag","embeddable":true,"href":"https:\/\/www.soanam.de\/pl\/wp-json\/wp\/v2\/product_tag?post=80306"}],"curies":[{"name":"wp","href":"https:\/\/api.w.org\/{rel}","templated":true}]}}