{"id":80284,"date":"2023-12-14T00:30:11","date_gmt":"2023-12-13T23:30:11","guid":{"rendered":"https:\/\/www.soanam.de\/?post_type=product&#038;p=80284"},"modified":"2023-12-14T00:32:06","modified_gmt":"2023-12-13T23:32:06","slug":"bluza-z-kapturem-z-blyszczacym-nadrukiem-w-kolorze-przydymionego-rozu-rozmiar-40-42","status":"publish","type":"product","link":"https:\/\/www.soanam.de\/pl\/produkt\/bench-kapuzensweatshirt-mit-glanzprint-in-rauchrosa-groesse-40-42\/","title":{"rendered":"Bench. Bluza z kapturem z b\u0142yszcz\u0105cym nadrukiem, w kolorze przydymionego r\u00f3\u017cu, rozmiar 40\/42"},"content":{"rendered":"<p>Bluza z kapturem od Bench<br \/>\nPodci\u0119te r\u0119kawy<br \/>\nGobelinowe paski o szyde\u0142kowym wygl\u0105dzie na r\u0119kawie<br \/>\nB\u0142yszcz\u0105ce logo nadrukowane na dole<br \/>\nPrzytulny, mi\u0119kki materia\u0142 dresowy z zawarto\u015bci\u0105 modalu<\/p>\n<p>Ta stylowa bluza Bench ma bardzo du\u017cy kaptur ze sznurkiem do \u015bci\u0105gania.<br \/>\nFajne detale, takie jak b\u0142yszcz\u0105cy nadruk z logo, pr\u0105\u017ckowane mankiety i siatkowe paski po bokach, uzupe\u0142niaj\u0105 sportowy wygl\u0105d tej bluzy z kapturem.<br \/>\nMi\u0119kka dzianina i oversize'owy kr\u00f3j zapewniaj\u0105 wysoki komfort noszenia.<\/p>\n<p>Materia\u0142: bawe\u0142na 70%, modal 19%, poliester 11%<br \/>\nWskaz\u00f3wki dotycz\u0105ce piel\u0119gnacji: Pra\u0107 w pralce<\/p>\n<p>Kolor: przydymiony r\u00f3\u017c<br \/>\nWz\u00f3r: B\u0142yszcz\u0105cy nadruk<br \/>\nRozmiar: 40\/42<\/p>\n<p>Szeroko\u015b\u0107 ramion: 69 cm<br \/>\nSzeroko\u015b\u0107 klatki piersiowej: 132 cm<br \/>\nD\u0142ugo\u015b\u0107 r\u0119kawa: 49 cm<br \/>\nCa\u0142kowita d\u0142ugo\u015b\u0107: 60 cm<\/p>\n<p>Ten nowy przedmiot jest zwrotem klienta bez etykiety.<\/p>","protected":false},"excerpt":{"rendered":"<table class=\"dv_characteristicsTable\">\n<tbody>\n<tr>\n<td class=\"left\">Rozmiar<\/td>\n<td>40\/42<\/td>\n<\/tr>\n<tr>\n<td class=\"left\">Gr\u00f6\u00dfentyp<\/td>\n<td>Normalgr\u00f6\u00dfen<\/td>\n<\/tr>\n<tr>\n<td class=\"left\">Sk\u0142ad materia\u0142u<\/td>\n<td>Obermaterial: 70% Baumwolle\u00a0, 19% Modal, 11% Polyester<\/td>\n<\/tr>\n<tr>\n<td class=\"left\">Instrukcje dotycz\u0105ce piel\u0119gnacji<\/td>\n<td>Pranie w pralce<\/td>\n<\/tr>\n<tr>\n<td class=\"left\">Kolor<\/td>\n<td>rosa<\/td>\n<\/tr>\n<tr>\n<td class=\"left\">Kaptur<\/td>\n<td>mit Kapuze<\/td>\n<\/tr>\n<tr>\n<td class=\"left\">Kapuzendetails<\/td>\n<td>mit Kordelzug<\/td>\n<\/tr>\n<tr>\n<td class=\"left\">Applikationen<\/td>\n<td>Drukowanie logo<\/td>\n<\/tr>\n<tr>\n<td class=\"left\">Torby<\/td>\n<td>Ohne Taschen<\/td>\n<\/tr>\n<tr>\n<td class=\"left\">Besondere Merkmale<\/td>\n<td>mit gestreiftem Bund und Glanzprint<\/td>\n<\/tr>\n<tr>\n<td class=\"left\">\u00c4rmel<\/td>\n<td>D\u0142ugi r\u0119kaw<\/td>\n<\/tr>\n<tr>\n<td class=\"left\">\u00c4rmelabschluss<\/td>\n<td>B\u00fcndchen<\/td>\n<\/tr>\n<\/tbody>\n<\/table>","protected":false},"featured_media":80383,"comment_status":"open","ping_status":"closed","template":"","meta":{"_seopress_robots_primary_cat":"","_seopress_titles_title":"","_seopress_titles_desc":"","_seopress_robots_index":""},"product_brand":[],"product_cat":[1348,1456,1583],"product_tag":[],"class_list":{"0":"post-80284","1":"product","2":"type-product","3":"status-publish","4":"has-post-thumbnail","6":"product_cat-damen-mode","7":"product_cat-pullover-sweater","8":"product_cat-hoodies","9":"product_shipping_class-standard-versand","11":"first","12":"instock","13":"sale","14":"taxable","15":"shipping-taxable","16":"purchasable","17":"product-type-simple"},"_links":{"self":[{"href":"https:\/\/www.soanam.de\/pl\/wp-json\/wp\/v2\/product\/80284","targetHints":{"allow":["GET"]}}],"collection":[{"href":"https:\/\/www.soanam.de\/pl\/wp-json\/wp\/v2\/product"}],"about":[{"href":"https:\/\/www.soanam.de\/pl\/wp-json\/wp\/v2\/types\/product"}],"replies":[{"embeddable":true,"href":"https:\/\/www.soanam.de\/pl\/wp-json\/wp\/v2\/comments?post=80284"}],"wp:featuredmedia":[{"embeddable":true,"href":"https:\/\/www.soanam.de\/pl\/wp-json\/wp\/v2\/media\/80383"}],"wp:attachment":[{"href":"https:\/\/www.soanam.de\/pl\/wp-json\/wp\/v2\/media?parent=80284"}],"wp:term":[{"taxonomy":"product_brand","embeddable":true,"href":"https:\/\/www.soanam.de\/pl\/wp-json\/wp\/v2\/product_brand?post=80284"},{"taxonomy":"product_cat","embeddable":true,"href":"https:\/\/www.soanam.de\/pl\/wp-json\/wp\/v2\/product_cat?post=80284"},{"taxonomy":"product_tag","embeddable":true,"href":"https:\/\/www.soanam.de\/pl\/wp-json\/wp\/v2\/product_tag?post=80284"}],"curies":[{"name":"wp","href":"https:\/\/api.w.org\/{rel}","templated":true}]}}