{"id":80283,"date":"2023-12-14T00:30:10","date_gmt":"2023-12-13T23:30:10","guid":{"rendered":"https:\/\/www.soanam.de\/?post_type=product&#038;p=80283"},"modified":"2023-12-14T00:32:02","modified_gmt":"2023-12-13T23:32:02","slug":"sukienka-dresowa-z-kwiatowym-nadrukiem-w-kolorze-przydymionego-rozu-rozmiar-36-38","status":"publish","type":"product","link":"https:\/\/www.soanam.de\/pl\/produkt\/bench-sweatkleid-mit-blumenprint-in-rauchrosa-groesse-36-38\/","title":{"rendered":"Bench. Sukienka dresowa z kwiatowym nadrukiem, przydymiony r\u00f3\u017c, rozmiar 36\/38"},"content":{"rendered":"<p>Sukienka dresowa Bench z kwiatowym nadrukiem na ramieniu<br \/>\nOpuszczone ramiona i d\u0142ugie r\u0119kawy<br \/>\nZ detalami z ta\u015bmy na kapturze<br \/>\nPr\u0105\u017ckowany d\u00f3\u0142 i mankiety<br \/>\nWygodna mieszanka bawe\u0142ny<\/p>\n<p>Dzi\u0119ki mieszance bawe\u0142ny ta dresowa sukienka Bench jest cudownie mi\u0119kka i przytulna.<br \/>\nAby stworzy\u0107 typowy sportowy wygl\u0105d, sukienka ma kaptur oraz pr\u0105\u017ckowane mankiety i d\u00f3\u0142.<br \/>\nOpuszczone ramiona tworz\u0105 swobodny wygl\u0105d, a kwiatowy nadruk na ramieniu i kontrastowe krawaty w sznurku przyci\u0105gaj\u0105 uwag\u0119.<\/p>\n<p>Materia\u0142: Materia\u0142 zewn\u0119trzny: bawe\u0142na 65%, poliester 35%. Podszewka kaptura: bawe\u0142na 100%<br \/>\nWskaz\u00f3wki dotycz\u0105ce piel\u0119gnacji: Pra\u0107 w pralce<\/p>\n<p>Kolor: przydymiony r\u00f3\u017c<br \/>\nWz\u00f3r: Kwiatowy nadruk<br \/>\nRozmiar: 36\/38<\/p>\n<p>Szeroko\u015b\u0107 ramion: 57 cm<br \/>\nSzeroko\u015b\u0107 klatki piersiowej: 110 cm<br \/>\nD\u0142ugo\u015b\u0107 r\u0119kawa: 56 cm<br \/>\nCa\u0142kowita d\u0142ugo\u015b\u0107: 89 cm<\/p>","protected":false},"excerpt":{"rendered":"<table class=\"dv_characteristicsTable\">\n<tbody>\n<tr>\n<td class=\"left\">Rozmiar<\/td>\n<td>36\/38<\/td>\n<\/tr>\n<tr>\n<td class=\"left\">Gr\u00f6\u00dfentyp<\/td>\n<td>Normalgr\u00f6\u00dfen<\/td>\n<\/tr>\n<tr>\n<td class=\"left\">Sk\u0142ad materia\u0142u<\/td>\n<td>Obermaterial: 65% Baumwolle\u00a0, 35% Polyester. Kapuzenfutter: 100% Baumwolle<\/td>\n<\/tr>\n<tr>\n<td class=\"left\">Instrukcje dotycz\u0105ce piel\u0119gnacji<\/td>\n<td>Pranie w pralce<\/td>\n<\/tr>\n<tr>\n<td class=\"left\">Optik<\/td>\n<td>kontrastfarbene Details, bedruckt, unifarben<\/td>\n<\/tr>\n<tr>\n<td class=\"left\">Stil<\/td>\n<td>casual<\/td>\n<\/tr>\n<tr>\n<td class=\"left\">\u00c4rmel<\/td>\n<td>D\u0142ugi r\u0119kaw<\/td>\n<\/tr>\n<tr>\n<td class=\"left\">\u00c4rmelabschluss<\/td>\n<td>B\u00fcndchen<\/td>\n<\/tr>\n<tr>\n<td class=\"left\">Kleidersaum<\/td>\n<td>B\u00fcndchen<\/td>\n<\/tr>\n<tr>\n<td class=\"left\">Dopasowanie<\/td>\n<td>bequem<\/td>\n<\/tr>\n<tr>\n<td class=\"left\">Schnittform L\u00e4nge<\/td>\n<td>kurz<\/td>\n<\/tr>\n<tr>\n<td class=\"left\">Kolor<\/td>\n<td>przydymiony r\u00f3\u017c<\/td>\n<\/tr>\n<tr>\n<td class=\"left\">Kaptur<\/td>\n<td>mit Kapuze<\/td>\n<\/tr>\n<tr>\n<td class=\"left\">Applikationen<\/td>\n<td>Print, B\u00e4nder<\/td>\n<\/tr>\n<tr>\n<td class=\"left\">Besondere Merkmale<\/td>\n<td>mit Blumenprint auf der Schulter<\/td>\n<\/tr>\n<\/tbody>\n<\/table>","protected":false},"featured_media":80380,"comment_status":"open","ping_status":"closed","template":"","meta":{"_seopress_robots_primary_cat":"","_seopress_titles_title":"","_seopress_titles_desc":"","_seopress_robots_index":""},"product_brand":[],"product_cat":[1348,1379,1594],"product_tag":[],"class_list":{"0":"post-80283","1":"product","2":"type-product","3":"status-publish","4":"has-post-thumbnail","6":"product_cat-damen-mode","7":"product_cat-kleider","8":"product_cat-pulloverkleider","9":"product_shipping_class-standard-versand","11":"first","12":"instock","13":"sale","14":"taxable","15":"shipping-taxable","16":"purchasable","17":"product-type-simple"},"_links":{"self":[{"href":"https:\/\/www.soanam.de\/pl\/wp-json\/wp\/v2\/product\/80283","targetHints":{"allow":["GET"]}}],"collection":[{"href":"https:\/\/www.soanam.de\/pl\/wp-json\/wp\/v2\/product"}],"about":[{"href":"https:\/\/www.soanam.de\/pl\/wp-json\/wp\/v2\/types\/product"}],"replies":[{"embeddable":true,"href":"https:\/\/www.soanam.de\/pl\/wp-json\/wp\/v2\/comments?post=80283"}],"wp:featuredmedia":[{"embeddable":true,"href":"https:\/\/www.soanam.de\/pl\/wp-json\/wp\/v2\/media\/80380"}],"wp:attachment":[{"href":"https:\/\/www.soanam.de\/pl\/wp-json\/wp\/v2\/media?parent=80283"}],"wp:term":[{"taxonomy":"product_brand","embeddable":true,"href":"https:\/\/www.soanam.de\/pl\/wp-json\/wp\/v2\/product_brand?post=80283"},{"taxonomy":"product_cat","embeddable":true,"href":"https:\/\/www.soanam.de\/pl\/wp-json\/wp\/v2\/product_cat?post=80283"},{"taxonomy":"product_tag","embeddable":true,"href":"https:\/\/www.soanam.de\/pl\/wp-json\/wp\/v2\/product_tag?post=80283"}],"curies":[{"name":"wp","href":"https:\/\/api.w.org\/{rel}","templated":true}]}}