{"id":80262,"date":"2023-12-14T00:29:45","date_gmt":"2023-12-13T23:29:45","guid":{"rendered":"https:\/\/www.soanam.de\/?post_type=product&#038;p=80262"},"modified":"2023-12-14T00:31:47","modified_gmt":"2023-12-13T23:31:47","slug":"bluza-z-kapturem-z-kwiatowym-nadrukiem-w-kolorze-przydymionego-rozu-rozmiar-40-42","status":"publish","type":"product","link":"https:\/\/www.soanam.de\/pl\/produkt\/bench-hoodie-mit-blumenprint-in-rauchrosa-groesse-40-42\/","title":{"rendered":"Bench. Bluza z kapturem z kwiatowym nadrukiem, przydymiony r\u00f3\u017c, rozmiar 40\/42"},"content":{"rendered":"<p>Bluza z kapturem Bench z kwiatowym nadrukiem na ramieniu<br \/>\nOpuszczone ramiona i d\u0142ugie r\u0119kawy<br \/>\nZ ta\u015bmami na r\u0119kawach i kapturze<br \/>\n\u015aci\u0105gacze na r\u0119kawach<br \/>\nWygodna mieszanka bawe\u0142ny<\/p>\n<p>Niezale\u017cnie od tego, czy jest to kwiatowy nadruk na ramieniu, czy nadrukowane ta\u015bmy na r\u0119kawach i kapturze - bluza z kapturem marki Bench to najlepszy stylowy element.<br \/>\nObni\u017cone ramiona nadaj\u0105 jej dodatkowej dawki swobody, kt\u00f3ra jest jeszcze wygodniejsza dzi\u0119ki mi\u0119kkiemu bawe\u0142nianemu materia\u0142owi.<\/p>\n<p>Materia\u0142: Materia\u0142 zewn\u0119trzny: bawe\u0142na 65%, poliester 35%. Podszewka kaptura: bawe\u0142na 100%<br \/>\nWskaz\u00f3wki dotycz\u0105ce piel\u0119gnacji: Pra\u0107 w pralce<\/p>\n<p>Kolor: przydymiony r\u00f3\u017c<br \/>\nWz\u00f3r: Kwiatowy nadruk<br \/>\nRozmiar: 40\/42<\/p>\n<p>Szeroko\u015b\u0107 ramion: 58 cm<br \/>\nSzeroko\u015b\u0107 klatki piersiowej: 116 cm<br \/>\nD\u0142ugo\u015b\u0107 r\u0119kawa: 53 cm<br \/>\nCa\u0142kowita d\u0142ugo\u015b\u0107: 66 cm<\/p>","protected":false},"excerpt":{"rendered":"<table class=\"dv_characteristicsTable\">\n<tbody>\n<tr>\n<td class=\"left\">Rozmiar<\/td>\n<td>40\/42<\/td>\n<\/tr>\n<tr>\n<td class=\"left\">Gr\u00f6\u00dfentyp<\/td>\n<td>Normalgr\u00f6\u00dfen<\/td>\n<\/tr>\n<tr>\n<td class=\"left\">Sk\u0142ad materia\u0142u<\/td>\n<td>Obermaterial: 65% Baumwolle\u00a0, 35% Polyester. Kapuzenfutter: 100% Baumwolle<\/td>\n<\/tr>\n<tr>\n<td class=\"left\">Instrukcje dotycz\u0105ce piel\u0119gnacji<\/td>\n<td>Pranie w pralce<\/td>\n<\/tr>\n<tr>\n<td class=\"left\">Optik<\/td>\n<td>bedruckt, kontrastfarbene Details, unifarben<\/td>\n<\/tr>\n<tr>\n<td class=\"left\">Stil<\/td>\n<td>casual<\/td>\n<\/tr>\n<tr>\n<td class=\"left\">Kolor<\/td>\n<td>przydymiony r\u00f3\u017c<\/td>\n<\/tr>\n<tr>\n<td class=\"left\">Kaptur<\/td>\n<td>mit Kapuze<\/td>\n<\/tr>\n<tr>\n<td class=\"left\">Kapuzendetails<\/td>\n<td>mit Kordelzug<\/td>\n<\/tr>\n<tr>\n<td class=\"left\">Kapuzenf\u00fctterung<\/td>\n<td>Ton in Ton<\/td>\n<\/tr>\n<tr>\n<td class=\"left\">Applikationen<\/td>\n<td>Print<\/td>\n<\/tr>\n<tr>\n<td class=\"left\">Besondere Merkmale<\/td>\n<td>mit bedrucktem Tape und Blumenprint<\/td>\n<\/tr>\n<tr>\n<td class=\"left\">\u00c4rmel<\/td>\n<td>D\u0142ugi r\u0119kaw<\/td>\n<\/tr>\n<tr>\n<td class=\"left\">\u00c4rmelabschluss<\/td>\n<td>B\u00fcndchen<\/td>\n<\/tr>\n<tr>\n<td class=\"left\">Rumpfabschluss<\/td>\n<td>abgesteppt<\/td>\n<\/tr>\n<tr>\n<td class=\"left\">Dopasowanie<\/td>\n<td>bequem<\/td>\n<\/tr>\n<tr>\n<td class=\"left\">Schnittform L\u00e4nge<\/td>\n<td>normal<\/td>\n<\/tr>\n<\/tbody>\n<\/table>","protected":false},"featured_media":80364,"comment_status":"open","ping_status":"closed","template":"","meta":{"_seopress_robots_primary_cat":"","_seopress_titles_title":"","_seopress_titles_desc":"","_seopress_robots_index":""},"product_brand":[],"product_cat":[1348,1456,1583],"product_tag":[],"class_list":{"0":"post-80262","1":"product","2":"type-product","3":"status-publish","4":"has-post-thumbnail","6":"product_cat-damen-mode","7":"product_cat-pullover-sweater","8":"product_cat-hoodies","9":"product_shipping_class-standard-versand","11":"first","12":"outofstock","13":"sale","14":"taxable","15":"shipping-taxable","16":"purchasable","17":"product-type-simple"},"_links":{"self":[{"href":"https:\/\/www.soanam.de\/pl\/wp-json\/wp\/v2\/product\/80262","targetHints":{"allow":["GET"]}}],"collection":[{"href":"https:\/\/www.soanam.de\/pl\/wp-json\/wp\/v2\/product"}],"about":[{"href":"https:\/\/www.soanam.de\/pl\/wp-json\/wp\/v2\/types\/product"}],"replies":[{"embeddable":true,"href":"https:\/\/www.soanam.de\/pl\/wp-json\/wp\/v2\/comments?post=80262"}],"wp:featuredmedia":[{"embeddable":true,"href":"https:\/\/www.soanam.de\/pl\/wp-json\/wp\/v2\/media\/80364"}],"wp:attachment":[{"href":"https:\/\/www.soanam.de\/pl\/wp-json\/wp\/v2\/media?parent=80262"}],"wp:term":[{"taxonomy":"product_brand","embeddable":true,"href":"https:\/\/www.soanam.de\/pl\/wp-json\/wp\/v2\/product_brand?post=80262"},{"taxonomy":"product_cat","embeddable":true,"href":"https:\/\/www.soanam.de\/pl\/wp-json\/wp\/v2\/product_cat?post=80262"},{"taxonomy":"product_tag","embeddable":true,"href":"https:\/\/www.soanam.de\/pl\/wp-json\/wp\/v2\/product_tag?post=80262"}],"curies":[{"name":"wp","href":"https:\/\/api.w.org\/{rel}","templated":true}]}}