{"id":80241,"date":"2023-12-14T00:29:21","date_gmt":"2023-12-13T23:29:21","guid":{"rendered":"https:\/\/www.soanam.de\/?post_type=product&#038;p=80241"},"modified":"2023-12-14T00:31:15","modified_gmt":"2023-12-13T23:31:15","slug":"calvin-klein-bluza-z-kapturem-z-haftem-w-kolorze-czarnym-rozmiar-xxl","status":"publish","type":"product","link":"https:\/\/www.soanam.de\/pl\/produkt\/calvin-klein-kapuzenpullover-mit-stickerei-in-schwarz-groesse-xxl\/","title":{"rendered":"Calvin Klein sweter z kapturem i haftem, czarny, rozmiar XXL"},"content":{"rendered":"<p>Bluza z kapturem od Calvin Klein<br \/>\nGraficzny haft z przodu<br \/>\nKaptur ze sznurkiem \u015bci\u0105gaj\u0105cym<br \/>\nKiesze\u0144 kangurka<br \/>\nRegularny kr\u00f3j \/ normalny kszta\u0142t<br \/>\nWykonane z mi\u0119kkiej mieszanki bawe\u0142ny<\/p>\n<p>Ulepsz sw\u00f3j swobodny wygl\u0105d w tym sezonie dzi\u0119ki bluzie z kapturem Graphic Embroidered Hoodie in BLACK od zaufanej marki Calvin Klein. Wykonana z mi\u0119kkiego materia\u0142u z d\u0142ugimi r\u0119kawami, elastycznymi dzianinowymi kraw\u0119dziami i kapturem ze sznurkiem, ta wygodna bluza z kapturem jest obowi\u0105zkowa w tym sezonie. Dzi\u0119ki du\u017cej przedniej kieszeni, kontrastowym agletom i haftowanemu logo na piersi, ta wygodna bluza z kapturem doda r\u00f3wnie\u017c prostego stylu do codziennego wygl\u0105du w tym sezonie.<\/p>\n<p>Materia\u0142: bawe\u0142na 73%, poliester 27%<br \/>\nWskaz\u00f3wki dotycz\u0105ce piel\u0119gnacji: Pra\u0107 w pralce<\/p>\n<p>Kolor: czarny<br \/>\nWz\u00f3r: haft graficzny<br \/>\nRozmiar: XXL<\/p>\n<p>Szeroko\u015b\u0107 ramion: 52 cm<br \/>\nSzeroko\u015b\u0107 klatki piersiowej: 130 cm<br \/>\nD\u0142ugo\u015b\u0107 r\u0119kawa: 67 cm<br \/>\nCa\u0142kowita d\u0142ugo\u015b\u0107: 71 cm<\/p>","protected":false},"excerpt":{"rendered":"<table class=\"dv_characteristicsTable\">\n<tbody>\n<tr>\n<td class=\"left\">Rozmiar<\/td>\n<td>XXL<\/td>\n<\/tr>\n<tr>\n<td class=\"left\">Gr\u00f6\u00dfentyp<\/td>\n<td>Normalgr\u00f6\u00dfen<\/td>\n<\/tr>\n<tr>\n<td class=\"left\">Sk\u0142ad materia\u0142u<\/td>\n<td>Obermaterial: 73% Baumwolle, 27% Polyester<\/td>\n<\/tr>\n<tr>\n<td class=\"left\">Instrukcje dotycz\u0105ce piel\u0119gnacji<\/td>\n<td>Pranie w pralce<\/td>\n<\/tr>\n<tr>\n<td class=\"left\">Stil<\/td>\n<td>casual<\/td>\n<\/tr>\n<tr>\n<td class=\"left\">Kolor<\/td>\n<td>black<\/td>\n<\/tr>\n<tr>\n<td class=\"left\">Torby<\/td>\n<td>Kiesze\u0144 kangurka<\/td>\n<\/tr>\n<tr>\n<td class=\"left\">\u00c4rmel<\/td>\n<td>D\u0142ugi r\u0119kaw<\/td>\n<\/tr>\n<tr>\n<td class=\"left\">Dopasowanie<\/td>\n<td>normal<\/td>\n<\/tr>\n<\/tbody>\n<\/table>","protected":false},"featured_media":80339,"comment_status":"open","ping_status":"closed","template":"","meta":{"_seopress_robots_primary_cat":"","_seopress_titles_title":"","_seopress_titles_desc":"","_seopress_robots_index":""},"product_brand":[],"product_cat":[1345,1485,1592],"product_tag":[],"class_list":{"0":"post-80241","1":"product","2":"type-product","3":"status-publish","4":"has-post-thumbnail","6":"product_cat-herrenmode","7":"product_cat-pullover-sweater-herrenmode","8":"product_cat-hoodies-pullover-sweater-herrenmode","9":"product_shipping_class-standard-versand","11":"first","12":"instock","13":"sale","14":"taxable","15":"shipping-taxable","16":"purchasable","17":"product-type-simple"},"_links":{"self":[{"href":"https:\/\/www.soanam.de\/pl\/wp-json\/wp\/v2\/product\/80241","targetHints":{"allow":["GET"]}}],"collection":[{"href":"https:\/\/www.soanam.de\/pl\/wp-json\/wp\/v2\/product"}],"about":[{"href":"https:\/\/www.soanam.de\/pl\/wp-json\/wp\/v2\/types\/product"}],"replies":[{"embeddable":true,"href":"https:\/\/www.soanam.de\/pl\/wp-json\/wp\/v2\/comments?post=80241"}],"wp:featuredmedia":[{"embeddable":true,"href":"https:\/\/www.soanam.de\/pl\/wp-json\/wp\/v2\/media\/80339"}],"wp:attachment":[{"href":"https:\/\/www.soanam.de\/pl\/wp-json\/wp\/v2\/media?parent=80241"}],"wp:term":[{"taxonomy":"product_brand","embeddable":true,"href":"https:\/\/www.soanam.de\/pl\/wp-json\/wp\/v2\/product_brand?post=80241"},{"taxonomy":"product_cat","embeddable":true,"href":"https:\/\/www.soanam.de\/pl\/wp-json\/wp\/v2\/product_cat?post=80241"},{"taxonomy":"product_tag","embeddable":true,"href":"https:\/\/www.soanam.de\/pl\/wp-json\/wp\/v2\/product_tag?post=80241"}],"curies":[{"name":"wp","href":"https:\/\/api.w.org\/{rel}","templated":true}]}}