{"id":80240,"date":"2023-12-14T00:29:21","date_gmt":"2023-12-13T23:29:21","guid":{"rendered":"https:\/\/www.soanam.de\/?post_type=product&#038;p=80240"},"modified":"2023-12-14T00:31:11","modified_gmt":"2023-12-13T23:31:11","slug":"calvin-klein-bluza-z-kapturem-z-pionowym-nadrukiem-logo-w-kolorze-czarnym-rozmiar-m","status":"publish","type":"product","link":"https:\/\/www.soanam.de\/pl\/produkt\/calvin-klein-vertical-side-logo-print-hoodie-in-schwarz-groesse-m\/","title":{"rendered":"Calvin Klein VERTICAL SIDE LOGO PRINT HOODIE, w kolorze czarnym, rozmiar M"},"content":{"rendered":"<p>Bluza z kapturem od Calvin Klein<br \/>\nKontrastowe kolorowe napisy z boku<br \/>\nNapis na masce<br \/>\nKaptur ze sznurkiem \u015bci\u0105gaj\u0105cym<br \/>\nKiesze\u0144 kangurka<br \/>\nRegularny kr\u00f3j \/ normalny kszta\u0142t<br \/>\nWykonane z czystej bawe\u0142ny<\/p>\n<p>Bluza z kapturem VERTICAL SIDE LOGO PRINT HOODIE marki Calvin Klein jest praktyczna, przytulna i stylowa.<br \/>\nKiesze\u0144 kangurka naszyta na brzuchu dope\u0142nia wygodny wygl\u0105d bluzy z kapturem.<br \/>\nKontrastuj\u0105ce kolorowe napisy z boku i na kapturze dope\u0142niaj\u0105 atrakcyjnego wygl\u0105du.<br \/>\nTop reguluje temperatur\u0119 dzi\u0119ki bawe\u0142nie i jest mi\u0119kki w dotyku.<\/p>\n<p>Materia\u0142: bawe\u0142na 100%<br \/>\nWskaz\u00f3wki dotycz\u0105ce piel\u0119gnacji: Pra\u0107 w pralce<\/p>\n<p>Kolor: czarny<br \/>\nWz\u00f3r: napis<br \/>\nRozmiar: M<\/p>\n<p>Szeroko\u015b\u0107 w ramionach: 4863 cm<br \/>\nSzeroko\u015b\u0107 klatki piersiowej: 112 cm<br \/>\nD\u0142ugo\u015b\u0107 r\u0119kawa: 67 cm<br \/>\nCa\u0142kowita d\u0142ugo\u015b\u0107: 68 cm<\/p>","protected":false},"excerpt":{"rendered":"<table class=\"dv_characteristicsTable\">\n<tbody>\n<tr>\n<td class=\"left\">Rozmiar<\/td>\n<td>M<\/td>\n<\/tr>\n<tr>\n<td class=\"left\">Gr\u00f6\u00dfentyp<\/td>\n<td>Normalgr\u00f6\u00dfen<\/td>\n<\/tr>\n<tr>\n<td class=\"left\">Sk\u0142ad materia\u0142u<\/td>\n<td>Obermaterial: 100% Baumwolle<\/td>\n<\/tr>\n<tr>\n<td class=\"left\">Instrukcje dotycz\u0105ce piel\u0119gnacji<\/td>\n<td>Pranie w pralce<\/td>\n<\/tr>\n<tr>\n<td class=\"left\">Stil<\/td>\n<td>casual<\/td>\n<\/tr>\n<tr>\n<td class=\"left\">Kolor<\/td>\n<td>black<\/td>\n<\/tr>\n<tr>\n<td class=\"left\">Torby<\/td>\n<td>Kiesze\u0144 kangurka<\/td>\n<\/tr>\n<tr>\n<td class=\"left\">\u00c4rmel<\/td>\n<td>D\u0142ugi r\u0119kaw<\/td>\n<\/tr>\n<tr>\n<td class=\"left\">Dopasowanie<\/td>\n<td>normal<\/td>\n<\/tr>\n<\/tbody>\n<\/table>","protected":false},"featured_media":80336,"comment_status":"open","ping_status":"closed","template":"","meta":{"_seopress_robots_primary_cat":"","_seopress_titles_title":"","_seopress_titles_desc":"","_seopress_robots_index":""},"product_brand":[],"product_cat":[1345,1485,1592],"product_tag":[],"class_list":{"0":"post-80240","1":"product","2":"type-product","3":"status-publish","4":"has-post-thumbnail","6":"product_cat-herrenmode","7":"product_cat-pullover-sweater-herrenmode","8":"product_cat-hoodies-pullover-sweater-herrenmode","9":"product_shipping_class-standard-versand","11":"first","12":"instock","13":"sale","14":"taxable","15":"shipping-taxable","16":"purchasable","17":"product-type-simple"},"_links":{"self":[{"href":"https:\/\/www.soanam.de\/pl\/wp-json\/wp\/v2\/product\/80240","targetHints":{"allow":["GET"]}}],"collection":[{"href":"https:\/\/www.soanam.de\/pl\/wp-json\/wp\/v2\/product"}],"about":[{"href":"https:\/\/www.soanam.de\/pl\/wp-json\/wp\/v2\/types\/product"}],"replies":[{"embeddable":true,"href":"https:\/\/www.soanam.de\/pl\/wp-json\/wp\/v2\/comments?post=80240"}],"wp:featuredmedia":[{"embeddable":true,"href":"https:\/\/www.soanam.de\/pl\/wp-json\/wp\/v2\/media\/80336"}],"wp:attachment":[{"href":"https:\/\/www.soanam.de\/pl\/wp-json\/wp\/v2\/media?parent=80240"}],"wp:term":[{"taxonomy":"product_brand","embeddable":true,"href":"https:\/\/www.soanam.de\/pl\/wp-json\/wp\/v2\/product_brand?post=80240"},{"taxonomy":"product_cat","embeddable":true,"href":"https:\/\/www.soanam.de\/pl\/wp-json\/wp\/v2\/product_cat?post=80240"},{"taxonomy":"product_tag","embeddable":true,"href":"https:\/\/www.soanam.de\/pl\/wp-json\/wp\/v2\/product_tag?post=80240"}],"curies":[{"name":"wp","href":"https:\/\/api.w.org\/{rel}","templated":true}]}}