{"id":80221,"date":"2023-12-14T00:02:10","date_gmt":"2023-12-13T23:02:10","guid":{"rendered":"https:\/\/www.soanam.de\/?post_type=product&#038;p=80221"},"modified":"2023-12-14T00:30:56","modified_gmt":"2023-12-13T23:30:56","slug":"bluza-kangurki-w-kolorze-czarnym-bialym-rozmiar-44-46","status":"publish","type":"product","link":"https:\/\/www.soanam.de\/pl\/produkt\/kangaroos-sweatshirt-im-color-blocking-in-schwarz-weiss-groesse-44-46\/","title":{"rendered":"Bluza KangaROOS w kolorze czarnym i bia\u0142ym, rozmiar 44\/46"},"content":{"rendered":"<p>Bluza w kontrastowych kolorach od KangaROOS<br \/>\nNadruk z logo i napisy na ramionach i u do\u0142u bluzy<br \/>\nDopasowany do sylwetki, prosty kszta\u0142t<br \/>\nMankiety z otworami na kciuki<br \/>\nWykonane z mi\u0119kkiej, czystej bawe\u0142ny<\/p>\n<p>Ten sweter marki Kangaroos wyr\u00f3\u017cnia si\u0119 modnym wzorem \u0142\u0105cz\u0105cym kolory.<br \/>\nNadruki logo na ramieniu i na kraw\u0119dzi obszycia zapewniaj\u0105 dodatkowe akcenty.<br \/>\nOtwory na kciuki przy mankietach podkre\u015blaj\u0105 swobodny wygl\u0105d bluzy.<br \/>\nDzi\u0119ki lu\u017anemu krojowi i mi\u0119kkiemu materia\u0142owi bluza ta jest niezwykle wygodna w noszeniu.<\/p>\n<p>Materia\u0142: bawe\u0142na 100%<br \/>\nWskaz\u00f3wki dotycz\u0105ce piel\u0119gnacji: Pra\u0107 w pralce<\/p>\n<p>Kolor: czarno-bia\u0142y<br \/>\nWz\u00f3r: etykieta marki<br \/>\nRozmiar: L<\/p>\n<p>Szeroko\u015b\u0107 ramion: 46 cm<br \/>\nSzeroko\u015b\u0107 klatki piersiowej: 122 cm<br \/>\nD\u0142ugo\u015b\u0107 r\u0119kawa: 62 cm<br \/>\nCa\u0142kowita d\u0142ugo\u015b\u0107: 72 cm<\/p>","protected":false},"excerpt":{"rendered":"<table class=\"dv_characteristicsTable\">\n<tbody>\n<tr>\n<td class=\"left\">Rozmiar<\/td>\n<td>44\/46 (L)<\/td>\n<\/tr>\n<tr>\n<td class=\"left\">Gr\u00f6\u00dfentyp<\/td>\n<td>Normalgr\u00f6\u00dfen<\/td>\n<\/tr>\n<tr>\n<td class=\"left\">Sk\u0142ad materia\u0142u<\/td>\n<td>Obermaterial: 100% Baumwolle<\/td>\n<\/tr>\n<tr>\n<td class=\"left\">Materialart<\/td>\n<td>Interlock<\/td>\n<\/tr>\n<tr>\n<td class=\"left\">Instrukcje dotycz\u0105ce piel\u0119gnacji<\/td>\n<td>Pranie w pralce<\/td>\n<\/tr>\n<tr>\n<td class=\"left\">Optik<\/td>\n<td>unifarben mit Farbeins\u00e4tzen, colorblocking<\/td>\n<\/tr>\n<tr>\n<td class=\"left\">Stil<\/td>\n<td>sportlich<\/td>\n<\/tr>\n<tr>\n<td class=\"left\">Kolor<\/td>\n<td>schwarz-wei\u00df<\/td>\n<\/tr>\n<tr>\n<td class=\"left\">Applikationen<\/td>\n<td>Markenlabel, Print<\/td>\n<\/tr>\n<tr>\n<td class=\"left\">Besondere Merkmale<\/td>\n<td>im modischen Color-Blocking<\/td>\n<\/tr>\n<tr>\n<td class=\"left\">Ausschnitt<\/td>\n<td>Rundhals<\/td>\n<\/tr>\n<tr>\n<td class=\"left\">\u00c4rmel<\/td>\n<td>D\u0142ugi r\u0119kaw<\/td>\n<\/tr>\n<tr>\n<td class=\"left\">\u00c4rmelabschluss<\/td>\n<td>angesetztes B\u00fcndchen<\/td>\n<\/tr>\n<tr>\n<td class=\"left\">\u00c4rmelabschlussdetails<\/td>\n<td>mit Daumenl\u00f6chern<\/td>\n<\/tr>\n<tr>\n<td class=\"left\">Dopasowanie<\/td>\n<td>figurumspielend<\/td>\n<\/tr>\n<tr>\n<td class=\"left\">Schnittdetails<\/td>\n<td>Teilungsnaht<\/td>\n<\/tr>\n<tr>\n<td class=\"left\">Schnittform L\u00e4nge<\/td>\n<td>h\u00fcftbedeckend<\/td>\n<\/tr>\n<\/tbody>\n<\/table>","protected":false},"featured_media":80322,"comment_status":"open","ping_status":"closed","template":"","meta":{"_seopress_robots_primary_cat":"","_seopress_titles_title":"","_seopress_titles_desc":"","_seopress_robots_index":""},"product_brand":[],"product_cat":[1348,1456,1577],"product_tag":[],"class_list":{"0":"post-80221","1":"product","2":"type-product","3":"status-publish","4":"has-post-thumbnail","6":"product_cat-damen-mode","7":"product_cat-pullover-sweater","8":"product_cat-sweatshirts","9":"product_shipping_class-standard-versand","11":"first","12":"instock","13":"sale","14":"taxable","15":"shipping-taxable","16":"purchasable","17":"product-type-simple"},"_links":{"self":[{"href":"https:\/\/www.soanam.de\/pl\/wp-json\/wp\/v2\/product\/80221","targetHints":{"allow":["GET"]}}],"collection":[{"href":"https:\/\/www.soanam.de\/pl\/wp-json\/wp\/v2\/product"}],"about":[{"href":"https:\/\/www.soanam.de\/pl\/wp-json\/wp\/v2\/types\/product"}],"replies":[{"embeddable":true,"href":"https:\/\/www.soanam.de\/pl\/wp-json\/wp\/v2\/comments?post=80221"}],"wp:featuredmedia":[{"embeddable":true,"href":"https:\/\/www.soanam.de\/pl\/wp-json\/wp\/v2\/media\/80322"}],"wp:attachment":[{"href":"https:\/\/www.soanam.de\/pl\/wp-json\/wp\/v2\/media?parent=80221"}],"wp:term":[{"taxonomy":"product_brand","embeddable":true,"href":"https:\/\/www.soanam.de\/pl\/wp-json\/wp\/v2\/product_brand?post=80221"},{"taxonomy":"product_cat","embeddable":true,"href":"https:\/\/www.soanam.de\/pl\/wp-json\/wp\/v2\/product_cat?post=80221"},{"taxonomy":"product_tag","embeddable":true,"href":"https:\/\/www.soanam.de\/pl\/wp-json\/wp\/v2\/product_tag?post=80221"}],"curies":[{"name":"wp","href":"https:\/\/api.w.org\/{rel}","templated":true}]}}