{"id":80203,"date":"2023-12-14T00:01:46","date_gmt":"2023-12-13T23:01:46","guid":{"rendered":"https:\/\/www.soanam.de\/?post_type=product&#038;p=80203"},"modified":"2023-12-14T00:30:45","modified_gmt":"2023-12-13T23:30:45","slug":"tommy-jeans-longsleeve-ze-stojka-w-kolorze-bialym-rozmiar-l","status":"publish","type":"product","link":"https:\/\/www.soanam.de\/pl\/produkt\/tommy-jeans-longsleeve-mit-stehkragen-in-weiss-groesse-l\/","title":{"rendered":"Tommy Jeans longsleeve ze st\u00f3jk\u0105, bia\u0142y, rozmiar L"},"content":{"rendered":"<p>M\u0119ski longsleeve od Tommy Jeans<br \/>\nSt\u00f3jka z haftowanym logo<br \/>\nHaftowane logo na wysoko\u015bci klatki piersiowej<br \/>\nCi\u0119cie proste<br \/>\nPr\u0105\u017ckowane mankiety<br \/>\nMieszanka bawe\u0142ny i elastanu<\/p>\n<p>Longsleeve Tommy Jeans zosta\u0142 wykonany z mieszanki bawe\u0142ny i elastanu, co bardzo pozytywnie wp\u0142ywa na jego w\u0142a\u015bciwo\u015bci u\u017cytkowe.<br \/>\nMa prosty kr\u00f3j, st\u00f3jk\u0119 z du\u017cym haftem logo i typow\u0105 flag\u0119 Hilfiger na piersi.<\/p>\n<p>Materia\u0142: bawe\u0142na 95%, elastan 5%<br \/>\nWskaz\u00f3wki dotycz\u0105ce piel\u0119gnacji: Pra\u0107 w pralce<\/p>\n<p>Kolor: bia\u0142y<br \/>\nWz\u00f3r: haftowane logo<br \/>\nRozmiar: L<\/p>\n<p>Szeroko\u015b\u0107 ramion: 45 cm<br \/>\nSzeroko\u015b\u0107 klatki piersiowej: 114 cm<br \/>\nD\u0142ugo\u015b\u0107 r\u0119kawa: 68 cm<br \/>\nCa\u0142kowita d\u0142ugo\u015b\u0107: 74 cm<\/p>\n<p>Ten nowy przedmiot jest zwrotem klienta bez etykiety.<\/p>","protected":false},"excerpt":{"rendered":"<p>Materia\u0142: bawe\u0142na 95%, elastan 5%<br \/>\nWskaz\u00f3wki dotycz\u0105ce piel\u0119gnacji: Pra\u0107 w pralce<\/p>\n<p>Kolor: bia\u0142y<br \/>\nWz\u00f3r: haftowane logo<br \/>\nRozmiar: L<\/p>","protected":false},"featured_media":80312,"comment_status":"open","ping_status":"closed","template":"","meta":{"_seopress_robots_primary_cat":"","_seopress_titles_title":"","_seopress_titles_desc":"","_seopress_robots_index":""},"product_brand":[],"product_cat":[1345,1485,1486],"product_tag":[],"class_list":{"0":"post-80203","1":"product","2":"type-product","3":"status-publish","4":"has-post-thumbnail","6":"product_cat-herrenmode","7":"product_cat-pullover-sweater-herrenmode","8":"product_cat-langarmshirts-pullover-sweater-herrenmode","9":"product_shipping_class-standard-versand","11":"first","12":"instock","13":"sale","14":"taxable","15":"shipping-taxable","16":"purchasable","17":"product-type-simple"},"_links":{"self":[{"href":"https:\/\/www.soanam.de\/pl\/wp-json\/wp\/v2\/product\/80203","targetHints":{"allow":["GET"]}}],"collection":[{"href":"https:\/\/www.soanam.de\/pl\/wp-json\/wp\/v2\/product"}],"about":[{"href":"https:\/\/www.soanam.de\/pl\/wp-json\/wp\/v2\/types\/product"}],"replies":[{"embeddable":true,"href":"https:\/\/www.soanam.de\/pl\/wp-json\/wp\/v2\/comments?post=80203"}],"wp:featuredmedia":[{"embeddable":true,"href":"https:\/\/www.soanam.de\/pl\/wp-json\/wp\/v2\/media\/80312"}],"wp:attachment":[{"href":"https:\/\/www.soanam.de\/pl\/wp-json\/wp\/v2\/media?parent=80203"}],"wp:term":[{"taxonomy":"product_brand","embeddable":true,"href":"https:\/\/www.soanam.de\/pl\/wp-json\/wp\/v2\/product_brand?post=80203"},{"taxonomy":"product_cat","embeddable":true,"href":"https:\/\/www.soanam.de\/pl\/wp-json\/wp\/v2\/product_cat?post=80203"},{"taxonomy":"product_tag","embeddable":true,"href":"https:\/\/www.soanam.de\/pl\/wp-json\/wp\/v2\/product_tag?post=80203"}],"curies":[{"name":"wp","href":"https:\/\/api.w.org\/{rel}","templated":true}]}}