{"id":80184,"date":"2023-12-14T00:01:19","date_gmt":"2023-12-13T23:01:19","guid":{"rendered":"https:\/\/www.soanam.de\/?post_type=product&#038;p=80184"},"modified":"2023-12-14T00:30:19","modified_gmt":"2023-12-13T23:30:19","slug":"alife-kickin-koszulka-z-dlugim-rekawem-leaak-w-zestawie-2-sztuk-w-kolorze-antracytowym-offwhite-rozmiar-xl","status":"publish","type":"product","link":"https:\/\/www.soanam.de\/pl\/produkt\/alife-kickin-langarmshirts-leaak-im-2er-pack-in-anthrazit-offwhite-groesse-xl\/","title":{"rendered":"Koszulki z d\u0142ugim r\u0119kawem Alife &amp; Kickin LeaAK w 2-paku, w kolorze antracytowym, w kolorze z\u0142amanej bieli, rozmiar XL"},"content":{"rendered":"<p>Koszulki z d\u0142ugim r\u0119kawem w zestawie 2 sztuk od Alife &amp; Kickin<br \/>\n1x w kolorze antracytowym w paski i 1x w kolorze bia\u0142ym g\u0142adkim<br \/>\nZ okr\u0105g\u0142ym dekoltem<br \/>\nPrzylegaj\u0105cy do sylwetki, lekko dopasowany kr\u00f3j<br \/>\nZ typowym oznakowaniem marki<br \/>\nWykonana z zachowuj\u0105cej kszta\u0142t mieszanki bawe\u0142ny<\/p>\n<p>Sportowa, swobodna bluzka z d\u0142ugim r\u0119kawem, kt\u00f3ra \u015bwietnie pasuje do d\u017cins\u00f3w i but\u00f3w sportowych.<br \/>\nKoszulki z d\u0142ugim r\u0119kawem od Alife &amp; Kickin s\u0105 dost\u0119pne w wersji 1x antracytowej w paski i 1x g\u0142adkiej w kolorze z\u0142amanej bieli.<br \/>\nMaj\u0105 przylegaj\u0105cy do sylwetki, lekko dopasowany kr\u00f3j, okr\u0105g\u0142y dekolt i oczywi\u015bcie typowe dla marki oznaczenia.<br \/>\nStabilna wymiarowo mieszanka bawe\u0142ny jest wygodna w noszeniu.<\/p>\n<p>Materia\u0142: bawe\u0142na 60%, poliester 40%<br \/>\nWskaz\u00f3wki dotycz\u0105ce piel\u0119gnacji: Pra\u0107 w pralce<\/p>\n<p>Kolor: antracytowy w paski, offwhite-uni<br \/>\nWz\u00f3r: paski<br \/>\nRozmiar: XL<\/p>\n<p>Szeroko\u015b\u0107 ramion: 44 cm<br \/>\nSzeroko\u015b\u0107 klatki piersiowej: 114 cm<br \/>\nD\u0142ugo\u015b\u0107 r\u0119kawa: 69 cm<br \/>\nCa\u0142kowita d\u0142ugo\u015b\u0107: 72 cm<\/p>","protected":false},"excerpt":{"rendered":"<table class=\"dv_characteristicsTable\">\n<tbody>\n<tr>\n<td class=\"left\">Rozmiar<\/td>\n<td>XL<\/td>\n<\/tr>\n<tr>\n<td class=\"left\">Gr\u00f6\u00dfentyp<\/td>\n<td>Normalgr\u00f6\u00dfen<\/td>\n<\/tr>\n<tr>\n<td class=\"left\">Sk\u0142ad materia\u0142u<\/td>\n<td>Obermaterial: 60% Baumwolle, 40% Polyester<\/td>\n<\/tr>\n<tr>\n<td class=\"left\">Instrukcje dotycz\u0105ce piel\u0119gnacji<\/td>\n<td>Pranie w pralce<\/td>\n<\/tr>\n<tr>\n<td class=\"left\">Optik<\/td>\n<td>bedruckt, gestreift, unifarben<\/td>\n<\/tr>\n<tr>\n<td class=\"left\">Stil<\/td>\n<td>casual<\/td>\n<\/tr>\n<tr>\n<td class=\"left\">Herstellerfarbbezeichnung<\/td>\n<td>moonless stripes<\/td>\n<\/tr>\n<tr>\n<td class=\"left\">Kolor<\/td>\n<td>anthrazit-gestreift<\/td>\n<\/tr>\n<tr>\n<td class=\"left\">Farbe Packst\u00fcck 2<\/td>\n<td>offwhite-uni<\/td>\n<\/tr>\n<tr>\n<td class=\"left\">Ausschnitt<\/td>\n<td>Rundhals<\/td>\n<\/tr>\n<tr>\n<td class=\"left\">\u00c4rmel<\/td>\n<td>D\u0142ugi r\u0119kaw<\/td>\n<\/tr>\n<tr>\n<td class=\"left\">Dopasowanie<\/td>\n<td>tailliert<\/td>\n<\/tr>\n<tr>\n<td class=\"left\">Schnittform L\u00e4nge<\/td>\n<td>h\u00fcftbedeckend<\/td>\n<\/tr>\n<tr>\n<td class=\"left\">Applikationen<\/td>\n<td>Markenlabel<\/td>\n<\/tr>\n<tr>\n<td class=\"left\">Besondere Merkmale<\/td>\n<td>sportive Langarmshirts mit Bogensaum &amp; Rundhalsausschnitt<\/td>\n<\/tr>\n<\/tbody>\n<\/table>","protected":false},"featured_media":80292,"comment_status":"open","ping_status":"closed","template":"","meta":{"_seopress_robots_primary_cat":"","_seopress_titles_title":"","_seopress_titles_desc":"","_seopress_robots_index":""},"product_brand":[],"product_cat":[1348,1456,1479],"product_tag":[],"class_list":{"0":"post-80184","1":"product","2":"type-product","3":"status-publish","4":"has-post-thumbnail","6":"product_cat-damen-mode","7":"product_cat-pullover-sweater","8":"product_cat-langarmshirts","9":"product_shipping_class-standard-versand","11":"first","12":"instock","13":"sale","14":"taxable","15":"shipping-taxable","16":"purchasable","17":"product-type-simple"},"_links":{"self":[{"href":"https:\/\/www.soanam.de\/pl\/wp-json\/wp\/v2\/product\/80184","targetHints":{"allow":["GET"]}}],"collection":[{"href":"https:\/\/www.soanam.de\/pl\/wp-json\/wp\/v2\/product"}],"about":[{"href":"https:\/\/www.soanam.de\/pl\/wp-json\/wp\/v2\/types\/product"}],"replies":[{"embeddable":true,"href":"https:\/\/www.soanam.de\/pl\/wp-json\/wp\/v2\/comments?post=80184"}],"wp:featuredmedia":[{"embeddable":true,"href":"https:\/\/www.soanam.de\/pl\/wp-json\/wp\/v2\/media\/80292"}],"wp:attachment":[{"href":"https:\/\/www.soanam.de\/pl\/wp-json\/wp\/v2\/media?parent=80184"}],"wp:term":[{"taxonomy":"product_brand","embeddable":true,"href":"https:\/\/www.soanam.de\/pl\/wp-json\/wp\/v2\/product_brand?post=80184"},{"taxonomy":"product_cat","embeddable":true,"href":"https:\/\/www.soanam.de\/pl\/wp-json\/wp\/v2\/product_cat?post=80184"},{"taxonomy":"product_tag","embeddable":true,"href":"https:\/\/www.soanam.de\/pl\/wp-json\/wp\/v2\/product_tag?post=80184"}],"curies":[{"name":"wp","href":"https:\/\/api.w.org\/{rel}","templated":true}]}}