{"id":80160,"date":"2023-12-14T00:00:33","date_gmt":"2023-12-13T23:00:33","guid":{"rendered":"https:\/\/www.soanam.de\/?post_type=product&#038;p=80160"},"modified":"2023-12-14T00:29:57","modified_gmt":"2023-12-13T23:29:57","slug":"nike-sportswear-bluza-z-kapturem-czarna-rozmiar-xxxl","status":"publish","type":"product","link":"https:\/\/www.soanam.de\/pl\/produkt\/nike-sportswear-kapuzensweatshirt-in-schwarz-groesse-xxxl\/","title":{"rendered":"Bluza z kapturem Nike Sportswear, czarna, rozmiar XXXL"},"content":{"rendered":"<p>Bluza z kapturem od Nike Sportswear<br \/>\nZ haftowanym logo<br \/>\nRegularny kr\u00f3j \/ normalny kszta\u0142t<br \/>\nZ kieszeni\u0105 kangurk\u0105<br \/>\nSzorstkie wn\u0119trze<br \/>\nWysoka zawarto\u015b\u0107 bawe\u0142ny<\/p>\n<p>Bluza z kapturem od Nike Sportswear to idealny basic.<br \/>\nTypowe logo Swoosh, haftowane logo i kiesze\u0144 kangurka z przodu sprawiaj\u0105, \u017ce ta bluza z kapturem jest wygodnym towarzyszem.<br \/>\nDzi\u0119ki szczotkowanej wewn\u0119trznej stronie jest wyj\u0105tkowo wygodny w noszeniu.<\/p>\n<p>Materia\u0142: bawe\u0142na 80%, poliester 20%<br \/>\nWskaz\u00f3wki dotycz\u0105ce piel\u0119gnacji: Pra\u0107 w pralce<\/p>\n<p>Kolor: czarny<br \/>\nWz\u00f3r: haftowane logo<br \/>\nRozmiar: 3XL<\/p>\n<p>Szeroko\u015b\u0107 ramion: 58 cm<br \/>\nSzeroko\u015b\u0107 klatki piersiowej: 148 cm<br \/>\nD\u0142ugo\u015b\u0107 r\u0119kawa: 76 cm<br \/>\nCa\u0142kowita d\u0142ugo\u015b\u0107: 77 cm<\/p>","protected":false},"excerpt":{"rendered":"<table class=\"dv_characteristicsTable\">\n<tbody>\n<tr>\n<td class=\"left\">Rozmiar<\/td>\n<td>3X (56\/58)<\/td>\n<\/tr>\n<tr>\n<td class=\"left\">Gr\u00f6\u00dfentyp<\/td>\n<td>Normalgr\u00f6\u00dfen<\/td>\n<\/tr>\n<tr>\n<td class=\"left\">Sk\u0142ad materia\u0142u<\/td>\n<td>Obermaterial: 80% Baumwolle, 20% Polyester<\/td>\n<\/tr>\n<tr>\n<td class=\"left\">Kolor<\/td>\n<td>schwarz<\/td>\n<\/tr>\n<\/tbody>\n<\/table>","protected":false},"featured_media":80272,"comment_status":"open","ping_status":"closed","template":"","meta":{"_seopress_robots_primary_cat":"","_seopress_titles_title":"","_seopress_titles_desc":"","_seopress_robots_index":""},"product_brand":[],"product_cat":[1348,1456,1583],"product_tag":[],"class_list":{"0":"post-80160","1":"product","2":"type-product","3":"status-publish","4":"has-post-thumbnail","6":"product_cat-damen-mode","7":"product_cat-pullover-sweater","8":"product_cat-hoodies","9":"product_shipping_class-standard-versand","11":"first","12":"instock","13":"sale","14":"taxable","15":"shipping-taxable","16":"purchasable","17":"product-type-simple"},"_links":{"self":[{"href":"https:\/\/www.soanam.de\/pl\/wp-json\/wp\/v2\/product\/80160","targetHints":{"allow":["GET"]}}],"collection":[{"href":"https:\/\/www.soanam.de\/pl\/wp-json\/wp\/v2\/product"}],"about":[{"href":"https:\/\/www.soanam.de\/pl\/wp-json\/wp\/v2\/types\/product"}],"replies":[{"embeddable":true,"href":"https:\/\/www.soanam.de\/pl\/wp-json\/wp\/v2\/comments?post=80160"}],"wp:featuredmedia":[{"embeddable":true,"href":"https:\/\/www.soanam.de\/pl\/wp-json\/wp\/v2\/media\/80272"}],"wp:attachment":[{"href":"https:\/\/www.soanam.de\/pl\/wp-json\/wp\/v2\/media?parent=80160"}],"wp:term":[{"taxonomy":"product_brand","embeddable":true,"href":"https:\/\/www.soanam.de\/pl\/wp-json\/wp\/v2\/product_brand?post=80160"},{"taxonomy":"product_cat","embeddable":true,"href":"https:\/\/www.soanam.de\/pl\/wp-json\/wp\/v2\/product_cat?post=80160"},{"taxonomy":"product_tag","embeddable":true,"href":"https:\/\/www.soanam.de\/pl\/wp-json\/wp\/v2\/product_tag?post=80160"}],"curies":[{"name":"wp","href":"https:\/\/api.w.org\/{rel}","templated":true}]}}