{"id":80141,"date":"2023-12-14T00:00:08","date_gmt":"2023-12-13T23:00:08","guid":{"rendered":"https:\/\/www.soanam.de\/?post_type=product&#038;p=80141"},"modified":"2023-12-14T00:29:50","modified_gmt":"2023-12-13T23:29:50","slug":"bluza-z-kapturem-tom-tailor-polo-team-navy-white-rozmiar-l","status":"publish","type":"product","link":"https:\/\/www.soanam.de\/pl\/produkt\/tom-tailor-polo-team-hoodie-in-marine-weiss-groesse-l\/","title":{"rendered":"Bluza polo z kapturem TOM TAILOR, kolor granatowo-bia\u0142y, rozmiar L"},"content":{"rendered":"<p>Bluza z kapturem od Tom Tailor Polo Team<br \/>\nNadruk logo<br \/>\nCi\u0119cie proste<br \/>\nPr\u0105\u017ckowane mankiety<br \/>\nPaski boczne<br \/>\nKiesze\u0144 kangurka<\/p>\n<p>Du\u017cy nadruk logo na lewym ramieniu przyci\u0105ga wzrok i nadaje bluzie z kapturem TOM TAILOR Polo Team modny wygl\u0105d.<br \/>\nInne detale, takie jak elastyczne pr\u0105\u017ckowane mankiety, kiesze\u0144 kangurka, kaptur ze sznurkiem i ma\u0142e logo na piersi, podkre\u015blaj\u0105 nowoczesny wygl\u0105d bluzy o prostym kroju.<br \/>\nMi\u0119kkie w dotyku, stonowane szwy i mi\u0119kko szczotkowane wn\u0119trze zapewniaj\u0105 doskona\u0142y komfort.<\/p>\n<p>Materia\u0142: bawe\u0142na 60%, poliester 40%<br \/>\nWskaz\u00f3wki dotycz\u0105ce piel\u0119gnacji: Pra\u0107 w pralce<\/p>\n<p>Kolor: granatowy, bia\u0142y<br \/>\nWz\u00f3r: napis z logo<br \/>\nRozmiar: L<\/p>\n<p>Szeroko\u015b\u0107 ramion: 52 cm<br \/>\nSzeroko\u015b\u0107 klatki piersiowej: 124 cm<br \/>\nD\u0142ugo\u015b\u0107 r\u0119kawa: 66 cm<br \/>\nCa\u0142kowita d\u0142ugo\u015b\u0107: 73 cm<\/p>","protected":false},"excerpt":{"rendered":"<p>Materia\u0142: bawe\u0142na 60%, poliester 40%<br \/>\nWskaz\u00f3wki dotycz\u0105ce piel\u0119gnacji: Pra\u0107 w pralce<\/p>\n<p>Kolor: granatowy, bia\u0142y<br \/>\nWz\u00f3r: napis z logo<br \/>\nRozmiar: L<\/p>","protected":false},"featured_media":80264,"comment_status":"open","ping_status":"closed","template":"","meta":{"_seopress_robots_primary_cat":"","_seopress_titles_title":"","_seopress_titles_desc":"","_seopress_robots_index":""},"product_brand":[],"product_cat":[1345,1485,1592],"product_tag":[],"class_list":{"0":"post-80141","1":"product","2":"type-product","3":"status-publish","4":"has-post-thumbnail","6":"product_cat-herrenmode","7":"product_cat-pullover-sweater-herrenmode","8":"product_cat-hoodies-pullover-sweater-herrenmode","9":"product_shipping_class-standard-versand","11":"first","12":"instock","13":"taxable","14":"shipping-taxable","15":"purchasable","16":"product-type-simple"},"_links":{"self":[{"href":"https:\/\/www.soanam.de\/pl\/wp-json\/wp\/v2\/product\/80141","targetHints":{"allow":["GET"]}}],"collection":[{"href":"https:\/\/www.soanam.de\/pl\/wp-json\/wp\/v2\/product"}],"about":[{"href":"https:\/\/www.soanam.de\/pl\/wp-json\/wp\/v2\/types\/product"}],"replies":[{"embeddable":true,"href":"https:\/\/www.soanam.de\/pl\/wp-json\/wp\/v2\/comments?post=80141"}],"wp:featuredmedia":[{"embeddable":true,"href":"https:\/\/www.soanam.de\/pl\/wp-json\/wp\/v2\/media\/80264"}],"wp:attachment":[{"href":"https:\/\/www.soanam.de\/pl\/wp-json\/wp\/v2\/media?parent=80141"}],"wp:term":[{"taxonomy":"product_brand","embeddable":true,"href":"https:\/\/www.soanam.de\/pl\/wp-json\/wp\/v2\/product_brand?post=80141"},{"taxonomy":"product_cat","embeddable":true,"href":"https:\/\/www.soanam.de\/pl\/wp-json\/wp\/v2\/product_cat?post=80141"},{"taxonomy":"product_tag","embeddable":true,"href":"https:\/\/www.soanam.de\/pl\/wp-json\/wp\/v2\/product_tag?post=80141"}],"curies":[{"name":"wp","href":"https:\/\/api.w.org\/{rel}","templated":true}]}}