{"id":80122,"date":"2023-12-13T23:59:31","date_gmt":"2023-12-13T22:59:31","guid":{"rendered":"https:\/\/www.soanam.de\/?post_type=product&#038;p=80122"},"modified":"2023-12-14T00:29:39","modified_gmt":"2023-12-13T23:29:39","slug":"tom-tailor-polo-team-langarm-poloshirt-in-marine-groesse-34","status":"publish","type":"product","link":"https:\/\/www.soanam.de\/pl\/produkt\/tom-tailor-polo-team-langarm-poloshirt-in-marine-groesse-34\/","title":{"rendered":"TOM TAILOR Polo Team Langarm-Poloshirt, in Marine, Gr\u00f6\u00dfe 34"},"content":{"rendered":"<p>Langarm-Shirt mit Polo-Kragen von TOM TAILOR POLO TEAM<br \/>\nFigurbetonte Form, leicht tailliert<br \/>\nMit Frontdruck und bestickt<br \/>\nGepr\u00e4gte Kn\u00f6pfe<br \/>\nAus Baumwoll-Micro-Piqu\u00e9 mit Elasthananteil<\/p>\n<p>Besonders typisch f\u00fcr ein TOM TAILOR POLO TEAM ist nat\u00fcrlich der Polokragen, welcher sich aus einem Umlegekragen und einer kurzen Knopfleiste zusammensetzt.<br \/>\nDazu kommt immer ein komfortables Piqu\u00e9material aus zuverl\u00e4ssig angenehmer Baumwolle.<br \/>\nDer modische Pluspunkt ist der sportliche Frontdruck und die ebenfalls in Front gehaltene Stickerei.<\/p>\n<p>Materia\u0142: bawe\u0142na 95%, elastan 5%<br \/>\nWskaz\u00f3wki dotycz\u0105ce piel\u0119gnacji: Pra\u0107 w pralce<\/p>\n<p>Kolor: granatowy<br \/>\nMuster: Frontprint und Stickerei<br \/>\nRozmiar: 34<\/p>\n<p>Szeroko\u015b\u0107 ramion: 35 cm<br \/>\nSzeroko\u015b\u0107 klatki piersiowej: 88 cm<br \/>\nD\u0142ugo\u015b\u0107 r\u0119kawa: 60 cm<br \/>\nCa\u0142kowita d\u0142ugo\u015b\u0107: 62 cm<\/p>","protected":false},"excerpt":{"rendered":"<table class=\"dv_characteristicsTable\">\n<tbody>\n<tr>\n<td class=\"left\">Rozmiar<\/td>\n<td>34<\/td>\n<\/tr>\n<tr>\n<td class=\"left\">Gr\u00f6\u00dfentyp<\/td>\n<td>Normalgr\u00f6\u00dfen<\/td>\n<\/tr>\n<tr>\n<td class=\"left\">Sk\u0142ad materia\u0142u<\/td>\n<td>Obermaterial: 95% Baumwolle, 5% Elasthan<\/td>\n<\/tr>\n<tr>\n<td class=\"left\">Materialart<\/td>\n<td>Piqu\u00e9<\/td>\n<\/tr>\n<tr>\n<td class=\"left\">Materialeigenschaften<\/td>\n<td>elastisch<\/td>\n<\/tr>\n<tr>\n<td class=\"left\">Instrukcje dotycz\u0105ce piel\u0119gnacji<\/td>\n<td>Pranie w pralce<\/td>\n<\/tr>\n<tr>\n<td class=\"left\">Optik<\/td>\n<td>bestickt, bedruckt, kontrastfarbene Details<\/td>\n<\/tr>\n<tr>\n<td class=\"left\">Stil<\/td>\n<td>casual<\/td>\n<\/tr>\n<tr>\n<td class=\"left\">Kolor<\/td>\n<td>marine, bedruckt<\/td>\n<\/tr>\n<tr>\n<td class=\"left\">Kragen<\/td>\n<td>Polokragen<\/td>\n<\/tr>\n<tr>\n<td class=\"left\">\u00c4rmel<\/td>\n<td>D\u0142ugi r\u0119kaw<\/td>\n<\/tr>\n<tr>\n<td class=\"left\">\u00c4rmelabschluss<\/td>\n<td>Pr\u0105\u017ckowane mankiety<\/td>\n<\/tr>\n<tr>\n<td class=\"left\">Dopasowanie<\/td>\n<td>figurbetont<\/td>\n<\/tr>\n<tr>\n<td class=\"left\">Schnittform L\u00e4nge<\/td>\n<td>h\u00fcftlang<\/td>\n<\/tr>\n<tr>\n<td class=\"left\">Applikationen<\/td>\n<td>Druck, Logopr\u00e4gung, Markenlabel, Stickerei<\/td>\n<\/tr>\n<tr>\n<td class=\"left\">Verschluss<\/td>\n<td>Zapi\u0119cie na guziki<\/td>\n<\/tr>\n<tr>\n<td class=\"left\">Besondere Merkmale<\/td>\n<td>mit aufwendigen Details<\/td>\n<\/tr>\n<\/tbody>\n<\/table>","protected":false},"featured_media":80254,"comment_status":"open","ping_status":"closed","template":"","meta":{"_seopress_robots_primary_cat":"","_seopress_titles_title":"","_seopress_titles_desc":"","_seopress_robots_index":""},"product_brand":[],"product_cat":[1348,1456,1479],"product_tag":[],"class_list":{"0":"post-80122","1":"product","2":"type-product","3":"status-publish","4":"has-post-thumbnail","6":"product_cat-damen-mode","7":"product_cat-pullover-sweater","8":"product_cat-langarmshirts","9":"product_shipping_class-standard-versand","11":"first","12":"instock","13":"taxable","14":"shipping-taxable","15":"purchasable","16":"product-type-simple"},"_links":{"self":[{"href":"https:\/\/www.soanam.de\/pl\/wp-json\/wp\/v2\/product\/80122","targetHints":{"allow":["GET"]}}],"collection":[{"href":"https:\/\/www.soanam.de\/pl\/wp-json\/wp\/v2\/product"}],"about":[{"href":"https:\/\/www.soanam.de\/pl\/wp-json\/wp\/v2\/types\/product"}],"replies":[{"embeddable":true,"href":"https:\/\/www.soanam.de\/pl\/wp-json\/wp\/v2\/comments?post=80122"}],"wp:featuredmedia":[{"embeddable":true,"href":"https:\/\/www.soanam.de\/pl\/wp-json\/wp\/v2\/media\/80254"}],"wp:attachment":[{"href":"https:\/\/www.soanam.de\/pl\/wp-json\/wp\/v2\/media?parent=80122"}],"wp:term":[{"taxonomy":"product_brand","embeddable":true,"href":"https:\/\/www.soanam.de\/pl\/wp-json\/wp\/v2\/product_brand?post=80122"},{"taxonomy":"product_cat","embeddable":true,"href":"https:\/\/www.soanam.de\/pl\/wp-json\/wp\/v2\/product_cat?post=80122"},{"taxonomy":"product_tag","embeddable":true,"href":"https:\/\/www.soanam.de\/pl\/wp-json\/wp\/v2\/product_tag?post=80122"}],"curies":[{"name":"wp","href":"https:\/\/api.w.org\/{rel}","templated":true}]}}