{"id":80077,"date":"2023-12-13T23:57:49","date_gmt":"2023-12-13T22:57:49","guid":{"rendered":"https:\/\/www.soanam.de\/?post_type=product&#038;p=80077"},"modified":"2023-12-14T00:02:19","modified_gmt":"2023-12-13T23:02:19","slug":"die-strumpfmacher-ouvert-strumpfhose-mit-overknee-effekt-20-den-in-schwarz-groesse-40-42","status":"publish","type":"product","link":"https:\/\/www.soanam.de\/pl\/produkt\/die-strumpfmacher-ouvert-strumpfhose-mit-overknee-effekt-20-den-in-schwarz-groesse-40-42\/","title":{"rendered":"Die Strumpfmacher Ouvert Strumpfhose mit Overknee-Effekt, 20 DEN, in Schwarz, Gr\u00f6\u00dfe 40\/42"},"content":{"rendered":"<p>Rajstopy Ouvert z efektem overknee<br \/>\nZ imitacj\u0105 paska do po\u0144czoch<br \/>\nWzmocniona pi\u0119ta z ogranicznikiem \u015bciegu<br \/>\n20DEN<\/p>\n<p>Przyci\u0105gaj\u0105 wzrok: imitacja paska do po\u0144czoch, kt\u00f3ry tworzy seksowne wyci\u0119cie i wyrafinowany efekt nad kolanami.<br \/>\nAby zapewni\u0107 dobr\u0105 trwa\u0142o\u015b\u0107, rajstopy maj\u0105 niewidoczne wzmocnione pi\u0119ty ze szwem zapobiegaj\u0105cym powstawaniu du\u017cych zaciek\u00f3w.<\/p>\n<p>Materia\u0142: 85% poliamid, 15% elastan<br \/>\nWskaz\u00f3wki dotycz\u0105ce piel\u0119gnacji: Pranie w pralce (zalecane pranie w worku do prania)<\/p>\n<p>Kolor: czarny<br \/>\nWz\u00f3r: bez<br \/>\nRozmiar: 40\/42<\/p>","protected":false},"excerpt":{"rendered":"<table class=\"dv_characteristicsTable\">\n<caption>MASSANGABE<\/caption>\n<tbody>\n<tr>\n<td class=\"left\">Rozmiar<\/td>\n<td>40\/42<\/td>\n<\/tr>\n<tr>\n<td class=\"left\">Gr\u00f6\u00dfentyp<\/td>\n<td>Normalgr\u00f6\u00dfen<\/td>\n<\/tr>\n<\/tbody>\n<\/table>\n<table class=\"dv_characteristicsTable\">\n<caption>FARBE<\/caption>\n<tbody>\n<tr>\n<td class=\"left\">Kolor<\/td>\n<td>schwarz<\/td>\n<\/tr>\n<\/tbody>\n<\/table>\n<table class=\"dv_characteristicsTable\">\n<caption>PRODUKTDETAILS<\/caption>\n<tbody>\n<tr>\n<td class=\"left\">Art B\u00fcndchen<\/td>\n<td>druckfrei<\/td>\n<\/tr>\n<tr>\n<td class=\"left\">Griff<\/td>\n<td>feiner Griff<\/td>\n<\/tr>\n<tr>\n<td class=\"left\">Instrukcje dotycz\u0105ce piel\u0119gnacji<\/td>\n<td>Pranie w pralce<\/td>\n<\/tr>\n<\/tbody>\n<\/table>\n<table class=\"dv_characteristicsTable\">\n<caption>MATERIAL<\/caption>\n<tbody>\n<tr>\n<td class=\"left\">Sk\u0142ad materia\u0142u<\/td>\n<td>Obermaterial: 85% Polyamid, 15% Elasthan<\/td>\n<\/tr>\n<tr>\n<td class=\"left\">Materialst\u00e4rke (DEN)<\/td>\n<td>20 DEN<\/td>\n<\/tr>\n<tr>\n<td class=\"left\">Materialeigenschaften<\/td>\n<td>elastisch<\/td>\n<\/tr>\n<\/tbody>\n<\/table>\n<table class=\"dv_characteristicsTable\">\n<caption>OPTIK\/STIL<\/caption>\n<tbody>\n<tr>\n<td class=\"left\">Optik<\/td>\n<td>uni<br \/>\nleicht gl\u00e4nzend<\/td>\n<\/tr>\n<\/tbody>\n<\/table>","protected":false},"featured_media":80227,"comment_status":"open","ping_status":"closed","template":"","meta":{"_seopress_robots_primary_cat":"","_seopress_titles_title":"","_seopress_titles_desc":"","_seopress_robots_index":""},"product_brand":[],"product_cat":[1348,1444,1445],"product_tag":[],"class_list":{"0":"post-80077","1":"product","2":"type-product","3":"status-publish","4":"has-post-thumbnail","6":"product_cat-damen-mode","7":"product_cat-unterwaesche","8":"product_cat-strumpfhosen","9":"product_shipping_class-standard-versand","11":"first","12":"instock","13":"sale","14":"taxable","15":"shipping-taxable","16":"purchasable","17":"product-type-simple"},"_links":{"self":[{"href":"https:\/\/www.soanam.de\/pl\/wp-json\/wp\/v2\/product\/80077","targetHints":{"allow":["GET"]}}],"collection":[{"href":"https:\/\/www.soanam.de\/pl\/wp-json\/wp\/v2\/product"}],"about":[{"href":"https:\/\/www.soanam.de\/pl\/wp-json\/wp\/v2\/types\/product"}],"replies":[{"embeddable":true,"href":"https:\/\/www.soanam.de\/pl\/wp-json\/wp\/v2\/comments?post=80077"}],"wp:featuredmedia":[{"embeddable":true,"href":"https:\/\/www.soanam.de\/pl\/wp-json\/wp\/v2\/media\/80227"}],"wp:attachment":[{"href":"https:\/\/www.soanam.de\/pl\/wp-json\/wp\/v2\/media?parent=80077"}],"wp:term":[{"taxonomy":"product_brand","embeddable":true,"href":"https:\/\/www.soanam.de\/pl\/wp-json\/wp\/v2\/product_brand?post=80077"},{"taxonomy":"product_cat","embeddable":true,"href":"https:\/\/www.soanam.de\/pl\/wp-json\/wp\/v2\/product_cat?post=80077"},{"taxonomy":"product_tag","embeddable":true,"href":"https:\/\/www.soanam.de\/pl\/wp-json\/wp\/v2\/product_tag?post=80077"}],"curies":[{"name":"wp","href":"https:\/\/api.w.org\/{rel}","templated":true}]}}