{"id":80063,"date":"2023-12-13T23:57:06","date_gmt":"2023-12-13T22:57:06","guid":{"rendered":"https:\/\/www.soanam.de\/?post_type=product&#038;p=80063"},"modified":"2023-12-14T00:02:07","modified_gmt":"2023-12-13T23:02:07","slug":"petite-fleur-zlote-rajstopy-w-zwierzecy-print-20-den-w-kolorze-czarnym-rozmiar-36-38","status":"publish","type":"product","link":"https:\/\/www.soanam.de\/pl\/produkt\/petite-fleur-gold-feinstrumpfhose-im-animal-print-20-den-in-schwarz-groesse-36-38\/","title":{"rendered":"z\u0142ote rajstopy petite fleur w zwierz\u0119cy print, 20 DEN, w kolorze czarnym, rozmiar 36\/38"},"content":{"rendered":"<p>Rajstopy od petite fleur<br \/>\nW zwierz\u0119cy print<br \/>\nWzmocniona cz\u0119\u015b\u0107 majtkowa<br \/>\nZ bawe\u0142nianym klinem<br \/>\n20DEN<\/p>\n<p>Misterny, kobiecy wz\u00f3r w formie abstrakcyjnej siateczki z artystycznym akcentem nadaje rajstopom ekscytuj\u0105cy, graficzny efekt.<\/p>\n<p>Matowy, przejrzysty wygl\u0105d teksturowanego wzoru zapewnia zmys\u0142owy wgl\u0105d i bezb\u0142\u0119dnie eksponuje nogi.<\/p>\n<p>Elastyczny pas i mocne szwy na wzmocnionej cz\u0119\u015bci majtkowej po\u0144czoch zapewniaj\u0105 antypo\u015blizgowy i bezpieczny komfort.<\/p>\n<p>Materia\u0142: poliamid 93%, elastan 7%<br \/>\nWskaz\u00f3wki dotycz\u0105ce piel\u0119gnacji: Pranie w pralce (zalecane pranie w worku do prania)<\/p>\n<p>Kolor: czarny<br \/>\nWz\u00f3r: zwierz\u0119cy nadruk<br \/>\nRozmiar: 36\/38<\/p>","protected":false},"excerpt":{"rendered":"<table class=\"dv_characteristicsTable\">\n<tbody>\n<tr>\n<td class=\"left\">Rozmiar<\/td>\n<td>36\/38<\/td>\n<\/tr>\n<tr>\n<td class=\"left\">Gr\u00f6\u00dfentyp<\/td>\n<td>Normalgr\u00f6\u00dfen<\/td>\n<\/tr>\n<\/tbody>\n<\/table>\n<table class=\"dv_characteristicsTable\">\n<caption>FARBE<\/caption>\n<tbody>\n<tr>\n<td class=\"left\">Kolor<\/td>\n<td>schwarz<\/td>\n<\/tr>\n<\/tbody>\n<\/table>\n<table class=\"dv_characteristicsTable\">\n<caption>PRODUKTDETAILS<\/caption>\n<tbody>\n<tr>\n<td class=\"left\">Dopasowanie<\/td>\n<td>elastisch<\/td>\n<\/tr>\n<tr>\n<td class=\"left\">Art B\u00fcndchen<\/td>\n<td>druckfrei<br \/>\nweicher Abschluss<\/td>\n<\/tr>\n<tr>\n<td class=\"left\">Instrukcje dotycz\u0105ce piel\u0119gnacji<\/td>\n<td>Pranie w pralce<br \/>\nWaschen im Waschbeutel empfohlen<\/td>\n<\/tr>\n<\/tbody>\n<\/table>\n<table class=\"dv_characteristicsTable\">\n<caption>MATERIAL<\/caption>\n<tbody>\n<tr>\n<td class=\"left\">Sk\u0142ad materia\u0142u<\/td>\n<td>Obermaterial: 93% Polyamid, 7% Elasthan<\/td>\n<\/tr>\n<tr>\n<td class=\"left\">Materialst\u00e4rke (DEN)<\/td>\n<td>20 DEN<\/td>\n<\/tr>\n<tr>\n<td class=\"left\">Details Material<\/td>\n<td>weich<\/td>\n<\/tr>\n<tr>\n<td class=\"left\">Materialeigenschaften<\/td>\n<td>elastisch<\/td>\n<\/tr>\n<\/tbody>\n<\/table>\n<table class=\"dv_characteristicsTable\">\n<caption>OPTIK\/STIL<\/caption>\n<tbody>\n<tr>\n<td class=\"left\">Optik<\/td>\n<td>Animal-Print<\/td>\n<\/tr>\n<\/tbody>\n<\/table>","protected":false},"featured_media":80217,"comment_status":"open","ping_status":"closed","template":"","meta":{"_seopress_robots_primary_cat":"","_seopress_titles_title":"","_seopress_titles_desc":"","_seopress_robots_index":""},"product_brand":[],"product_cat":[1348,1444,1445],"product_tag":[],"class_list":{"0":"post-80063","1":"product","2":"type-product","3":"status-publish","4":"has-post-thumbnail","6":"product_cat-damen-mode","7":"product_cat-unterwaesche","8":"product_cat-strumpfhosen","9":"product_shipping_class-standard-versand","11":"first","12":"instock","13":"sale","14":"taxable","15":"shipping-taxable","16":"purchasable","17":"product-type-simple"},"_links":{"self":[{"href":"https:\/\/www.soanam.de\/pl\/wp-json\/wp\/v2\/product\/80063","targetHints":{"allow":["GET"]}}],"collection":[{"href":"https:\/\/www.soanam.de\/pl\/wp-json\/wp\/v2\/product"}],"about":[{"href":"https:\/\/www.soanam.de\/pl\/wp-json\/wp\/v2\/types\/product"}],"replies":[{"embeddable":true,"href":"https:\/\/www.soanam.de\/pl\/wp-json\/wp\/v2\/comments?post=80063"}],"wp:featuredmedia":[{"embeddable":true,"href":"https:\/\/www.soanam.de\/pl\/wp-json\/wp\/v2\/media\/80217"}],"wp:attachment":[{"href":"https:\/\/www.soanam.de\/pl\/wp-json\/wp\/v2\/media?parent=80063"}],"wp:term":[{"taxonomy":"product_brand","embeddable":true,"href":"https:\/\/www.soanam.de\/pl\/wp-json\/wp\/v2\/product_brand?post=80063"},{"taxonomy":"product_cat","embeddable":true,"href":"https:\/\/www.soanam.de\/pl\/wp-json\/wp\/v2\/product_cat?post=80063"},{"taxonomy":"product_tag","embeddable":true,"href":"https:\/\/www.soanam.de\/pl\/wp-json\/wp\/v2\/product_tag?post=80063"}],"curies":[{"name":"wp","href":"https:\/\/api.w.org\/{rel}","templated":true}]}}