{"id":80040,"date":"2023-12-13T23:56:23","date_gmt":"2023-12-13T22:56:23","guid":{"rendered":"https:\/\/www.soanam.de\/?post_type=product&#038;p=80040"},"modified":"2023-12-14T00:01:52","modified_gmt":"2023-12-13T23:01:52","slug":"kangaroos-3-4-leggings-im-2-er-pack-in-schwarz-marine-groesse-42","status":"publish","type":"product","link":"https:\/\/www.soanam.de\/pl\/produkt\/kangaroos-3-4-leggings-im-2-er-pack-in-schwarz-marine-groesse-42\/","title":{"rendered":"KangaROOS 3\/4-Leggings im 2-er Pack, in Schwarz, Marine, Gr\u00f6\u00dfe 42"},"content":{"rendered":"<p>Leggings von KangaROOS<br \/>\nIn 3\/4 L\u00e4nge<br \/>\nMit Spitzenkante am Beinabschluss<br \/>\nLogoprint rechts und Markenschriftzug auf dem linken Bein<br \/>\nAus elastischer Baumwollmischung<\/p>\n<p>In angesagter 3\/4-L\u00e4nge mit einer filigranen Spitzenkante am Beinabschluss pr\u00e4sentieren sich diese bequemen Leggings von KangaROOS und das sogar noch im Doppelpack.<br \/>\nDer Logoprint auf H\u00fcfth\u00f6he sowie der Markenschriftzug am Bein der Spitzenleggings sind in metallisierender Optik.<br \/>\nEin komfortabler Gummibund erg\u00e4nzt die elastische Baumwollqualit\u00e4t der Caprileggings.<\/p>\n<p>Materia\u0142: bawe\u0142na 95%, elastan 5%<br \/>\nWskaz\u00f3wki dotycz\u0105ce piel\u0119gnacji: Pra\u0107 w pralce<\/p>\n<p>Farbe: schwarz, marine<br \/>\nWz\u00f3r: bez<br \/>\nRozmiar: 42<\/p>\n<p>Bundweite: 72m<br \/>\nObw\u00f3d bioder: 96 cm<br \/>\nSchrittl\u00e4nge: 57cm<br \/>\nCa\u0142kowita d\u0142ugo\u015b\u0107: 82 cm<\/p>","protected":false},"excerpt":{"rendered":"<table class=\"dv_characteristicsTable\">\n<tbody>\n<tr>\n<td class=\"left\">Rozmiar<\/td>\n<td>42<\/td>\n<\/tr>\n<tr>\n<td class=\"left\">Gr\u00f6\u00dfentyp<\/td>\n<td>Normalgr\u00f6\u00dfen<\/td>\n<\/tr>\n<tr>\n<td class=\"left\">Sk\u0142ad materia\u0142u<\/td>\n<td>Obermaterial: 95% Baumwolle, 5% Elasthan<\/td>\n<\/tr>\n<tr>\n<td class=\"left\">Materialart<\/td>\n<td>Jersey<\/td>\n<\/tr>\n<tr>\n<td class=\"left\">Materialeigenschaften<\/td>\n<td>Stretch<\/td>\n<\/tr>\n<tr>\n<td class=\"left\">Instrukcje dotycz\u0105ce piel\u0119gnacji<\/td>\n<td>Pranie w pralce<\/td>\n<\/tr>\n<tr>\n<td class=\"left\">Optik<\/td>\n<td>unifarben<\/td>\n<\/tr>\n<tr>\n<td class=\"left\">Stil<\/td>\n<td>feminin<\/td>\n<\/tr>\n<tr>\n<td class=\"left\">Kolor<\/td>\n<td>marine, schwarz<\/td>\n<\/tr>\n<tr>\n<td class=\"left\">Leibh\u00f6he<\/td>\n<td>normal<\/td>\n<\/tr>\n<tr>\n<td class=\"left\">Bundabschlussdetails<\/td>\n<td>mit Gummizug<\/td>\n<\/tr>\n<tr>\n<td class=\"left\">Beinabschluss<\/td>\n<td>R\u00fcschen<\/td>\n<\/tr>\n<tr>\n<td class=\"left\">Dopasowanie<\/td>\n<td>sehr figurbetont<\/td>\n<\/tr>\n<tr>\n<td class=\"left\">Schnittform L\u00e4nge<\/td>\n<td>7\/8-L\u00e4nge<\/td>\n<\/tr>\n<tr>\n<td class=\"left\"><\/td>\n<td><\/td>\n<\/tr>\n<\/tbody>\n<\/table>","protected":false},"featured_media":80205,"comment_status":"open","ping_status":"closed","template":"","meta":{"_seopress_robots_primary_cat":"","_seopress_titles_title":"","_seopress_titles_desc":"","_seopress_robots_index":""},"product_brand":[],"product_cat":[1348,1349,1433,1453],"product_tag":[],"class_list":{"0":"post-80040","1":"product","2":"type-product","3":"status-publish","4":"has-post-thumbnail","6":"product_cat-damen-mode","7":"product_cat-hosen-damen-mode","8":"product_cat-7-8-hosen","9":"product_cat-leggings","10":"product_shipping_class-standard-versand","12":"first","13":"instock","14":"taxable","15":"shipping-taxable","16":"purchasable","17":"product-type-simple"},"_links":{"self":[{"href":"https:\/\/www.soanam.de\/pl\/wp-json\/wp\/v2\/product\/80040","targetHints":{"allow":["GET"]}}],"collection":[{"href":"https:\/\/www.soanam.de\/pl\/wp-json\/wp\/v2\/product"}],"about":[{"href":"https:\/\/www.soanam.de\/pl\/wp-json\/wp\/v2\/types\/product"}],"replies":[{"embeddable":true,"href":"https:\/\/www.soanam.de\/pl\/wp-json\/wp\/v2\/comments?post=80040"}],"wp:featuredmedia":[{"embeddable":true,"href":"https:\/\/www.soanam.de\/pl\/wp-json\/wp\/v2\/media\/80205"}],"wp:attachment":[{"href":"https:\/\/www.soanam.de\/pl\/wp-json\/wp\/v2\/media?parent=80040"}],"wp:term":[{"taxonomy":"product_brand","embeddable":true,"href":"https:\/\/www.soanam.de\/pl\/wp-json\/wp\/v2\/product_brand?post=80040"},{"taxonomy":"product_cat","embeddable":true,"href":"https:\/\/www.soanam.de\/pl\/wp-json\/wp\/v2\/product_cat?post=80040"},{"taxonomy":"product_tag","embeddable":true,"href":"https:\/\/www.soanam.de\/pl\/wp-json\/wp\/v2\/product_tag?post=80040"}],"curies":[{"name":"wp","href":"https:\/\/api.w.org\/{rel}","templated":true}]}}