{"id":80016,"date":"2023-12-13T23:55:57","date_gmt":"2023-12-13T22:55:57","guid":{"rendered":"https:\/\/www.soanam.de\/?post_type=product&#038;p=80016"},"modified":"2023-12-14T00:01:16","modified_gmt":"2023-12-13T23:01:16","slug":"paperang-p2-drukarka-kieszonkowa-bluetooth-drukarka-bezprzewodowa-kompatybilna-z-android-ios-windows-mac","status":"publish","type":"product","link":"https:\/\/www.soanam.de\/pl\/produkt\/paperang-p2-taschendrucker-bluetooth-kabelloser-drucker-kompatibel-mit-android-ios-windows-mac\/","title":{"rendered":"Drukarka kieszonkowa PAPERANG P2, Bluetooth, drukarka bezprzewodowa kompatybilna z Android iOS Windows Mac"},"content":{"rendered":"<h3>Opis<\/h3>\n<p>PAPERANG P2 Pocket Printer Bezprzewodowa drukarka Bluetooth Przeno\u015bna drukarka termiczna 300 dpi do zdj\u0119\u0107, paragon\u00f3w, notatek, naklejek, kompatybilna z Android iOS Windows Mac<\/p>\n<p><strong>Informacje o tym artykule<\/strong><\/p>\n<p>Drukarka kieszonkowa: ma\u0142a i lekka, \u0142atwa do przenoszenia. Szeroko\u015b\u0107 papieru 57 mm, rozdzielczo\u015b\u0107 300 dpi, p\u0142ynne i wyra\u017ane drukowanie, spe\u0142nia r\u00f3\u017cne wymagania dotycz\u0105ce drukowania.<br \/>\nDrukowanie bez atramentu: zaawansowana technologia druku termicznego, brak wk\u0142adu z atramentem, wygoda i oszcz\u0119dno\u015b\u0107 koszt\u00f3w. Importowana g\u0142owica drukuj\u0105ca, dobry efekt drukowania i d\u0142uga \u017cywotno\u015b\u0107.<br \/>\nD\u0142uga \u017cywotno\u015b\u0107: Wbudowana bateria litowa 1000 mAh, 6 rolek papieru mo\u017ce by\u0107 drukowanych w spos\u00f3b ci\u0105g\u0142y po pe\u0142nym na\u0142adowaniu. Uniwersalny port \u0142adowania USB, \u0142atwy w u\u017cyciu.<br \/>\nWszystko, co lubisz:R\u0119czna drukarka bezprzewodowa, obs\u0142uga drukowania zdj\u0119\u0107, obraz\u00f3w, paragon\u00f3w, notatek, etykiet, naklejek itp. Rozpoznawanie tekstu OCR, szybka konwersja obrazu na edytowalny tekst.<\/p>\n<p><strong>Uwaga:<\/strong><br \/>\nKolor produktu mo\u017ce si\u0119 nieznacznie r\u00f3\u017cni\u0107 ze wzgl\u0119du na r\u00f3\u017cne o\u015bwietlenie i monitory.<br \/>\nUrz\u0105dzenie Paperang mo\u017cna pod\u0142\u0105czy\u0107 do telefonu tylko raz.<br \/>\nJe\u015bli na zadrukowanym papierze widoczna jest czerwona lub niebieska linia, oznacza to, \u017ce papier termiczny jest niewystarczaj\u0105cy.<\/p>\n<p><strong>Lista pakiet\u00f3w:<\/strong><\/p>\n<p>1 * Drukarka termiczna<br \/>\n1 * Papier termiczny<br \/>\n1 * Kabel USB<br \/>\n1 * Skr\u00f3cona instrukcja obs\u0142ugi<\/p>\n<p>&nbsp;<\/p>","protected":false},"excerpt":{"rendered":"<p>Artikelmerkmale<\/p>\n<p>Stan produktu: Nowy z etykiet\u0105: Nowy, nieu\u017cywany i nienoszony produkt w oryginalnym opakowaniu.<\/p>\n<table style=\"height: 775px;\" border=\"0\" width=\"460\" frame=\"VOID\" rules=\"NONE\" cellspacing=\"0\">\n<colgroup>\n<col width=\"170\" \/>\n<col width=\"190\" \/><\/colgroup>\n<tbody>\n<tr>\n<td align=\"LEFT\" width=\"170\" height=\"17\">App:<\/td>\n<td align=\"LEFT\" width=\"190\">Paperang (unter Android\/iOS)<\/td>\n<\/tr>\n<tr>\n<td align=\"LEFT\" height=\"17\">Aufl\u00f6sung:<\/td>\n<td align=\"LEFT\">300 dpi<\/td>\n<\/tr>\n<tr>\n<td align=\"LEFT\" height=\"17\">Batterie:<\/td>\n<td align=\"LEFT\">1000 mAh Lithiumbatterie<\/td>\n<\/tr>\n<tr>\n<td align=\"LEFT\" height=\"17\">Betriebssystem:<\/td>\n<td align=\"LEFT\">IOS, Android<\/td>\n<\/tr>\n<tr>\n<td align=\"LEFT\" height=\"17\">Controller-Typ:<\/td>\n<td align=\"LEFT\">Android<\/td>\n<\/tr>\n<tr>\n<td align=\"LEFT\" height=\"17\">Dimensions:<\/td>\n<td align=\"LEFT\">5.51 x 5.51 x 2.76 in<\/td>\n<\/tr>\n<tr>\n<td align=\"LEFT\" height=\"17\">Druckfarbe:<\/td>\n<td align=\"LEFT\">Schwarz und Wei\u00df<\/td>\n<\/tr>\n<tr>\n<td align=\"LEFT\" height=\"17\">Druckmedien:<\/td>\n<td align=\"LEFT\">Labels<\/td>\n<\/tr>\n<tr>\n<td align=\"LEFT\" height=\"17\">Drucktechnologie:<\/td>\n<td align=\"LEFT\">Thermal<\/td>\n<\/tr>\n<tr>\n<td align=\"LEFT\" height=\"17\">Druckverfahren:<\/td>\n<td align=\"LEFT\">Thermodruck<\/td>\n<\/tr>\n<tr>\n<td align=\"LEFT\" height=\"17\">Kolor:<\/td>\n<td align=\"LEFT\">Bia\u0142y<\/td>\n<\/tr>\n<tr>\n<td align=\"LEFT\" height=\"17\">Hardwareschnittstelle:<\/td>\n<td align=\"LEFT\">USB<\/td>\n<\/tr>\n<tr>\n<td align=\"LEFT\" height=\"17\">Kompatible Ger\u00e4te:<\/td>\n<td align=\"LEFT\">Smartphones<\/td>\n<\/tr>\n<tr>\n<td align=\"LEFT\" height=\"17\">Konnektivit\u00e4tstechnologie:<\/td>\n<td align=\"LEFT\">Bluetooth<\/td>\n<\/tr>\n<tr>\n<td align=\"LEFT\" height=\"17\">Marke:<\/td>\n<td align=\"LEFT\">Paperang<\/td>\n<\/tr>\n<tr>\n<td align=\"LEFT\" height=\"17\">Papiergr\u00f6\u00dfe:<\/td>\n<td align=\"LEFT\">57 x 30 mm<\/td>\n<\/tr>\n<tr>\n<td align=\"LEFT\" height=\"17\">Produktgewicht:<\/td>\n<td align=\"LEFT\">160 g<\/td>\n<\/tr>\n<tr>\n<td align=\"LEFT\" height=\"17\">Produktgr\u00f6\u00dfe:<\/td>\n<td align=\"LEFT\">83 x 85 x 45 mm<\/td>\n<\/tr>\n<tr>\n<td align=\"LEFT\" height=\"17\">Produktmodell:<\/td>\n<td align=\"LEFT\">P2<\/td>\n<\/tr>\n<tr>\n<td align=\"LEFT\" height=\"17\">Produktname:<\/td>\n<td align=\"LEFT\">Paperang (tragbarer Drucker)<\/td>\n<\/tr>\n<tr>\n<td align=\"LEFT\" height=\"17\">Erschneinungs Datum<\/td>\n<td align=\"LEFT\">01.09.21<\/td>\n<\/tr>\n<tr>\n<td align=\"LEFT\" height=\"17\">Scannertyp:<\/td>\n<td align=\"LEFT\">Foto<\/td>\n<\/tr>\n<tr>\n<td align=\"LEFT\" height=\"17\">Schnittstelle:<\/td>\n<td align=\"LEFT\">5V-MicroUSB<\/td>\n<\/tr>\n<tr>\n<td align=\"LEFT\" height=\"17\">UPC:<\/td>\n<td align=\"LEFT\">6972468850234<\/td>\n<\/tr>\n<tr>\n<td align=\"LEFT\" height=\"17\">Verbindung:<\/td>\n<td align=\"LEFT\">BT4.0<\/td>\n<\/tr>\n<tr>\n<td align=\"LEFT\" height=\"17\">Weight:<\/td>\n<td align=\"LEFT\">1.10 lbs<\/td>\n<\/tr>\n<\/tbody>\n<\/table>\n<p>&nbsp;<\/p>","protected":false},"featured_media":80171,"comment_status":"open","ping_status":"closed","template":"","meta":{"_seopress_robots_primary_cat":"","_seopress_titles_title":"","_seopress_titles_desc":"","_seopress_robots_index":""},"product_brand":[],"product_cat":[1421],"product_tag":[],"class_list":{"0":"post-80016","1":"product","2":"type-product","3":"status-publish","4":"has-post-thumbnail","6":"product_cat-buerobedarf","7":"product_shipping_class-standard-versand","9":"first","10":"instock","11":"sale","12":"taxable","13":"shipping-taxable","14":"purchasable","15":"product-type-simple"},"_links":{"self":[{"href":"https:\/\/www.soanam.de\/pl\/wp-json\/wp\/v2\/product\/80016","targetHints":{"allow":["GET"]}}],"collection":[{"href":"https:\/\/www.soanam.de\/pl\/wp-json\/wp\/v2\/product"}],"about":[{"href":"https:\/\/www.soanam.de\/pl\/wp-json\/wp\/v2\/types\/product"}],"replies":[{"embeddable":true,"href":"https:\/\/www.soanam.de\/pl\/wp-json\/wp\/v2\/comments?post=80016"}],"wp:featuredmedia":[{"embeddable":true,"href":"https:\/\/www.soanam.de\/pl\/wp-json\/wp\/v2\/media\/80171"}],"wp:attachment":[{"href":"https:\/\/www.soanam.de\/pl\/wp-json\/wp\/v2\/media?parent=80016"}],"wp:term":[{"taxonomy":"product_brand","embeddable":true,"href":"https:\/\/www.soanam.de\/pl\/wp-json\/wp\/v2\/product_brand?post=80016"},{"taxonomy":"product_cat","embeddable":true,"href":"https:\/\/www.soanam.de\/pl\/wp-json\/wp\/v2\/product_cat?post=80016"},{"taxonomy":"product_tag","embeddable":true,"href":"https:\/\/www.soanam.de\/pl\/wp-json\/wp\/v2\/product_tag?post=80016"}],"curies":[{"name":"wp","href":"https:\/\/api.w.org\/{rel}","templated":true}]}}