{"id":80015,"date":"2023-12-13T23:55:57","date_gmt":"2023-12-13T22:55:57","guid":{"rendered":"https:\/\/www.soanam.de\/?post_type=product&#038;p=80015"},"modified":"2023-12-14T00:00:48","modified_gmt":"2023-12-13T23:00:48","slug":"nike-sportswear-essential-womens-mid-rise-fleece-pant-in-schwarz-groesse-s","status":"publish","type":"product","link":"https:\/\/www.soanam.de\/pl\/produkt\/nike-sportswear-essential-womens-mid-rise-fleece-pant-in-schwarz-groesse-s\/","title":{"rendered":"Nike Sportswear ESSENTIAL WOMENS MID-RISE FLEECE PANT, in Schwarz, Gr\u00f6\u00dfe S"},"content":{"rendered":"<p>Jogginghose von NIKE SPORTSWEAR<br \/>\nElastischer Bund mit Tunnelzug<br \/>\nHaftowane logo<br \/>\nB\u00fcndchen am Beinabschluss<br \/>\nIm Slim Fit<\/p>\n<p>Das neue Lieblingsteil: Die funktionelle Sporthose der Marke Nike Sportswear.<br \/>\nVersehen mit einer Logostickerei, elastischem Bund mit Tunnelzug und B\u00fcndchen am Beinabschluss.<br \/>\nKombinierbar f\u00fcr sportliche Aktivit\u00e4ten, die klassische Sporthose f\u00fcr jeden Tag.<\/p>\n<p>Materia\u0142: bawe\u0142na 80%, poliester 20%<br \/>\nWskaz\u00f3wki dotycz\u0105ce piel\u0119gnacji: Pra\u0107 w pralce<\/p>\n<p>Kolor: czarny<br \/>\nWz\u00f3r: bez<br \/>\nRozmiar: S<\/p>\n<p>Bundweite: 68m<br \/>\nObw\u00f3d bioder: 98 cm<br \/>\nD\u0142ugo\u015b\u0107 stopnia: 70 cm<br \/>\nCa\u0142kowita d\u0142ugo\u015b\u0107: 96 cm<\/p>","protected":false},"excerpt":{"rendered":"<table class=\"dv_characteristicsTable\">\n<tbody>\n<tr>\n<td class=\"left\">Rozmiar<\/td>\n<td>S<\/td>\n<\/tr>\n<tr>\n<td class=\"left\">Gr\u00f6\u00dfentyp<\/td>\n<td>Normalgr\u00f6\u00dfen<\/td>\n<\/tr>\n<tr>\n<td class=\"left\">Sk\u0142ad materia\u0142u<\/td>\n<td>Obermaterial: 80% Baumwolle, 20% Polyester<\/td>\n<\/tr>\n<tr>\n<td class=\"left\">Instrukcje dotycz\u0105ce piel\u0119gnacji<\/td>\n<td>Pranie w pralce<\/td>\n<\/tr>\n<tr>\n<td class=\"left\">Stil<\/td>\n<td>sportlich<\/td>\n<\/tr>\n<tr>\n<td class=\"left\">Kolor<\/td>\n<td>schwarz<\/td>\n<\/tr>\n<tr>\n<td class=\"left\">Bundabschluss<\/td>\n<td>elastischer Bund<\/td>\n<\/tr>\n<tr>\n<td class=\"left\">Bundabschlussdetails<\/td>\n<td>mit Tunnelzug<\/td>\n<\/tr>\n<tr>\n<td class=\"left\">Beinabschluss<\/td>\n<td>B\u00fcndchen<\/td>\n<\/tr>\n<tr>\n<td class=\"left\">Applikationen<\/td>\n<td>Haftowane logo<\/td>\n<\/tr>\n<\/tbody>\n<\/table>","protected":false},"featured_media":80168,"comment_status":"open","ping_status":"closed","template":"","meta":{"_seopress_robots_primary_cat":"","_seopress_titles_title":"","_seopress_titles_desc":"","_seopress_robots_index":""},"product_brand":[],"product_cat":[1348,1402,1584],"product_tag":[],"class_list":{"0":"post-80015","1":"product","2":"type-product","3":"status-publish","4":"has-post-thumbnail","6":"product_cat-damen-mode","7":"product_cat-sportbekleidung-damen-mode","8":"product_cat-jogginghosen-sportbekleidung-damen-mode","9":"product_shipping_class-standard-versand","11":"first","12":"instock","13":"sale","14":"taxable","15":"shipping-taxable","16":"purchasable","17":"product-type-simple"},"_links":{"self":[{"href":"https:\/\/www.soanam.de\/pl\/wp-json\/wp\/v2\/product\/80015","targetHints":{"allow":["GET"]}}],"collection":[{"href":"https:\/\/www.soanam.de\/pl\/wp-json\/wp\/v2\/product"}],"about":[{"href":"https:\/\/www.soanam.de\/pl\/wp-json\/wp\/v2\/types\/product"}],"replies":[{"embeddable":true,"href":"https:\/\/www.soanam.de\/pl\/wp-json\/wp\/v2\/comments?post=80015"}],"wp:featuredmedia":[{"embeddable":true,"href":"https:\/\/www.soanam.de\/pl\/wp-json\/wp\/v2\/media\/80168"}],"wp:attachment":[{"href":"https:\/\/www.soanam.de\/pl\/wp-json\/wp\/v2\/media?parent=80015"}],"wp:term":[{"taxonomy":"product_brand","embeddable":true,"href":"https:\/\/www.soanam.de\/pl\/wp-json\/wp\/v2\/product_brand?post=80015"},{"taxonomy":"product_cat","embeddable":true,"href":"https:\/\/www.soanam.de\/pl\/wp-json\/wp\/v2\/product_cat?post=80015"},{"taxonomy":"product_tag","embeddable":true,"href":"https:\/\/www.soanam.de\/pl\/wp-json\/wp\/v2\/product_tag?post=80015"}],"curies":[{"name":"wp","href":"https:\/\/api.w.org\/{rel}","templated":true}]}}