{"id":79995,"date":"2023-12-13T23:55:32","date_gmt":"2023-12-13T22:55:32","guid":{"rendered":"https:\/\/www.soanam.de\/?post_type=product&#038;p=79995"},"modified":"2023-12-14T00:00:30","modified_gmt":"2023-12-13T23:00:30","slug":"lascana-active-leggings-mit-reflektorprint-in-schwarz-groesse-32-34","status":"publish","type":"product","link":"https:\/\/www.soanam.de\/pl\/produkt\/lascana-active-leggings-mit-reflektorprint-in-schwarz-groesse-32-34\/","title":{"rendered":"LASCANA ACTIVE Leggings mit Reflektorprint, in Schwarz, Gr\u00f6\u00dfe 32\/34"},"content":{"rendered":"<p>Leggings von LASCANA ACTIVE<br \/>\nMit optischen Reflektorprint<br \/>\nMit breitem elastischen Bund<br \/>\nZ kieszeni\u0105 na telefon kom\u00f3rkowy<br \/>\nReflektierendes Logodetail<br \/>\nAus elastischer Baumwollmischung<\/p>\n<p>W\u00e4hrend der hohe Formbund optisch strafft und so f\u00fcr eine schmeichelnde Silhouette sorgt, unterst\u00fctzt die Jerseyqualit\u00e4t jede deiner Bewegungen.<br \/>\nRichtig individuell wird das Design dank des optischen Reflektorprint, welcher sich \u00fcber die Hosenbeine schl\u00e4ngelt. Eine Handytasche verbindet Optik mit Funktionalit\u00e4t.<\/p>\n<p>Material: 92% Baumwolle , 8% Elasthan<br \/>\nWskaz\u00f3wki dotycz\u0105ce piel\u0119gnacji: Pra\u0107 w pralce<\/p>\n<p>Kolor: czarny<br \/>\nMuster: Reflektorprint<br \/>\nRozmiar: 32\/34<\/p>\n<p>Rozmiar talii: 78 cm<br \/>\nObw\u00f3d bioder: 84 cm<br \/>\nSchrittl\u00e4nge: 69cm<br \/>\nCa\u0142kowita d\u0142ugo\u015b\u0107: 92 cm<\/p>","protected":false},"excerpt":{"rendered":"<table class=\"dv_characteristicsTable\">\n<tbody>\n<tr>\n<td class=\"left\">Rozmiar<\/td>\n<td>32\/34<\/td>\n<\/tr>\n<tr>\n<td class=\"left\">Gr\u00f6\u00dfentyp<\/td>\n<td>Normalgr\u00f6\u00dfen<\/td>\n<\/tr>\n<tr>\n<td class=\"left\">Sk\u0142ad materia\u0142u<\/td>\n<td>Obermaterial: 92% Baumwolle\u00a0, 8% Elasthan<\/td>\n<\/tr>\n<tr>\n<td class=\"left\">Materialeigenschaften<\/td>\n<td>elastisch, atmungsaktiv, schnell trocknend<\/td>\n<\/tr>\n<tr>\n<td class=\"left\">Instrukcje dotycz\u0105ce piel\u0119gnacji<\/td>\n<td>Pranie w pralce<\/td>\n<\/tr>\n<tr>\n<td class=\"left\">Optik<\/td>\n<td>unifarben<\/td>\n<\/tr>\n<tr>\n<td class=\"left\">Stil<\/td>\n<td>sportlich<\/td>\n<\/tr>\n<tr>\n<td class=\"left\">Kolor<\/td>\n<td>schwarz<\/td>\n<\/tr>\n<tr>\n<td class=\"left\">Leibh\u00f6he<\/td>\n<td>normal<\/td>\n<\/tr>\n<tr>\n<td class=\"left\">Bundabschluss<\/td>\n<td>breiter Bund<\/td>\n<\/tr>\n<tr>\n<td class=\"left\">Beinabschluss<\/td>\n<td>abgerundeter Saum<\/td>\n<\/tr>\n<tr>\n<td class=\"left\">Beinform<\/td>\n<td>schmal<\/td>\n<\/tr>\n<tr>\n<td class=\"left\">Dopasowanie<\/td>\n<td>figurbetont<\/td>\n<\/tr>\n<tr>\n<td class=\"left\">Schnittform L\u00e4nge<\/td>\n<td>lang<\/td>\n<\/tr>\n<tr>\n<td class=\"left\">Applikationen<\/td>\n<td>Logodruck, reflektierende Details<\/td>\n<\/tr>\n<tr>\n<td class=\"left\">Torby<\/td>\n<td>Handytasche, Au\u00dfentasche<\/td>\n<\/tr>\n<tr>\n<td class=\"left\">Besondere Merkmale<\/td>\n<td>mit reflektierende Details und Handytasche<\/td>\n<\/tr>\n<tr>\n<td class=\"left\">Sportart<\/td>\n<td>Fitness, Laufen, Yoga<\/td>\n<\/tr>\n<\/tbody>\n<\/table>","protected":false},"featured_media":80153,"comment_status":"open","ping_status":"closed","template":"","meta":{"_seopress_robots_primary_cat":"","_seopress_titles_title":"","_seopress_titles_desc":"","_seopress_robots_index":""},"product_brand":[],"product_cat":[1348,1402,1589],"product_tag":[],"class_list":{"0":"post-79995","1":"product","2":"type-product","3":"status-publish","4":"has-post-thumbnail","6":"product_cat-damen-mode","7":"product_cat-sportbekleidung-damen-mode","8":"product_cat-leggings-sportbekleidung-damen-mode","9":"product_shipping_class-standard-versand","11":"first","12":"instock","13":"taxable","14":"shipping-taxable","15":"purchasable","16":"product-type-simple"},"_links":{"self":[{"href":"https:\/\/www.soanam.de\/pl\/wp-json\/wp\/v2\/product\/79995","targetHints":{"allow":["GET"]}}],"collection":[{"href":"https:\/\/www.soanam.de\/pl\/wp-json\/wp\/v2\/product"}],"about":[{"href":"https:\/\/www.soanam.de\/pl\/wp-json\/wp\/v2\/types\/product"}],"replies":[{"embeddable":true,"href":"https:\/\/www.soanam.de\/pl\/wp-json\/wp\/v2\/comments?post=79995"}],"wp:featuredmedia":[{"embeddable":true,"href":"https:\/\/www.soanam.de\/pl\/wp-json\/wp\/v2\/media\/80153"}],"wp:attachment":[{"href":"https:\/\/www.soanam.de\/pl\/wp-json\/wp\/v2\/media?parent=79995"}],"wp:term":[{"taxonomy":"product_brand","embeddable":true,"href":"https:\/\/www.soanam.de\/pl\/wp-json\/wp\/v2\/product_brand?post=79995"},{"taxonomy":"product_cat","embeddable":true,"href":"https:\/\/www.soanam.de\/pl\/wp-json\/wp\/v2\/product_cat?post=79995"},{"taxonomy":"product_tag","embeddable":true,"href":"https:\/\/www.soanam.de\/pl\/wp-json\/wp\/v2\/product_tag?post=79995"}],"curies":[{"name":"wp","href":"https:\/\/api.w.org\/{rel}","templated":true}]}}