{"id":79992,"date":"2023-12-13T23:55:31","date_gmt":"2023-12-13T22:55:31","guid":{"rendered":"https:\/\/www.soanam.de\/?post_type=product&#038;p=79992"},"modified":"2023-12-14T00:00:15","modified_gmt":"2023-12-13T23:00:15","slug":"wenko-turbo-loc-uchwyt-do-suszarki-do-wlosow-mocowanie-bez-wiercenia-uchwyt-na-kabel","status":"publish","type":"product","link":"https:\/\/www.soanam.de\/pl\/produkt\/wenko-turbo-loc-haartrocknerhalter-befestigen-ohne-bohren-kabelhalter\/","title":{"rendered":"Uchwyt do suszarki do w\u0142os\u00f3w WENKO Turbo-Loc, mocowanie bez wiercenia, uchwyt na kabel"},"content":{"rendered":"<h3>Opis<\/h3>\n<p>Das Turbo-Loc System ist die schnelle und unkomplizierte Befestigungsl\u00f6sung. Kleben statt bohren ist hierbei das Grundprinzip: Egal ob K\u00fcchenrollenhalter, Badhaken oder Ablagekorb - das Klebepad-System liefert im Handumdrehen das perfekte Ergebnis.<\/p>\n<p>Turbo-Loc ist die perfekte Befestigungsalternative f\u00fcr alle, die es komfortabel w\u00fcnschen. Schneller und bequemer geht es nicht. Mit einer Zugkraftbelastung von bis zu 40 kg bew\u00e4hrt sich die Befestigungsserie auch im anspruchsvolleren Terrain.<\/p>\n<p>Die Befestigungsserie Turbo-Loc zeichnet sich durch starken Halt auf allen glatten und leicht strukturierten Oberfl\u00e4chen aus.<br \/>\nDas Spezial-Klebepad erm\u00f6glicht ein schnelles und einfaches Anbringen (belastbar ohne Wartezeit) und kann r\u00fcckstandslos wieder entfernt werden.<br \/>\nMit einer Zugkraftbelastung von bis zu 40 kg bew\u00e4hrt sich die Befestigungsserie auch im anspruchsvolleren Terrain - etwa auf leicht strukturierten Oberfl\u00e4chen.<\/p>","protected":false},"excerpt":{"rendered":"<h3>Artikelmerkmale<\/h3>\n<p>Stan produktu: Nowy z etykiet\u0105: Nowy, nieu\u017cywany i nienoszony produkt w oryginalnym opakowaniu.<\/p>\n<p>Artikelnummer: A4478<br \/>\nEAN: 4008838187708<br \/>\nGewicht: 1 kg<br \/>\nHersteller: Wenko<br \/>\nMarke: Wenko<br \/>\nProduktart: WENKO Turbo-Loc<br \/>\nMontage erforderlich: Nein<br \/>\nAnzahl der Haken-<br \/>\nBreite: 14 cm<br \/>\nGewicht: 200g<br \/>\nHaken-Stil:<br \/>\nH\u00f6he: 7,5 cm<br \/>\nL\u00e4nge: 11,5 cm<br \/>\nModell: WENKO Turbo-Loc<br \/>\nFarbe: Silber<\/p>","protected":false},"featured_media":80142,"comment_status":"open","ping_status":"closed","template":"","meta":{"_seopress_robots_primary_cat":"","_seopress_titles_title":"","_seopress_titles_desc":"","_seopress_robots_index":""},"product_brand":[],"product_cat":[1400,1401],"product_tag":[],"class_list":{"0":"post-79992","1":"product","2":"type-product","3":"status-publish","4":"has-post-thumbnail","6":"product_cat-wohnzubehoer","7":"product_cat-haushaltswaren","8":"product_shipping_class-standard-versand","10":"first","11":"instock","12":"sale","13":"taxable","14":"shipping-taxable","15":"purchasable","16":"product-type-simple"},"_links":{"self":[{"href":"https:\/\/www.soanam.de\/pl\/wp-json\/wp\/v2\/product\/79992","targetHints":{"allow":["GET"]}}],"collection":[{"href":"https:\/\/www.soanam.de\/pl\/wp-json\/wp\/v2\/product"}],"about":[{"href":"https:\/\/www.soanam.de\/pl\/wp-json\/wp\/v2\/types\/product"}],"replies":[{"embeddable":true,"href":"https:\/\/www.soanam.de\/pl\/wp-json\/wp\/v2\/comments?post=79992"}],"wp:featuredmedia":[{"embeddable":true,"href":"https:\/\/www.soanam.de\/pl\/wp-json\/wp\/v2\/media\/80142"}],"wp:attachment":[{"href":"https:\/\/www.soanam.de\/pl\/wp-json\/wp\/v2\/media?parent=79992"}],"wp:term":[{"taxonomy":"product_brand","embeddable":true,"href":"https:\/\/www.soanam.de\/pl\/wp-json\/wp\/v2\/product_brand?post=79992"},{"taxonomy":"product_cat","embeddable":true,"href":"https:\/\/www.soanam.de\/pl\/wp-json\/wp\/v2\/product_cat?post=79992"},{"taxonomy":"product_tag","embeddable":true,"href":"https:\/\/www.soanam.de\/pl\/wp-json\/wp\/v2\/product_tag?post=79992"}],"curies":[{"name":"wp","href":"https:\/\/api.w.org\/{rel}","templated":true}]}}