{"id":79991,"date":"2023-12-13T23:55:31","date_gmt":"2023-12-13T22:55:31","guid":{"rendered":"https:\/\/www.soanam.de\/?post_type=product&#038;p=79991"},"modified":"2023-12-14T00:00:05","modified_gmt":"2023-12-13T23:00:05","slug":"satisfyer-partner-double-plus-remote-partnertoy-plus-paar-und-solo-spielzeug-in-einem","status":"publish","type":"product","link":"https:\/\/www.soanam.de\/pl\/produkt\/satisfyer-partner-double-plus-remote-partnertoy-plus-paar-und-solo-spielzeug-in-einem\/","title":{"rendered":"Satisfyer Partner Double Plus Remote - zabawka partnerska PLUS, zabawka dla par i solo w jednym!"},"content":{"rendered":"<h3>Opis<\/h3>\n<p>Partner Toy Plus Vibrator f\u00fcr Paare in Fernbeziehung in Lila<\/p>\n<p>Der Partner Plus stimuliert ihn und sie w\u00e4hrend des Liebesspiels intensiver. Das Partner-Spielzeug ist U-f\u00f6rmig, sodass ein Schaft auf Ihrer Klitoris liegt, w\u00e4hrend Sie den anderen w\u00e4hrend des Spiels einsetzen. Da beide Wellen mit einem leistungsstarken Motor ausgestattet sind, profitiert nicht nur Ihr Liebesknopf von den intensiven Vibrationen - die M\u00e4nnlichkeit und der G-Punkt Ihres Partners werden gleichzeitig stimuliert. Auf Knopfdruck k\u00f6nnen Sie zwischen drei Vibrationsintensit\u00e4ten und sieben Vibrationsrhythmen w\u00e4hlen, um gemeinsam zum H\u00f6hepunkt zu gelangen.<\/p>\n<p>Gleichzeitig mit den Vibrationen, die auch Ihren Schatz verzaubern, bietet der zus\u00e4tzlich eingesetzte Schaft Ihrem Partner ein aufregendes Gef\u00fchl der Verengung, um Ihr Liebesspiel f\u00fcr ihn noch anregender zu machen. Sie k\u00f6nnen diese gleichzeitige Stimulation \u00fcberall dort genie\u00dfen, wo Sie Lust haben: Dank der wasserdichten Qualit\u00e4t des Partner Plus k\u00f6nnen Sie ein gemeinsames hei\u00dfes Bad noch hei\u00dfer machen. Ein weiteres praktisches Element ist der integrierte Akku: Sie k\u00f6nnen den Partner Plus einfach mit dem mitgelieferten USB-Ladekabel aufladen und Ihr Liebesleben aufpeppen, wann immer Sie Lust haben.<\/p>\n<p>* Paar Spielzeug<br \/>\n* Weiches Silikon<br \/>\n* 2 Motoren<br \/>\n* 4 Programme<br \/>\n* 3 Geschwindigkeiten<br \/>\n* G-Punkt- und Klitorisstimulation<br \/>\n* Einfach zu verwenden<br \/>\n* Wiederaufladbar<br \/>\n* Wasserdicht<\/p>","protected":false},"excerpt":{"rendered":"<h3>Artikelmerkmale<\/h3>\n<p>Stan produktu: Nowy z etykiet\u0105: Nowy, nieu\u017cywany i nienoszony produkt w oryginalnym opakowaniu.<\/p>\n<p>Gr\u00f6\u00dfe: 8.8 cm.<br \/>\nGewicht: 0.254<br \/>\nPower: USB Wiederaufladbar<br \/>\nWasserdicht: Wasserdicht<br \/>\nFarbe: Violett<br \/>\nMaterial: ABS, Silikon<\/p>","protected":false},"featured_media":80132,"comment_status":"open","ping_status":"closed","template":"","meta":{"_seopress_robots_primary_cat":"","_seopress_titles_title":"","_seopress_titles_desc":"","_seopress_robots_index":""},"product_brand":[],"product_cat":[1730],"product_tag":[],"class_list":{"0":"post-79991","1":"product","2":"type-product","3":"status-publish","4":"has-post-thumbnail","6":"product_cat-sonstiges-2","7":"product_shipping_class-standard-versand","9":"first","10":"instock","11":"sale","12":"taxable","13":"shipping-taxable","14":"purchasable","15":"product-type-simple"},"_links":{"self":[{"href":"https:\/\/www.soanam.de\/pl\/wp-json\/wp\/v2\/product\/79991","targetHints":{"allow":["GET"]}}],"collection":[{"href":"https:\/\/www.soanam.de\/pl\/wp-json\/wp\/v2\/product"}],"about":[{"href":"https:\/\/www.soanam.de\/pl\/wp-json\/wp\/v2\/types\/product"}],"replies":[{"embeddable":true,"href":"https:\/\/www.soanam.de\/pl\/wp-json\/wp\/v2\/comments?post=79991"}],"wp:featuredmedia":[{"embeddable":true,"href":"https:\/\/www.soanam.de\/pl\/wp-json\/wp\/v2\/media\/80132"}],"wp:attachment":[{"href":"https:\/\/www.soanam.de\/pl\/wp-json\/wp\/v2\/media?parent=79991"}],"wp:term":[{"taxonomy":"product_brand","embeddable":true,"href":"https:\/\/www.soanam.de\/pl\/wp-json\/wp\/v2\/product_brand?post=79991"},{"taxonomy":"product_cat","embeddable":true,"href":"https:\/\/www.soanam.de\/pl\/wp-json\/wp\/v2\/product_cat?post=79991"},{"taxonomy":"product_tag","embeddable":true,"href":"https:\/\/www.soanam.de\/pl\/wp-json\/wp\/v2\/product_tag?post=79991"}],"curies":[{"name":"wp","href":"https:\/\/api.w.org\/{rel}","templated":true}]}}