{"id":79947,"date":"2023-12-13T23:54:41","date_gmt":"2023-12-13T22:54:41","guid":{"rendered":"https:\/\/www.soanam.de\/?post_type=product&#038;p=79947"},"modified":"2023-12-13T23:57:46","modified_gmt":"2023-12-13T22:57:46","slug":"polsztywne-silikonowe-etui-na-telefon-do-google-pixel-5-etui-ochronne-z-miekka-w-dotyku-konstrukcja-czerwone-2-szklo-pancerne","status":"publish","type":"product","link":"https:\/\/www.soanam.de\/pl\/produkt\/halbsteife-silikon-handyhuelle-fuer-google-pixel-5-schutzhuelle-mit-soft-touch-design-rot-2-panzerglass\/","title":{"rendered":"P\u00f3\u0142sztywne silikonowe etui na telefon kom\u00f3rkowy Google Pixel 5, etui ochronne z mi\u0119kk\u0105 w dotyku konstrukcj\u0105 - czerwone + 2 szk\u0142a pancerne"},"content":{"rendered":"<h3>Opis<\/h3>\n<p>Doskonale chro\u0144 sw\u00f3j Google Pixel 5 dzi\u0119ki temu etui. Jest ono wykonane z wysokiej jako\u015bci, p\u00f3\u0142twardego silikonu i zapewnia smartfonowi doskona\u0142\u0105 ochron\u0119 przed codziennymi uderzeniami i zadrapaniami. Matowy ty\u0142 chroni smartfon przed odciskami palc\u00f3w. Mi\u0119kkie w dotyku wn\u0119trze jest r\u00f3wnie\u017c mi\u0119kkie i chroni ty\u0142 Google Pixel 5 przed zadrapaniami i kurzem.<\/p>\n<p><strong>W\u0142a\u015bciwo\u015bci<\/strong><\/p>\n<p>Silikonowe etui na telefon dla Google Pixel 5<br \/>\nChroni smartfon przed codziennymi uderzeniami, upadkami i zadrapaniami.<br \/>\nMatowy ty\u0142, chroni przed odciskami palc\u00f3w, mi\u0119kkie wn\u0119trze chroni przed zarysowaniami<br \/>\nEtui jest dost\u0119pne w r\u00f3\u017cnych kolorach. Niezb\u0119dne akcesorium dla Twojego smartfona!<br \/>\n\u0141atwy dost\u0119p do wszystkich wa\u017cnych po\u0142\u0105cze\u0144 i funkcji<br \/>\n\u0141atwy do uchwycenia i wygodny do trzymania<br \/>\nNadaje smartfonowi modny wygl\u0105d<br \/>\nIdealne rozwi\u0105zanie do ochrony smartfona.<\/p>","protected":false},"excerpt":{"rendered":"<h3>Artikelmerkmale<\/h3>\n<p>Stan produktu: Nowy z etykiet\u0105: Nowy, nieu\u017cywany i nienoszony produkt w oryginalnym opakowaniu.<\/p>\n<p><strong>Dane techniczne<\/strong><\/p>\n<p>OE-Referenznummer: BACK-FAST-RD-PXL5<br \/>\nMarke: Weycolor<br \/>\nKolor: czerwony<br \/>\nLieferumfang: 1x Soft Touch Schutzh\u00fclle<br \/>\nSonderfunktionen: Sch\u00fctzend<br \/>\nMaterial: Silikongel<br \/>\nKompatibilit\u00e4t des Produkts: Google Pixel 5<\/p>","protected":false},"featured_media":80068,"comment_status":"open","ping_status":"closed","template":"","meta":{"_seopress_robots_primary_cat":"","_seopress_titles_title":"","_seopress_titles_desc":"","_seopress_robots_index":""},"product_brand":[],"product_cat":[1730],"product_tag":[],"class_list":{"0":"post-79947","1":"product","2":"type-product","3":"status-publish","4":"has-post-thumbnail","6":"product_cat-sonstiges-2","7":"product_shipping_class-standard-versand","9":"first","10":"instock","11":"sale","12":"taxable","13":"shipping-taxable","14":"purchasable","15":"product-type-simple"},"_links":{"self":[{"href":"https:\/\/www.soanam.de\/pl\/wp-json\/wp\/v2\/product\/79947","targetHints":{"allow":["GET"]}}],"collection":[{"href":"https:\/\/www.soanam.de\/pl\/wp-json\/wp\/v2\/product"}],"about":[{"href":"https:\/\/www.soanam.de\/pl\/wp-json\/wp\/v2\/types\/product"}],"replies":[{"embeddable":true,"href":"https:\/\/www.soanam.de\/pl\/wp-json\/wp\/v2\/comments?post=79947"}],"wp:featuredmedia":[{"embeddable":true,"href":"https:\/\/www.soanam.de\/pl\/wp-json\/wp\/v2\/media\/80068"}],"wp:attachment":[{"href":"https:\/\/www.soanam.de\/pl\/wp-json\/wp\/v2\/media?parent=79947"}],"wp:term":[{"taxonomy":"product_brand","embeddable":true,"href":"https:\/\/www.soanam.de\/pl\/wp-json\/wp\/v2\/product_brand?post=79947"},{"taxonomy":"product_cat","embeddable":true,"href":"https:\/\/www.soanam.de\/pl\/wp-json\/wp\/v2\/product_cat?post=79947"},{"taxonomy":"product_tag","embeddable":true,"href":"https:\/\/www.soanam.de\/pl\/wp-json\/wp\/v2\/product_tag?post=79947"}],"curies":[{"name":"wp","href":"https:\/\/api.w.org\/{rel}","templated":true}]}}