{"id":79863,"date":"2023-12-13T23:20:42","date_gmt":"2023-12-13T22:20:42","guid":{"rendered":"https:\/\/www.soanam.de\/?post_type=product&#038;p=79863"},"modified":"2023-12-13T23:55:25","modified_gmt":"2023-12-13T22:55:25","slug":"bench-klassische-sweathose-in-schwarz-groesse-44-46","status":"publish","type":"product","link":"https:\/\/www.soanam.de\/pl\/produkt\/bench-klassische-sweathose-in-schwarz-groesse-44-46\/","title":{"rendered":"Bench. Klassische Sweathose, in Schwarz, Gr\u00f6\u00dfe 44\/46"},"content":{"rendered":"<p>Basic Sweathose in bequemer Weite von Bench.<br \/>\nRelaxhose mit Tunnelzugbund zur Weitenregulierung<br \/>\nSeitliche Taschen und kleiner Logo Print auf dem linken Bein<br \/>\nZ mankietami na ko\u0144cach nogawek<br \/>\nHomewear aus weicher Sweatware<\/p>\n<p>Der dehnbare Tunnelzugbund der langen Sweathose mit B\u00fcndchen am Beinabschluss kann individuell reguliert werden.<br \/>\nF\u00fcr den sportlichen Look sorgen die detailreich gestalteten Eingrifftaschen mit Rippblende und der kleine Bench-Schriftzug gleich darunter.<br \/>\nDer softe, leicht strapazierf\u00e4hige Sweatstoff macht die klassische Sweathose von Bench einfach unentbehrlich.<\/p>\n<p>Materia\u0142: bawe\u0142na 60%, poliester 40%<br \/>\nWskaz\u00f3wki dotycz\u0105ce piel\u0119gnacji: Pra\u0107 w pralce<\/p>\n<p>Kolor: czarny<br \/>\nWz\u00f3r: bez<br \/>\nRozmiar: 44\/46<\/p>\n<p>Bundweite: 65cm<br \/>\nObw\u00f3d bioder: 103 cm<br \/>\nD\u0142ugo\u015b\u0107 stopnia: 80 cm<br \/>\nCa\u0142kowita d\u0142ugo\u015b\u0107: 106 cm<\/p>\n<p>&nbsp;<\/p>\n<p>Ten nowy przedmiot jest zwrotem klienta bez etykiety.<\/p>","protected":false},"excerpt":{"rendered":"<table class=\"dv_characteristicsTable\">\n<tbody>\n<tr>\n<td class=\"left\">Rozmiar<\/td>\n<td>44\/46 (S)<\/td>\n<\/tr>\n<tr>\n<td class=\"left\">Gr\u00f6\u00dfentyp<\/td>\n<td>Normalgr\u00f6\u00dfen<\/td>\n<\/tr>\n<tr>\n<td class=\"left\">Sk\u0142ad materia\u0142u<\/td>\n<td>Obermaterial: 60% Baumwolle\u00a0, 40% Polyester<\/td>\n<\/tr>\n<tr>\n<td class=\"left\">Materialart<\/td>\n<td>Sweatware<\/td>\n<\/tr>\n<tr>\n<td class=\"left\">Instrukcje dotycz\u0105ce piel\u0119gnacji<\/td>\n<td>Pranie w pralce<\/td>\n<\/tr>\n<tr>\n<td class=\"left\">Kolor<\/td>\n<td>schwarz<\/td>\n<\/tr>\n<tr>\n<td class=\"left\">Bundabschluss<\/td>\n<td>angesetztes B\u00fcndchen<\/td>\n<\/tr>\n<tr>\n<td class=\"left\">Bundabschlussdetails<\/td>\n<td>mit Gummizug, mit Bindeband<\/td>\n<\/tr>\n<tr>\n<td class=\"left\">Beinabschluss<\/td>\n<td>Pr\u0105\u017ckowane mankiety<\/td>\n<\/tr>\n<tr>\n<td class=\"left\">Beinform<\/td>\n<td>gerade, unten schmal<\/td>\n<\/tr>\n<tr>\n<td class=\"left\">Schnittform L\u00e4nge<\/td>\n<td>lang<\/td>\n<\/tr>\n<tr>\n<td class=\"left\">Applikationen<\/td>\n<td>Druck<\/td>\n<\/tr>\n<tr>\n<td class=\"left\">Torby<\/td>\n<td>Seitennahttaschen<\/td>\n<\/tr>\n<tr>\n<td class=\"left\">Besondere Merkmale<\/td>\n<td>mit B\u00fcndchen unten am Saum<\/td>\n<\/tr>\n<\/tbody>\n<\/table>","protected":false},"featured_media":79985,"comment_status":"open","ping_status":"closed","template":"","meta":{"_seopress_robots_primary_cat":"","_seopress_titles_title":"","_seopress_titles_desc":"","_seopress_robots_index":""},"product_brand":[],"product_cat":[1345,1365,1526],"product_tag":[],"class_list":{"0":"post-79863","1":"product","2":"type-product","3":"status-publish","4":"has-post-thumbnail","6":"product_cat-herrenmode","7":"product_cat-sportbekleidung","8":"product_cat-jogginghosen-sportbekleidung","9":"product_shipping_class-standard-versand","11":"first","12":"instock","13":"sale","14":"taxable","15":"shipping-taxable","16":"purchasable","17":"product-type-simple"},"_links":{"self":[{"href":"https:\/\/www.soanam.de\/pl\/wp-json\/wp\/v2\/product\/79863","targetHints":{"allow":["GET"]}}],"collection":[{"href":"https:\/\/www.soanam.de\/pl\/wp-json\/wp\/v2\/product"}],"about":[{"href":"https:\/\/www.soanam.de\/pl\/wp-json\/wp\/v2\/types\/product"}],"replies":[{"embeddable":true,"href":"https:\/\/www.soanam.de\/pl\/wp-json\/wp\/v2\/comments?post=79863"}],"wp:featuredmedia":[{"embeddable":true,"href":"https:\/\/www.soanam.de\/pl\/wp-json\/wp\/v2\/media\/79985"}],"wp:attachment":[{"href":"https:\/\/www.soanam.de\/pl\/wp-json\/wp\/v2\/media?parent=79863"}],"wp:term":[{"taxonomy":"product_brand","embeddable":true,"href":"https:\/\/www.soanam.de\/pl\/wp-json\/wp\/v2\/product_brand?post=79863"},{"taxonomy":"product_cat","embeddable":true,"href":"https:\/\/www.soanam.de\/pl\/wp-json\/wp\/v2\/product_cat?post=79863"},{"taxonomy":"product_tag","embeddable":true,"href":"https:\/\/www.soanam.de\/pl\/wp-json\/wp\/v2\/product_tag?post=79863"}],"curies":[{"name":"wp","href":"https:\/\/api.w.org\/{rel}","templated":true}]}}