{"id":79843,"date":"2023-12-13T23:20:19","date_gmt":"2023-12-13T22:20:19","guid":{"rendered":"https:\/\/www.soanam.de\/?post_type=product&#038;p=79843"},"modified":"2023-12-13T23:55:09","modified_gmt":"2023-12-13T22:55:09","slug":"bench-relaxhose-mit-seitlichen-streifen-in-rauchrosa-groesse-36-38","status":"publish","type":"product","link":"https:\/\/www.soanam.de\/pl\/produkt\/bench-relaxhose-mit-seitlichen-streifen-in-rauchrosa-groesse-36-38\/","title":{"rendered":"Bench. Relaxhose mit seitlichen Streifen, in Rauchrosa, Gr\u00f6\u00dfe 36\/38"},"content":{"rendered":"<p>Lange Relaxhose von Bench<br \/>\nGerippter Hosenbeinabschluss und Tunnelzugbund<br \/>\nEinsatzstreifen entlang der Seiten<br \/>\nMit bedruckten B\u00e4ndern<br \/>\nSchmale Hosenbeinform<br \/>\nWygodna mieszanka bawe\u0142ny<\/p>\n<p>\u00dcber das bedruckte Band im Tunnelzug kannst du die Sweatpants ganz nach deinen Bed\u00fcrfnissen anpassen.<br \/>\nSeitliche Streifen und schmale Hosenbeine mit geripptem Abschluss lassen das Modell sportlich wirken.<br \/>\nDie angenehme Baumwollmischung begeistert dich mit ihrem tollen Tragegef\u00fchl.<\/p>\n<p>Materia\u0142: bawe\u0142na 65%, poliester 35%<br \/>\nWskaz\u00f3wki dotycz\u0105ce piel\u0119gnacji: Pra\u0107 w pralce<\/p>\n<p>Kolor: przydymiony r\u00f3\u017c<br \/>\nWz\u00f3r: kontrastowe paski<br \/>\nRozmiar: 36\/38<\/p>\n<p>Rozmiar talii: 67 cm<br \/>\nH\u00fcftumfang: 105cm<br \/>\nD\u0142ugo\u015b\u0107 stopnia: 77 cm<br \/>\nCa\u0142kowita d\u0142ugo\u015b\u0107: 101 cm<\/p>","protected":false},"excerpt":{"rendered":"<table class=\"dv_characteristicsTable\">\n<tbody>\n<tr>\n<td class=\"left\">Rozmiar<\/td>\n<td>36\/38<\/td>\n<\/tr>\n<tr>\n<td class=\"left\">Gr\u00f6\u00dfentyp<\/td>\n<td>Normalgr\u00f6\u00dfen<\/td>\n<\/tr>\n<tr>\n<td class=\"left\">Sk\u0142ad materia\u0142u<\/td>\n<td>Obermaterial: 65% Baumwolle\u00a0, 35% Polyester<\/td>\n<\/tr>\n<tr>\n<td class=\"left\">Instrukcje dotycz\u0105ce piel\u0119gnacji<\/td>\n<td>Pranie w pralce<\/td>\n<\/tr>\n<tr>\n<td class=\"left\">Optik<\/td>\n<td>kontrastfarbene Details, unifarben mit Farbeinsatz<\/td>\n<\/tr>\n<tr>\n<td class=\"left\">Stil<\/td>\n<td>casual<\/td>\n<\/tr>\n<tr>\n<td class=\"left\">Kolor<\/td>\n<td>przydymiony r\u00f3\u017c<\/td>\n<\/tr>\n<tr>\n<td class=\"left\">Leibh\u00f6he<\/td>\n<td>normal<\/td>\n<\/tr>\n<tr>\n<td class=\"left\">Bundabschluss<\/td>\n<td>elastischer Bund<\/td>\n<\/tr>\n<tr>\n<td class=\"left\">Bundabschlussdetails<\/td>\n<td>mit Tunnelzug<\/td>\n<\/tr>\n<tr>\n<td class=\"left\">Beinabschluss<\/td>\n<td>B\u00fcndchen<\/td>\n<\/tr>\n<tr>\n<td class=\"left\">Beinform<\/td>\n<td>schmal<\/td>\n<\/tr>\n<tr>\n<td class=\"left\">Dopasowanie<\/td>\n<td>bequem<\/td>\n<\/tr>\n<tr>\n<td class=\"left\">Schnittform L\u00e4nge<\/td>\n<td>lang<\/td>\n<\/tr>\n<tr>\n<td class=\"left\">Applikationen<\/td>\n<td>B\u00e4nder, Bindeband, Kontrastbesatz<\/td>\n<\/tr>\n<tr>\n<td class=\"left\">Torby<\/td>\n<td>Kieszenie<\/td>\n<\/tr>\n<tr>\n<td class=\"left\">Besondere Merkmale<\/td>\n<td>mit bedruckten B\u00e4ndern und seitlichen Streifen<\/td>\n<\/tr>\n<\/tbody>\n<\/table>","protected":false},"featured_media":79973,"comment_status":"open","ping_status":"closed","template":"","meta":{"_seopress_robots_primary_cat":"","_seopress_titles_title":"","_seopress_titles_desc":"","_seopress_robots_index":""},"product_brand":[],"product_cat":[1348,1402,1584],"product_tag":[],"class_list":{"0":"post-79843","1":"product","2":"type-product","3":"status-publish","4":"has-post-thumbnail","6":"product_cat-damen-mode","7":"product_cat-sportbekleidung-damen-mode","8":"product_cat-jogginghosen-sportbekleidung-damen-mode","9":"product_shipping_class-standard-versand","11":"first","12":"instock","13":"taxable","14":"shipping-taxable","15":"purchasable","16":"product-type-simple"},"_links":{"self":[{"href":"https:\/\/www.soanam.de\/pl\/wp-json\/wp\/v2\/product\/79843","targetHints":{"allow":["GET"]}}],"collection":[{"href":"https:\/\/www.soanam.de\/pl\/wp-json\/wp\/v2\/product"}],"about":[{"href":"https:\/\/www.soanam.de\/pl\/wp-json\/wp\/v2\/types\/product"}],"replies":[{"embeddable":true,"href":"https:\/\/www.soanam.de\/pl\/wp-json\/wp\/v2\/comments?post=79843"}],"wp:featuredmedia":[{"embeddable":true,"href":"https:\/\/www.soanam.de\/pl\/wp-json\/wp\/v2\/media\/79973"}],"wp:attachment":[{"href":"https:\/\/www.soanam.de\/pl\/wp-json\/wp\/v2\/media?parent=79843"}],"wp:term":[{"taxonomy":"product_brand","embeddable":true,"href":"https:\/\/www.soanam.de\/pl\/wp-json\/wp\/v2\/product_brand?post=79843"},{"taxonomy":"product_cat","embeddable":true,"href":"https:\/\/www.soanam.de\/pl\/wp-json\/wp\/v2\/product_cat?post=79843"},{"taxonomy":"product_tag","embeddable":true,"href":"https:\/\/www.soanam.de\/pl\/wp-json\/wp\/v2\/product_tag?post=79843"}],"curies":[{"name":"wp","href":"https:\/\/api.w.org\/{rel}","templated":true}]}}