{"id":79767,"date":"2023-12-13T23:18:22","date_gmt":"2023-12-13T22:18:22","guid":{"rendered":"https:\/\/www.soanam.de\/?post_type=product&#038;p=79767"},"modified":"2023-12-13T23:21:36","modified_gmt":"2023-12-13T22:21:36","slug":"zegar-scienny-nomon-pico","status":"publish","type":"product","link":"https:\/\/www.soanam.de\/pl\/produkt\/nomon-pico-wall-clock\/","title":{"rendered":"ZEGAR \u015aCIENNY NOMON PICO"},"content":{"rendered":"<h3>Wyj\u0105tkowy design: zegar \u015bcienny Pico od Nomon<\/h3>\n<div>Zegar \u015bcienny Pico zachwyca minimalistycznym i nietypowym designem - poniewa\u017c dos\u0142ownie wyr\u00f3\u017cnia si\u0119 z t\u0142umu. Wskaz\u00f3wki tego designerskiego zegara wystaj\u0105 poza jego tarcz\u0119. Dzi\u0119ki dyskretnemu wygl\u0105dowi zegar ten z \u0142atwo\u015bci\u0105 wkomponuje si\u0119 w ka\u017cde pomieszczenie.<\/div>\n<h3>Projekt: Jos\u00e9 Mar\u00eda Reina<\/h3>\n<div>Projektantem jest Jos\u00e9 Mar\u00eda Reina, a jego projekty s\u0105 innowacyjne i transcendentalne, zar\u00f3wno pod wzgl\u0119dem formy, jak i doboru materia\u0142\u00f3w. Jego talent wysuwa na pierwszy plan warto\u015b\u0107 estetyczn\u0105 zegarka, nadaj\u0105c przedmiotowi codziennego u\u017cytku niezwyk\u0142e pi\u0119kno dzi\u0119ki specjalnym kszta\u0142tom i materia\u0142om.<\/div>\n<h3>Nomon - wyj\u0105tkowe hiszpa\u0144skie rzemios\u0142o w po\u0142\u0105czeniu z precyzyjn\u0105 niemieck\u0105 technologi\u0105 zegark\u00f3w<\/h3>\n<div><b>Nomon\u00a0<\/b>jest jednym z wiod\u0105cych producent\u00f3w zegar\u00f3w do wn\u0119trz. Hiszpa\u0144ski producent tworzy niezwyk\u0142e zegary, kt\u00f3re s\u0105 r\u0119cznie wykonywane w lokalnej fabryce w Barcelonie.<\/div>\n<h3>Materia\u0142 i format<\/h3>\n<div>Zegar \u015bcienny wykonany jest z drewna, polistyrenu i w\u0142\u00f3kna szklanego. Jego \u015brednica wynosi 40 cm, a g\u0142\u0119boko\u015b\u0107 4,5 cm. Wewn\u0105trz Nomon opiera si\u0119 na wypr\u00f3bowanej i przetestowanej niemieckiej technologii i wykorzystuje mechanizm kwarcowy z Niemiec. Nomon u\u017cywa wy\u0142\u0105cznie drewna pochodz\u0105cego ze zr\u00f3wnowa\u017conej gospodarki le\u015bnej i posiada certyfikaty ECO-RAEE, PEFC i RoHS.<\/div>","protected":false},"excerpt":{"rendered":"<p>\u00dcberragendes Design: Die Pico Wanduhr von Nomon Die\u00a0Pico Wanduhr\u00a0\u00fcberzeugt durch ihr\u00a0minimalistisches und zudem au\u00dfergew\u00f6hnliches Design\u00a0\u2013 denn sie f\u00e4llt im wahrsten Sinne des Wortes aus dem Rahmen. Die Zeiger ragen bei der Designer Uhr \u00fcber das Zifferblatt hinaus. Durch das dezente Auftreten kann diese Uhr sich problemlos in jeden Raum einf\u00fcgen. Design by Jos\u00e9 Mar\u00eda Reina [&hellip;]<\/p>\n","protected":false},"featured_media":79895,"comment_status":"open","ping_status":"closed","template":"","meta":{"_seopress_robots_primary_cat":"","_seopress_titles_title":"","_seopress_titles_desc":"","_seopress_robots_index":""},"product_brand":[],"product_cat":[1400,1420],"product_tag":[],"class_list":{"0":"post-79767","1":"product","2":"type-product","3":"status-publish","4":"has-post-thumbnail","6":"product_cat-wohnzubehoer","7":"product_cat-wohndekoration","8":"product_shipping_class-standard-versand","10":"first","11":"instock","12":"taxable","13":"shipping-taxable","14":"purchasable","15":"product-type-simple"},"_links":{"self":[{"href":"https:\/\/www.soanam.de\/pl\/wp-json\/wp\/v2\/product\/79767","targetHints":{"allow":["GET"]}}],"collection":[{"href":"https:\/\/www.soanam.de\/pl\/wp-json\/wp\/v2\/product"}],"about":[{"href":"https:\/\/www.soanam.de\/pl\/wp-json\/wp\/v2\/types\/product"}],"replies":[{"embeddable":true,"href":"https:\/\/www.soanam.de\/pl\/wp-json\/wp\/v2\/comments?post=79767"}],"wp:featuredmedia":[{"embeddable":true,"href":"https:\/\/www.soanam.de\/pl\/wp-json\/wp\/v2\/media\/79895"}],"wp:attachment":[{"href":"https:\/\/www.soanam.de\/pl\/wp-json\/wp\/v2\/media?parent=79767"}],"wp:term":[{"taxonomy":"product_brand","embeddable":true,"href":"https:\/\/www.soanam.de\/pl\/wp-json\/wp\/v2\/product_brand?post=79767"},{"taxonomy":"product_cat","embeddable":true,"href":"https:\/\/www.soanam.de\/pl\/wp-json\/wp\/v2\/product_cat?post=79767"},{"taxonomy":"product_tag","embeddable":true,"href":"https:\/\/www.soanam.de\/pl\/wp-json\/wp\/v2\/product_tag?post=79767"}],"curies":[{"name":"wp","href":"https:\/\/api.w.org\/{rel}","templated":true}]}}