{"id":79733,"date":"2023-12-13T23:17:34","date_gmt":"2023-12-13T22:17:34","guid":{"rendered":"https:\/\/www.soanam.de\/?post_type=product&#038;p=79733"},"modified":"2023-12-13T23:20:50","modified_gmt":"2023-12-13T22:20:50","slug":"kombinezon-do-biegania-champion-z-pelnym-zamkiem-blyskawicznym-w-kolorze-czarno-szarym-w-cetki-rozmiar-l","status":"publish","type":"product","link":"https:\/\/www.soanam.de\/pl\/produkt\/champion-full-zip-jogginganzug-in-schwarz-grau-meliert-groesse-l\/","title":{"rendered":"Bluza dresowa Champion z pe\u0142nym zamkiem b\u0142yskawicznym, czarno-szara w c\u0119tki, rozmiar L"},"content":{"rendered":"<p>Jogginganzug von Champion<br \/>\nOberteil mit Stehkragen und durchgehenden Rei\u00dfverschluss<br \/>\nOberteil und Unterteil mit seitlichen Eingriffstaschen<br \/>\nGummi und Tunnelzug im Unterteil Bund zum Regulieren der Weite<br \/>\nGerade Hose<br \/>\nLogodruck auf beiden Teilen<\/p>\n<p>Der Champion Full Zip Jogginganzug f\u00fcr Herren ist mit einem weichen Futter versehen und hat einen durchgehenden Rei\u00dfverschluss und einen Stehkragen.<br \/>\nW\u0142a\u015bciwo\u015bci:<br \/>\nPassform: regular fit; elastischer Taillenbund mit Kordelzug<br \/>\nTemperaturregulierung: weiches Futter f\u00fchlt sich angenehm warm an.<br \/>\nTaschen: zwei Taschen in Jacke und Hose<br \/>\nManchetten: leicht-elastische Rippb\u00fcndchen an den \u00c4rmeln und an den Hosenbeinen<\/p>\n<p>Material: 64% Baumwolle, 36% Polyester<br \/>\nWskaz\u00f3wki dotycz\u0105ce piel\u0119gnacji: Pra\u0107 w pralce<\/p>\n<p>Farbe: schwarz-hellgrau<br \/>\nWz\u00f3r: bez<br \/>\nRozmiar: L<\/p>\n<p>Ma\u00dfe Oberteil<br \/>\nSzeroko\u015b\u0107 ramion: 49 cm<br \/>\nSzeroko\u015b\u0107 klatki piersiowej: 116 cm<br \/>\nD\u0142ugo\u015b\u0107 r\u0119kawa: 66 cm<br \/>\nCa\u0142kowita d\u0142ugo\u015b\u0107: 71 cm<\/p>\n<p>Ma\u00dfe Hose<br \/>\nRozmiar talii: 80 cm<br \/>\nH\u00fcftumfang: 109cm<br \/>\nD\u0142ugo\u015b\u0107 stopnia: 79 cm<br \/>\nCa\u0142kowita d\u0142ugo\u015b\u0107: 109 cm<\/p>","protected":false},"excerpt":{"rendered":"<p>Passform: regular fit; elastischer Taillenbund mit Kordelzug<br \/>\nTemperaturregulierung: weiches Futter f\u00fchlt sich angenehm warm an.<br \/>\nTaschen: zwei Taschen in Jacke und Hose<br \/>\nManchetten: leicht-elastische Rippb\u00fcndchen an den \u00c4rmeln und an den Hosenbeinen<\/p>\n<p>Material: 64% Baumwolle, 36% Polyester<br \/>\nWskaz\u00f3wki dotycz\u0105ce piel\u0119gnacji: Pra\u0107 w pralce<\/p>\n<p>Farbe: schwarz-hellgrau<br \/>\nWz\u00f3r: bez<br \/>\nRozmiar: L<\/p>","protected":false},"featured_media":79867,"comment_status":"open","ping_status":"closed","template":"","meta":{"_seopress_robots_primary_cat":"","_seopress_titles_title":"","_seopress_titles_desc":"","_seopress_robots_index":""},"product_brand":[],"product_cat":[1345,1365,1588],"product_tag":[],"class_list":{"0":"post-79733","1":"product","2":"type-product","3":"status-publish","4":"has-post-thumbnail","6":"product_cat-herrenmode","7":"product_cat-sportbekleidung","8":"product_cat-jogginganzuege-sportbekleidung","9":"product_shipping_class-standard-versand","11":"first","12":"instock","13":"taxable","14":"shipping-taxable","15":"purchasable","16":"product-type-simple"},"_links":{"self":[{"href":"https:\/\/www.soanam.de\/pl\/wp-json\/wp\/v2\/product\/79733","targetHints":{"allow":["GET"]}}],"collection":[{"href":"https:\/\/www.soanam.de\/pl\/wp-json\/wp\/v2\/product"}],"about":[{"href":"https:\/\/www.soanam.de\/pl\/wp-json\/wp\/v2\/types\/product"}],"replies":[{"embeddable":true,"href":"https:\/\/www.soanam.de\/pl\/wp-json\/wp\/v2\/comments?post=79733"}],"wp:featuredmedia":[{"embeddable":true,"href":"https:\/\/www.soanam.de\/pl\/wp-json\/wp\/v2\/media\/79867"}],"wp:attachment":[{"href":"https:\/\/www.soanam.de\/pl\/wp-json\/wp\/v2\/media?parent=79733"}],"wp:term":[{"taxonomy":"product_brand","embeddable":true,"href":"https:\/\/www.soanam.de\/pl\/wp-json\/wp\/v2\/product_brand?post=79733"},{"taxonomy":"product_cat","embeddable":true,"href":"https:\/\/www.soanam.de\/pl\/wp-json\/wp\/v2\/product_cat?post=79733"},{"taxonomy":"product_tag","embeddable":true,"href":"https:\/\/www.soanam.de\/pl\/wp-json\/wp\/v2\/product_tag?post=79733"}],"curies":[{"name":"wp","href":"https:\/\/api.w.org\/{rel}","templated":true}]}}