{"id":79731,"date":"2023-12-13T23:17:33","date_gmt":"2023-12-13T22:17:33","guid":{"rendered":"https:\/\/www.soanam.de\/?post_type=product&#038;p=79731"},"modified":"2023-12-13T23:20:44","modified_gmt":"2023-12-13T22:20:44","slug":"puma-jogginghose-in-schwarz-groesse-xl","status":"publish","type":"product","link":"https:\/\/www.soanam.de\/pl\/produkt\/puma-jogginghose-in-schwarz-groesse-xl\/","title":{"rendered":"PUMA Jogginghose, in Schwarz, Gr\u00f6\u00dfe XL"},"content":{"rendered":"<p>Jogginghose von Puma<br \/>\nMit elastischem Bund und Kordel<br \/>\nMit seitlichen Taschen<br \/>\nZ haftowanym logo<\/p>\n<p>Die Markenstickerei auf der Hose ist dezent und hebt doch das Besondere hervor.<br \/>\nDie Hose ist mit einem Gummizug und Kordel ausgestattet und l\u00e4sst sich somit in der Weite regulieren.<br \/>\nSie ist schmal geschnitten, ohne dich in deiner Bewegungsfreiheit einzuengen.<\/p>\n<p>Material: 68% Baumwolle, 32% Polyester<br \/>\nWskaz\u00f3wki dotycz\u0105ce piel\u0119gnacji: Pra\u0107 w pralce<\/p>\n<p>Kolor: czarny<br \/>\nWz\u00f3r: bez<br \/>\nRozmiar: XL<\/p>\n<p>Rozmiar talii: 90 cm<br \/>\nObw\u00f3d bioder: 108 cm<br \/>\nD\u0142ugo\u015b\u0107 stopnia: 79 cm<br \/>\nCa\u0142kowita d\u0142ugo\u015b\u0107: 104 cm<\/p>","protected":false},"excerpt":{"rendered":"<p>Rozmiar: XL<br \/>\nTyp rozmiaru: Regularne rozmiary<br \/>\nKolor: czarny<br \/>\nMaterial: 68% Baumwolle, 32% Polyester<br \/>\nWskaz\u00f3wki dotycz\u0105ce piel\u0119gnacji: Pra\u0107 w pralce<br \/>\nStyl: sportowy<br \/>\nBundabschluss:\u00a0 elastischer Bund<\/p>","protected":false},"featured_media":79864,"comment_status":"open","ping_status":"closed","template":"","meta":{"_seopress_robots_primary_cat":"","_seopress_titles_title":"","_seopress_titles_desc":"","_seopress_robots_index":""},"product_brand":[],"product_cat":[1348,1402,1584],"product_tag":[],"class_list":{"0":"post-79731","1":"product","2":"type-product","3":"status-publish","4":"has-post-thumbnail","6":"product_cat-damen-mode","7":"product_cat-sportbekleidung-damen-mode","8":"product_cat-jogginghosen-sportbekleidung-damen-mode","9":"product_shipping_class-standard-versand","11":"first","12":"instock","13":"taxable","14":"shipping-taxable","15":"purchasable","16":"product-type-simple"},"_links":{"self":[{"href":"https:\/\/www.soanam.de\/pl\/wp-json\/wp\/v2\/product\/79731","targetHints":{"allow":["GET"]}}],"collection":[{"href":"https:\/\/www.soanam.de\/pl\/wp-json\/wp\/v2\/product"}],"about":[{"href":"https:\/\/www.soanam.de\/pl\/wp-json\/wp\/v2\/types\/product"}],"replies":[{"embeddable":true,"href":"https:\/\/www.soanam.de\/pl\/wp-json\/wp\/v2\/comments?post=79731"}],"wp:featuredmedia":[{"embeddable":true,"href":"https:\/\/www.soanam.de\/pl\/wp-json\/wp\/v2\/media\/79864"}],"wp:attachment":[{"href":"https:\/\/www.soanam.de\/pl\/wp-json\/wp\/v2\/media?parent=79731"}],"wp:term":[{"taxonomy":"product_brand","embeddable":true,"href":"https:\/\/www.soanam.de\/pl\/wp-json\/wp\/v2\/product_brand?post=79731"},{"taxonomy":"product_cat","embeddable":true,"href":"https:\/\/www.soanam.de\/pl\/wp-json\/wp\/v2\/product_cat?post=79731"},{"taxonomy":"product_tag","embeddable":true,"href":"https:\/\/www.soanam.de\/pl\/wp-json\/wp\/v2\/product_tag?post=79731"}],"curies":[{"name":"wp","href":"https:\/\/api.w.org\/{rel}","templated":true}]}}