{"id":79730,"date":"2023-12-13T23:17:32","date_gmt":"2023-12-13T22:17:32","guid":{"rendered":"https:\/\/www.soanam.de\/?post_type=product&#038;p=79730"},"modified":"2023-12-13T23:20:39","modified_gmt":"2023-12-13T22:20:39","slug":"lonsdale-dres-rottingdean-czarny-rozmiar-3xl","status":"publish","type":"product","link":"https:\/\/www.soanam.de\/pl\/produkt\/lonsdale-jogginganzug-rottingdean-in-schwarz-groesse-3xl\/","title":{"rendered":"Lonsdale Jogginganzug ROTTINGDEAN, in Schwarz, Gr\u00f6\u00dfe 3XL"},"content":{"rendered":"<p>Jogginganzug von Lonsdale<br \/>\nZ haftowanym logo<br \/>\nWeiche, schwere Sweatware<br \/>\nInnen kuschelig angeraut<\/p>\n<p>Die Markenstickerei auf Jacke und Hose machen das Besondere an diesem sch\u00f6nen 2-teiligen Jogginganzug von Lonsdale aus.<br \/>\nDie Hose ist mit einem Gummizug und Kordel ausgestattet und l\u00e4sst sich somit in der Weite regulieren.<br \/>\nMit seitlichen Taschen in Oberteil und Unterteil sowie einer hinteren Tasche auf der Hose, kannst du alles N\u00f6tige dabei haben.<\/p>\n<p>Materia\u0142: bawe\u0142na 60%, poliester 40%<br \/>\nWskaz\u00f3wki dotycz\u0105ce piel\u0119gnacji: Pra\u0107 w pralce<\/p>\n<p>Kolor: czarny<br \/>\nWz\u00f3r: bez<br \/>\nRozmiar: XXXL<\/p>\n<p>Ma\u00dfe Oberteil<br \/>\nSzeroko\u015b\u0107 ramion: 60 cm<br \/>\nSzeroko\u015b\u0107 klatki piersiowej: 140 cm<br \/>\nD\u0142ugo\u015b\u0107 r\u0119kawa: 69 cm<br \/>\nCa\u0142kowita d\u0142ugo\u015b\u0107: 79 cm<\/p>\n<p>Ma\u00dfe Hose<br \/>\nBundweite: 104 cm<br \/>\nH\u00fcftumfang: 132cm<br \/>\nSchrittl\u00e4nge: 81cm<br \/>\nCa\u0142kowita d\u0142ugo\u015b\u0107: 113 cm<\/p>","protected":false},"excerpt":{"rendered":"<table class=\"dv_characteristicsTable\">\n<tbody>\n<tr>\n<td class=\"left\">Rozmiar<\/td>\n<td>XXXL<\/td>\n<\/tr>\n<tr>\n<td class=\"left\">Gr\u00f6\u00dfentyp<\/td>\n<td>Normalgr\u00f6\u00dfen<\/td>\n<\/tr>\n<\/tbody>\n<\/table>\n<table class=\"dv_characteristicsTable\">\n<caption>MATERIAL<\/caption>\n<tbody>\n<tr>\n<td class=\"left\">Sk\u0142ad materia\u0142u<\/td>\n<td>Obermaterial: 60% Baumwolle, 40% Polyester<\/td>\n<\/tr>\n<tr>\n<td class=\"left\">Materialart<\/td>\n<td>angeraute Sweatware<\/td>\n<\/tr>\n<tr>\n<td class=\"left\">Instrukcje dotycz\u0105ce piel\u0119gnacji<\/td>\n<td>Pranie w pralce<\/td>\n<\/tr>\n<\/tbody>\n<\/table>\n<table class=\"dv_characteristicsTable\">\n<caption>OPTIK\/STIL<\/caption>\n<tbody>\n<tr>\n<td class=\"left\">Optik<\/td>\n<td>unifarben<\/td>\n<\/tr>\n<tr>\n<td class=\"left\">Stil<\/td>\n<td>sportlich<\/td>\n<\/tr>\n<\/tbody>\n<\/table>\n<table class=\"dv_characteristicsTable\">\n<caption>FARBE<\/caption>\n<tbody>\n<tr>\n<td class=\"left\">Kolor<\/td>\n<td>schwarz<\/td>\n<\/tr>\n<\/tbody>\n<\/table>\n<table class=\"dv_characteristicsTable\">\n<caption>PASSFORM\/SCHNITT OBERTEIL<\/caption>\n<tbody>\n<tr>\n<td class=\"left\">\u00c4rmel Oberteil<\/td>\n<td>D\u0142ugi r\u0119kaw<\/td>\n<\/tr>\n<tr>\n<td class=\"left\">\u00c4rmelabschluss Oberteil<\/td>\n<td>Pr\u0105\u017ckowane mankiety<\/td>\n<\/tr>\n<tr>\n<td class=\"left\">Rumpfabschluss Oberteil<\/td>\n<td>Pr\u0105\u017ckowane mankiety<\/td>\n<\/tr>\n<\/tbody>\n<\/table>\n<table class=\"dv_characteristicsTable\">\n<caption>PASSFORM\/SCHNITT UNTERTEIL<\/caption>\n<tbody>\n<tr>\n<td class=\"left\">Bundabschluss Unterteil<\/td>\n<td>elastischer Bund<\/td>\n<\/tr>\n<tr>\n<td class=\"left\">Bundabschlussdetails Unterteil<\/td>\n<td>mit Gummizug<br \/>\nmit Kordelzug<\/td>\n<\/tr>\n<tr>\n<td class=\"left\">Beinabschluss Unterteil<\/td>\n<td>Pr\u0105\u017ckowane mankiety<\/td>\n<\/tr>\n<\/tbody>\n<\/table>\n<table class=\"dv_characteristicsTable\">\n<caption>DETAILS OBERTEIL<\/caption>\n<tbody>\n<tr>\n<td class=\"left\">Applikationen Oberteil<\/td>\n<td>Drukowanie logo<\/td>\n<\/tr>\n<tr>\n<td class=\"left\">Taschen Oberteil<\/td>\n<td>Kieszenie<\/td>\n<\/tr>\n<\/tbody>\n<\/table>\n<table class=\"dv_characteristicsTable\">\n<caption>DETAILS UNTERTEIL<\/caption>\n<tbody>\n<tr>\n<td class=\"left\">Applikationen Unterteil<\/td>\n<td>Drukowanie logo<\/td>\n<\/tr>\n<tr>\n<td class=\"left\">Taschen Unterteil<\/td>\n<td>Kieszenie<\/td>\n<\/tr>\n<\/tbody>\n<\/table>","protected":false},"featured_media":79857,"comment_status":"open","ping_status":"closed","template":"","meta":{"_seopress_robots_primary_cat":"","_seopress_titles_title":"","_seopress_titles_desc":"","_seopress_robots_index":""},"product_brand":[],"product_cat":[1345,1365,1588],"product_tag":[],"class_list":{"0":"post-79730","1":"product","2":"type-product","3":"status-publish","4":"has-post-thumbnail","6":"product_cat-herrenmode","7":"product_cat-sportbekleidung","8":"product_cat-jogginganzuege-sportbekleidung","9":"product_shipping_class-standard-versand","11":"first","12":"instock","13":"sale","14":"taxable","15":"shipping-taxable","16":"purchasable","17":"product-type-simple"},"_links":{"self":[{"href":"https:\/\/www.soanam.de\/pl\/wp-json\/wp\/v2\/product\/79730","targetHints":{"allow":["GET"]}}],"collection":[{"href":"https:\/\/www.soanam.de\/pl\/wp-json\/wp\/v2\/product"}],"about":[{"href":"https:\/\/www.soanam.de\/pl\/wp-json\/wp\/v2\/types\/product"}],"replies":[{"embeddable":true,"href":"https:\/\/www.soanam.de\/pl\/wp-json\/wp\/v2\/comments?post=79730"}],"wp:featuredmedia":[{"embeddable":true,"href":"https:\/\/www.soanam.de\/pl\/wp-json\/wp\/v2\/media\/79857"}],"wp:attachment":[{"href":"https:\/\/www.soanam.de\/pl\/wp-json\/wp\/v2\/media?parent=79730"}],"wp:term":[{"taxonomy":"product_brand","embeddable":true,"href":"https:\/\/www.soanam.de\/pl\/wp-json\/wp\/v2\/product_brand?post=79730"},{"taxonomy":"product_cat","embeddable":true,"href":"https:\/\/www.soanam.de\/pl\/wp-json\/wp\/v2\/product_cat?post=79730"},{"taxonomy":"product_tag","embeddable":true,"href":"https:\/\/www.soanam.de\/pl\/wp-json\/wp\/v2\/product_tag?post=79730"}],"curies":[{"name":"wp","href":"https:\/\/api.w.org\/{rel}","templated":true}]}}