{"id":79710,"date":"2023-12-13T23:17:09","date_gmt":"2023-12-13T22:17:09","guid":{"rendered":"https:\/\/www.soanam.de\/?post_type=product&#038;p=79710"},"modified":"2023-12-13T23:20:25","modified_gmt":"2023-12-13T22:20:25","slug":"h-i-s-trainingsanzug-mit-schriftzug-in-schwarz-rose-gold-groesse-46","status":"publish","type":"product","link":"https:\/\/www.soanam.de\/pl\/produkt\/h-i-s-trainingsanzug-mit-schriftzug-in-schwarz-rose-gold-groesse-46\/","title":{"rendered":"H.I.S Trainingsanzug mit Schriftzug, in Schwarz\/Rose-Gold, Gr\u00f6\u00dfe 46"},"content":{"rendered":"<p>Trainingsanzug von H.I.S<br \/>\nOberteil und Unterteil mit seitlichen Eingriffstaschen<br \/>\nKapuze mit Tunnelzug und kontrastfarbiger Kordel<br \/>\nGummi und Tunnelzug im Unterteil und zum Regulieren der Weite<br \/>\nGro\u00dfer Markenschriftzug<\/p>\n<p>Ein gro\u00dfer Markenschriftzug ziert den Saum der Kapuzenoberteils, das dank des Rei\u00dfverschlusses, der Kordel und der seitlichen Streifen in Kontrastfarbe besonders sch\u00f6n hervorgehoben wird.<br \/>\nDie Hose ist mit einem Tunnelzugbund ausgestattet und l\u00e4sst sich somit in der Weite regulieren.<br \/>\nMit seitlichen Taschen in Oberteil und Unterteil wird der Trainingsanzug von H.I.S super praktisch.<\/p>\n<p>Material: 94% Polyester, 6% Elasthan<br \/>\nWskaz\u00f3wki dotycz\u0105ce piel\u0119gnacji: Pra\u0107 w pralce<\/p>\n<p>Farbe: schwarz\/ros\u00e9goldfarben<br \/>\nWz\u00f3r: bez<br \/>\nRozmiar: 46<\/p>\n<p>Ma\u00dfe Oberteil<br \/>\nSzeroko\u015b\u0107 ramion: 44 cm<br \/>\nSzeroko\u015b\u0107 klatki piersiowej: 116 cm<br \/>\nD\u0142ugo\u015b\u0107 r\u0119kawa: 63 cm<br \/>\nCa\u0142kowita d\u0142ugo\u015b\u0107: 70 cm<\/p>\n<p>Ma\u00dfe Hose<br \/>\nBundweite: 98cm<br \/>\nH\u00fcftumfang: 125cm<br \/>\nD\u0142ugo\u015b\u0107 stopnia: 79 cm<br \/>\nCa\u0142kowita d\u0142ugo\u015b\u0107: 101 cm<\/p>","protected":false},"excerpt":{"rendered":"<table class=\"dv_characteristicsTable\">\n<tbody>\n<tr>\n<td class=\"left\">Rozmiar<\/td>\n<td>46<\/td>\n<\/tr>\n<tr>\n<td class=\"left\">Gr\u00f6\u00dfentyp<\/td>\n<td>Normalgr\u00f6\u00dfen<\/td>\n<\/tr>\n<\/tbody>\n<\/table>\n<table class=\"dv_characteristicsTable\">\n<caption>MATERIAL<\/caption>\n<tbody>\n<tr>\n<td class=\"left\">Sk\u0142ad materia\u0142u<\/td>\n<td>Obermaterial: 94% Polyester, 6% Elasthan<\/td>\n<\/tr>\n<tr>\n<td class=\"left\">Materialeigenschaften<\/td>\n<td>schnell trocknend<\/td>\n<\/tr>\n<tr>\n<td class=\"left\">Instrukcje dotycz\u0105ce piel\u0119gnacji<\/td>\n<td>Pranie w pralce<\/td>\n<\/tr>\n<\/tbody>\n<\/table>\n<table class=\"dv_characteristicsTable\">\n<caption>OPTIK\/STIL<\/caption>\n<tbody>\n<tr>\n<td class=\"left\">Stil<\/td>\n<td>sportlich<\/td>\n<\/tr>\n<\/tbody>\n<\/table>\n<table class=\"dv_characteristicsTable\">\n<caption>FARBE<\/caption>\n<tbody>\n<tr>\n<td class=\"left\">Kolor<\/td>\n<td>schwarz<br \/>\nros\u00e9goldfarben<\/td>\n<\/tr>\n<tr>\n<td class=\"left\">Herstellerfarbbezeichnung<\/td>\n<td>Schwarz\/Rose-Gold<\/td>\n<\/tr>\n<\/tbody>\n<\/table>\n<table class=\"dv_characteristicsTable\">\n<caption>PASSFORM\/SCHNITT OBERTEIL<\/caption>\n<tbody>\n<tr>\n<td class=\"left\">\u00c4rmel Oberteil<\/td>\n<td>D\u0142ugi r\u0119kaw<\/td>\n<\/tr>\n<tr>\n<td class=\"left\">\u00c4rmelabschluss Oberteil<\/td>\n<td>angesetztes B\u00fcndchen<\/td>\n<\/tr>\n<tr>\n<td class=\"left\">Rumpfabschluss Oberteil<\/td>\n<td>angesetztes B\u00fcndchen<\/td>\n<\/tr>\n<tr>\n<td class=\"left\">Schnittdetails Oberteil<\/td>\n<td>Wiener N\u00e4hte<\/td>\n<\/tr>\n<tr>\n<td class=\"left\">Schnittform L\u00e4nge Oberteil<\/td>\n<td>h\u00fcftlang<\/td>\n<\/tr>\n<\/tbody>\n<\/table>\n<table class=\"dv_characteristicsTable\">\n<caption>PASSFORM\/SCHNITT UNTERTEIL<\/caption>\n<tbody>\n<tr>\n<td class=\"left\">Leibh\u00f6he Unterteil<\/td>\n<td>etwas niedriger<\/td>\n<\/tr>\n<tr>\n<td class=\"left\">Bundabschluss Unterteil<\/td>\n<td>elastischer Bund<\/td>\n<\/tr>\n<tr>\n<td class=\"left\">Bundabschlussdetails Unterteil<\/td>\n<td>mit Kordelzug<\/td>\n<\/tr>\n<tr>\n<td class=\"left\">Beinabschluss Unterteil<\/td>\n<td>normaler Saum<\/td>\n<\/tr>\n<tr>\n<td class=\"left\">Schnittform L\u00e4nge Unterteil<\/td>\n<td>lang<\/td>\n<\/tr>\n<\/tbody>\n<\/table>\n<table class=\"dv_characteristicsTable\">\n<caption>DETAILS OBERTEIL<\/caption>\n<tbody>\n<tr>\n<td class=\"left\">Applikationen Oberteil<\/td>\n<td>Drukowanie logo<\/td>\n<\/tr>\n<tr>\n<td class=\"left\">Taschen Oberteil<\/td>\n<td>Kieszenie<\/td>\n<\/tr>\n<tr>\n<td class=\"left\">Kaptur<\/td>\n<td>mit Kapuze<\/td>\n<\/tr>\n<tr>\n<td class=\"left\">Kapuzenf\u00fctterung<\/td>\n<td>bez podszewki<\/td>\n<\/tr>\n<tr>\n<td class=\"left\">Kapuzendetails<\/td>\n<td>mit Kordelzug<\/td>\n<\/tr>\n<tr>\n<td class=\"left\">Verschluss Oberteil<\/td>\n<td>Zamek b\u0142yskawiczny<\/td>\n<\/tr>\n<tr>\n<td class=\"left\">Verschlussdetails Oberteil<\/td>\n<td>durchgehend<\/td>\n<\/tr>\n<\/tbody>\n<\/table>\n<table class=\"dv_characteristicsTable\">\n<caption>DETAILS UNTERTEIL<\/caption>\n<tbody>\n<tr>\n<td class=\"left\">Taschen Unterteil<\/td>\n<td>Kieszenie<\/td>\n<\/tr>\n<\/tbody>\n<\/table>\n<table class=\"dv_characteristicsTable\">\n<caption>SPORTARTDETAILS<\/caption>\n<tbody>\n<tr>\n<td class=\"left\">Sportart<\/td>\n<td>Fitness<\/td>\n<\/tr>\n<\/tbody>\n<\/table>","protected":false},"featured_media":79845,"comment_status":"open","ping_status":"closed","template":"","meta":{"_seopress_robots_primary_cat":"","_seopress_titles_title":"","_seopress_titles_desc":"","_seopress_robots_index":""},"product_brand":[],"product_cat":[1348,1402,1587],"product_tag":[],"class_list":{"0":"post-79710","1":"product","2":"type-product","3":"status-publish","4":"has-post-thumbnail","6":"product_cat-damen-mode","7":"product_cat-sportbekleidung-damen-mode","8":"product_cat-jogginganzuege","9":"product_shipping_class-standard-versand","11":"first","12":"instock","13":"taxable","14":"shipping-taxable","15":"purchasable","16":"product-type-simple"},"_links":{"self":[{"href":"https:\/\/www.soanam.de\/pl\/wp-json\/wp\/v2\/product\/79710","targetHints":{"allow":["GET"]}}],"collection":[{"href":"https:\/\/www.soanam.de\/pl\/wp-json\/wp\/v2\/product"}],"about":[{"href":"https:\/\/www.soanam.de\/pl\/wp-json\/wp\/v2\/types\/product"}],"replies":[{"embeddable":true,"href":"https:\/\/www.soanam.de\/pl\/wp-json\/wp\/v2\/comments?post=79710"}],"wp:featuredmedia":[{"embeddable":true,"href":"https:\/\/www.soanam.de\/pl\/wp-json\/wp\/v2\/media\/79845"}],"wp:attachment":[{"href":"https:\/\/www.soanam.de\/pl\/wp-json\/wp\/v2\/media?parent=79710"}],"wp:term":[{"taxonomy":"product_brand","embeddable":true,"href":"https:\/\/www.soanam.de\/pl\/wp-json\/wp\/v2\/product_brand?post=79710"},{"taxonomy":"product_cat","embeddable":true,"href":"https:\/\/www.soanam.de\/pl\/wp-json\/wp\/v2\/product_cat?post=79710"},{"taxonomy":"product_tag","embeddable":true,"href":"https:\/\/www.soanam.de\/pl\/wp-json\/wp\/v2\/product_tag?post=79710"}],"curies":[{"name":"wp","href":"https:\/\/api.w.org\/{rel}","templated":true}]}}