{"id":79708,"date":"2023-12-13T23:17:08","date_gmt":"2023-12-13T22:17:08","guid":{"rendered":"https:\/\/www.soanam.de\/?post_type=product&#038;p=79708"},"modified":"2023-12-13T23:20:08","modified_gmt":"2023-12-13T22:20:08","slug":"ocean-sportswear-jogginganzug-athleisure-joggingsuit-in-grau-schwarz-groesse-46","status":"publish","type":"product","link":"https:\/\/www.soanam.de\/pl\/produkt\/ocean-sportswear-jogginganzug-athleisure-joggingsuit-in-grau-schwarz-groesse-46\/","title":{"rendered":"Ocean Sportswear Jogginganzug Athleisure Joggingsuit, in Grau \/ Schwarz, Gr\u00f6\u00dfe 46"},"content":{"rendered":"<p>Longsweatshirt und Leggings im Set von Ocean Sportswear<br \/>\nSweatshirt aus weicher Sweat-Qualit\u00e4t, innen warm angeraut<br \/>\nKapuzensweatshirt mit K\u00e4ngurutasche und Extra-L\u00e4nge<br \/>\nGef\u00fctterte Kapuze mit breitem Kordelzug<br \/>\nBequeme Leggings mit Logodruck in Single Jersey Qualit\u00e4t<\/p>\n<p>Bestehend aus einem extralang geschnittenen Kapuzensweatshirt und einer Leggings in Single-Jersey-Qualit\u00e4t, ist das bequeme Duo ein echter Hingucker.<br \/>\nDer l\u00e4ssige Hoodie aus weich angerauter Sweatware verf\u00fcgt \u00fcber eine gef\u00fctterte Kapuze und eine K\u00e4ngurutasche.<br \/>\nDie Leggings wird optisch von einem schimmernden Labelschriftzug seitlich am Bein akzentuiert.<\/p>\n<p>Material: Obermaterial: 60% Baumwolle, 40% Polyester. Unterteil: 95% Baumwolle, 5% Elasthan<br \/>\nWskaz\u00f3wki dotycz\u0105ce piel\u0119gnacji: Pra\u0107 w pralce<\/p>\n<p>Farbe: grey melange\/black<br \/>\nWz\u00f3r: bez<br \/>\nRozmiar: 46<\/p>\n<p>Ma\u00dfe Oberteil<br \/>\nSzeroko\u015b\u0107 ramion: 45 cm<br \/>\nSzeroko\u015b\u0107 klatki piersiowej: 120 cm<br \/>\nD\u0142ugo\u015b\u0107 r\u0119kawa: 66 cm<br \/>\nCa\u0142kowita d\u0142ugo\u015b\u0107: 85 cm<\/p>\n<p>Ma\u00dfe Hose<br \/>\nRozmiar talii: 84 cm<br \/>\nObw\u00f3d bioder: 102 cm<br \/>\nSchrittl\u00e4nge: 69cm<br \/>\nCa\u0142kowita d\u0142ugo\u015b\u0107: 98 cm<\/p>","protected":false},"excerpt":{"rendered":"<table class=\"dv_characteristicsTable\">\n<tbody>\n<tr>\n<td class=\"left\">Rozmiar<\/td>\n<td>46<\/td>\n<\/tr>\n<tr>\n<td class=\"left\">Gr\u00f6\u00dfentyp<\/td>\n<td>Normalgr\u00f6\u00dfen<\/td>\n<\/tr>\n<\/tbody>\n<\/table>\n<table class=\"dv_characteristicsTable\">\n<caption>MATERIAL<\/caption>\n<tbody>\n<tr>\n<td class=\"left\">Sk\u0142ad materia\u0142u<\/td>\n<td>Obermaterial: 60% Baumwolle, 40% Polyester. Unterteil: 95% Baumwolle, 5% Elasthan<\/td>\n<\/tr>\n<tr>\n<td class=\"left\">Instrukcje dotycz\u0105ce piel\u0119gnacji<\/td>\n<td>Pranie w pralce<\/td>\n<\/tr>\n<\/tbody>\n<\/table>\n<table class=\"dv_characteristicsTable\">\n<caption>OPTIK\/STIL<\/caption>\n<tbody>\n<tr>\n<td class=\"left\">Stil<\/td>\n<td>sportlich<\/td>\n<\/tr>\n<\/tbody>\n<\/table>\n<table class=\"dv_characteristicsTable\">\n<caption>FARBE<\/caption>\n<tbody>\n<tr>\n<td class=\"left\">Kolor<\/td>\n<td>grey<\/td>\n<\/tr>\n<tr>\n<td class=\"left\">Herstellerfarbbezeichnung<\/td>\n<td>grey melange\/black<\/td>\n<\/tr>\n<\/tbody>\n<\/table>\n<table class=\"dv_characteristicsTable\">\n<caption>PASSFORM\/SCHNITT OBERTEIL<\/caption>\n<tbody>\n<tr>\n<td class=\"left\">Kragendetails Oberteil<\/td>\n<td>mit Kordelzug<\/td>\n<\/tr>\n<tr>\n<td class=\"left\">\u00c4rmel Oberteil<\/td>\n<td>D\u0142ugi r\u0119kaw<\/td>\n<\/tr>\n<tr>\n<td class=\"left\">\u00c4rmelabschluss Oberteil<\/td>\n<td>Pr\u0105\u017ckowane mankiety<\/td>\n<\/tr>\n<tr>\n<td class=\"left\">Rumpfabschluss Oberteil<\/td>\n<td>Pr\u0105\u017ckowane mankiety<\/td>\n<\/tr>\n<tr>\n<td class=\"left\">Schnittform L\u00e4nge Oberteil<\/td>\n<td>Po-bedeckend<\/td>\n<\/tr>\n<\/tbody>\n<\/table>\n<table class=\"dv_characteristicsTable\">\n<caption>PASSFORM\/SCHNITT UNTERTEIL<\/caption>\n<tbody>\n<tr>\n<td class=\"left\">Leibh\u00f6he Unterteil<\/td>\n<td>komfortabel<\/td>\n<\/tr>\n<tr>\n<td class=\"left\">Bundabschluss Unterteil<\/td>\n<td>elastischer Bund<\/td>\n<\/tr>\n<tr>\n<td class=\"left\">Bundabschlussdetails Unterteil<\/td>\n<td>mit Gummizug<\/td>\n<\/tr>\n<tr>\n<td class=\"left\">Schnittform L\u00e4nge Unterteil<\/td>\n<td>lang<\/td>\n<\/tr>\n<\/tbody>\n<\/table>\n<table class=\"dv_characteristicsTable\">\n<caption>DETAILS OBERTEIL<\/caption>\n<tbody>\n<tr>\n<td class=\"left\">Applikationen Oberteil<\/td>\n<td>Drukowanie logo<\/td>\n<\/tr>\n<tr>\n<td class=\"left\">Taschen Oberteil<\/td>\n<td>Kiesze\u0144 kangurka<\/td>\n<\/tr>\n<tr>\n<td class=\"left\">Kaptur<\/td>\n<td>mit Kapuze<\/td>\n<\/tr>\n<tr>\n<td class=\"left\">Kapuzenf\u00fctterung<\/td>\n<td>Jersey<\/td>\n<\/tr>\n<tr>\n<td class=\"left\">Anzahl Taschen<\/td>\n<td>1 St.<\/td>\n<\/tr>\n<\/tbody>\n<\/table>\n<table class=\"dv_characteristicsTable\">\n<caption>DETAILS UNTERTEIL<\/caption>\n<tbody>\n<tr>\n<td class=\"left\">Applikationen Unterteil<\/td>\n<td>Drukowanie logo<\/td>\n<\/tr>\n<\/tbody>\n<\/table>","protected":false},"featured_media":79834,"comment_status":"open","ping_status":"closed","template":"","meta":{"_seopress_robots_primary_cat":"","_seopress_titles_title":"","_seopress_titles_desc":"","_seopress_robots_index":""},"product_brand":[],"product_cat":[1348,1402,1587],"product_tag":[],"class_list":{"0":"post-79708","1":"product","2":"type-product","3":"status-publish","4":"has-post-thumbnail","6":"product_cat-damen-mode","7":"product_cat-sportbekleidung-damen-mode","8":"product_cat-jogginganzuege","9":"product_shipping_class-standard-versand","11":"first","12":"instock","13":"taxable","14":"shipping-taxable","15":"purchasable","16":"product-type-simple"},"_links":{"self":[{"href":"https:\/\/www.soanam.de\/pl\/wp-json\/wp\/v2\/product\/79708","targetHints":{"allow":["GET"]}}],"collection":[{"href":"https:\/\/www.soanam.de\/pl\/wp-json\/wp\/v2\/product"}],"about":[{"href":"https:\/\/www.soanam.de\/pl\/wp-json\/wp\/v2\/types\/product"}],"replies":[{"embeddable":true,"href":"https:\/\/www.soanam.de\/pl\/wp-json\/wp\/v2\/comments?post=79708"}],"wp:featuredmedia":[{"embeddable":true,"href":"https:\/\/www.soanam.de\/pl\/wp-json\/wp\/v2\/media\/79834"}],"wp:attachment":[{"href":"https:\/\/www.soanam.de\/pl\/wp-json\/wp\/v2\/media?parent=79708"}],"wp:term":[{"taxonomy":"product_brand","embeddable":true,"href":"https:\/\/www.soanam.de\/pl\/wp-json\/wp\/v2\/product_brand?post=79708"},{"taxonomy":"product_cat","embeddable":true,"href":"https:\/\/www.soanam.de\/pl\/wp-json\/wp\/v2\/product_cat?post=79708"},{"taxonomy":"product_tag","embeddable":true,"href":"https:\/\/www.soanam.de\/pl\/wp-json\/wp\/v2\/product_tag?post=79708"}],"curies":[{"name":"wp","href":"https:\/\/api.w.org\/{rel}","templated":true}]}}